{"id":15172,"date":"2023-08-30T18:09:28","date_gmt":"2023-08-30T18:09:28","guid":{"rendered":"https:\/\/theroommarketing.com\/1-consulta-sobre-marketing-empresarial\/"},"modified":"2024-09-17T14:57:30","modified_gmt":"2024-09-17T14:57:30","slug":"1-consulta-sobre-marketing-empresarial","status":"publish","type":"page","link":"https:\/\/theroommarketing.com\/es\/1-consulta-sobre-marketing-empresarial\/","title":{"rendered":"#1 Consulta sobre marketing empresarial"},"content":{"rendered":"\t\t<div data-elementor-type=\"wp-page\" data-elementor-id=\"15172\" class=\"elementor elementor-15172 elementor-12463\" data-elementor-post-type=\"page\">\n\t\t\t\t\t\t<section class=\"elementor-section elementor-top-section elementor-element elementor-element-e8fadae elementor-section-height-min-height elementor-section-boxed elementor-section-height-default elementor-section-items-middle\" data-id=\"e8fadae\" data-element_type=\"section\" data-e-type=\"section\" data-settings=\"{&quot;background_background&quot;:&quot;classic&quot;}\">\n\t\t\t\t\t\t\t<div class=\"elementor-background-overlay\"><\/div>\n\t\t\t\t\t\t\t<div class=\"elementor-container elementor-column-gap-default\">\n\t\t\t\t\t<div class=\"elementor-column elementor-col-100 elementor-top-column elementor-element elementor-element-1b31864\" data-id=\"1b31864\" data-element_type=\"column\" data-e-type=\"column\">\n\t\t\t<div class=\"elementor-widget-wrap elementor-element-populated\">\n\t\t\t\t\t\t<div class=\"elementor-element elementor-element-78fb63d elementor-widget elementor-widget-heading\" data-id=\"78fb63d\" data-element_type=\"widget\" data-e-type=\"widget\" data-widget_type=\"heading.default\">\n\t\t\t\t<div class=\"elementor-widget-container\">\n\t\t\t\t\t<h1 class=\"elementor-heading-title elementor-size-default\">Servicios de consultor\u00eda de marketing empresarial<\/h1>\t\t\t\t<\/div>\n\t\t\t\t<\/div>\n\t\t\t\t\t<\/div>\n\t\t<\/div>\n\t\t\t\t\t<\/div>\n\t\t<\/section>\n\t\t\t\t<section class=\"elementor-section elementor-top-section elementor-element elementor-element-979abac elementor-section-boxed elementor-section-height-default elementor-section-height-default\" data-id=\"979abac\" data-element_type=\"section\" data-e-type=\"section\">\n\t\t\t\t\t\t<div class=\"elementor-container elementor-column-gap-default\">\n\t\t\t\t\t<div class=\"elementor-column elementor-col-100 elementor-top-column elementor-element elementor-element-2783179\" data-id=\"2783179\" data-element_type=\"column\" data-e-type=\"column\">\n\t\t\t<div class=\"elementor-widget-wrap elementor-element-populated\">\n\t\t\t\t\t\t<div class=\"elementor-element elementor-element-b7a005d elementor-widget elementor-widget-text-editor\" data-id=\"b7a005d\" data-element_type=\"widget\" data-e-type=\"widget\" data-widget_type=\"text-editor.default\">\n\t\t\t\t<div class=\"elementor-widget-container\">\n\t\t\t\t\t\t\t\t\t<p><strong>Brillantez estrat\u00e9gica, resultados tangibles<\/strong><br \/>Navega por el din\u00e1mico mundo del marketing con confianza. Nuestros expertos aportan un amplio conocimiento del sector y ofrecen ideas estrat\u00e9gicas que transforman su visi\u00f3n en realidad. Desde el posicionamiento de la marca hasta campa\u00f1as a medida, estamos aqu\u00ed para amplificar la presencia de su empresa en el mercado.<\/p>\n<p><strong>Soluciones personalizadas para cada necesidad<\/strong><br \/>Tu empresa es \u00fanica, y tambi\u00e9n lo son tus retos. Nuestros consultores profundizan en sus objetivos y puntos d\u00e9biles, elaborando estrategias de marketing personalizadas que se ajusten a sus objetivos. Ya se trate de maximizar la notoriedad de la marca, impulsar la participaci\u00f3n en l\u00ednea o lanzar campa\u00f1as espec\u00edficas, tenemos todo lo que necesita.<\/p>\n<p><strong>Toma de decisiones basada en datos<\/strong><br \/>Experimenta el poder de elegir con conocimiento de causa. Nuestro proceso de consulta se basa en el an\u00e1lisis de datos y la investigaci\u00f3n de mercado. Al conocer las tendencias del sector y el comportamiento de los consumidores, le proporcionamos informaci\u00f3n pr\u00e1ctica que gu\u00eda sus iniciativas de marketing hacia el \u00e9xito.<\/p>\n<p><strong>Asociaci\u00f3n colaborativa, impacto duradero<\/strong><br \/>En The Room Marketing, creemos en el trabajo en equipo. Sus aspiraciones combinadas con nuestra experiencia dan como resultado estrategias de marketing que resuenan. Nuestro enfoque colaborativo garantiza que cada estrategia y campa\u00f1a sea un reflejo de la esencia de su marca, impulsando conexiones memorables con su p\u00fablico.<\/p>\n<p><strong>Eficiencia que impulsa el crecimiento<\/strong><br \/>En el vertiginoso mundo de los negocios, la eficiencia es importante. Nuestros servicios de consultor\u00eda optimizan sus esfuerzos de marketing, garantizando que obtenga el m\u00e1ximo rendimiento de cada campa\u00f1a. Mediante la identificaci\u00f3n de oportunidades de mejora y la aplicaci\u00f3n de estrategias racionalizadas, le ayudamos a lograr un crecimiento medible y sostenible.<\/p>\n<p><strong>Tu historia de \u00e9xito empieza aqu\u00ed<\/strong><br \/>El \u00e9xito no es s\u00f3lo un destino, es un viaje. Con The Room Marketing a su lado, ese viaje se vuelve m\u00e1s emocionante y gratificante. Tanto si se trata de una nueva empresa en busca de orientaci\u00f3n como de una marca consolidada que pretende romper barreras, nuestros servicios de consultor\u00eda de marketing empresarial se adaptan a sus ambiciones.<\/p>\n<p><strong>\u00bfEst\u00e1 listo para transformar su marketing?<\/strong><br \/>Mejore su estrategia de marketing y h\u00e1gase un hueco en su sector. Colaboremos, dise\u00f1emos estrategias y creemos campa\u00f1as de marketing que dejen una huella imborrable. P\u00f3ngase en contacto con nosotros hoy mismo para programar una consulta y embarcarse en un viaje transformador hacia la excelencia en marketing con The Room Marketing. Su historia de \u00e9xito le espera. \u00bfEst\u00e1 preparado para escribirla?<\/p>\n\t\t\t\t\t\t\t\t<\/div>\n\t\t\t\t<\/div>\n\t\t\t\t\t<\/div>\n\t\t<\/div>\n\t\t\t\t\t<\/div>\n\t\t<\/section>\n\t\t\t\t<\/div>\n\t\t","protected":false},"excerpt":{"rendered":"<p>Servicios de consultor\u00eda de marketing empresarial Brillantez estrat\u00e9gica, resultados tangiblesNavega por el din\u00e1mico mundo del marketing con confianza. Nuestros expertos aportan un amplio conocimiento del sector y ofrecen ideas estrat\u00e9gicas que transforman su visi\u00f3n en realidad. Desde el posicionamiento de la marca hasta campa\u00f1as a medida, estamos aqu\u00ed para amplificar la presencia de su empresa [&hellip;]<\/p>\n","protected":false},"author":1,"featured_media":15611,"parent":0,"menu_order":0,"comment_status":"closed","ping_status":"closed","template":"","meta":{"_angie_page":false,"site-sidebar-layout":"no-sidebar","site-content-layout":"page-builder","ast-site-content-layout":"full-width-container","site-content-style":"default","site-sidebar-style":"default","ast-global-header-display":"","ast-banner-title-visibility":"","ast-main-header-display":"","ast-hfb-above-header-display":"","ast-hfb-below-header-display":"","ast-hfb-mobile-header-display":"","site-post-title":"disabled","ast-breadcrumbs-content":"","ast-featured-img":"disabled","footer-sml-layout":"","ast-disable-related-posts":"","theme-transparent-header-meta":"","adv-header-id-meta":"","stick-header-meta":"","header-above-stick-meta":"","header-main-stick-meta":"","header-below-stick-meta":"","astra-migrate-meta-layouts":"default","ast-page-background-enabled":"default","ast-page-background-meta":{"desktop":{"background-color":"var(--ast-global-color-4)","background-image":"","background-repeat":"repeat","background-position":"center center","background-size":"auto","background-attachment":"scroll","background-type":"","background-media":"","overlay-type":"","overlay-color":"","overlay-opacity":"","overlay-gradient":""},"tablet":{"background-color":"","background-image":"","background-repeat":"repeat","background-position":"center center","background-size":"auto","background-attachment":"scroll","background-type":"","background-media":"","overlay-type":"","overlay-color":"","overlay-opacity":"","overlay-gradient":""},"mobile":{"background-color":"","background-image":"","background-repeat":"repeat","background-position":"center center","background-size":"auto","background-attachment":"scroll","background-type":"","background-media":"","overlay-type":"","overlay-color":"","overlay-opacity":"","overlay-gradient":""}},"ast-content-background-meta":{"desktop":{"background-color":"var(--ast-global-color-5)","background-image":"","background-repeat":"repeat","background-position":"center center","background-size":"auto","background-attachment":"scroll","background-type":"","background-media":"","overlay-type":"","overlay-color":"","overlay-opacity":"","overlay-gradient":""},"tablet":{"background-color":"var(--ast-global-color-5)","background-image":"","background-repeat":"repeat","background-position":"center center","background-size":"auto","background-attachment":"scroll","background-type":"","background-media":"","overlay-type":"","overlay-color":"","overlay-opacity":"","overlay-gradient":""},"mobile":{"background-color":"var(--ast-global-color-5)","background-image":"","background-repeat":"repeat","background-position":"center center","background-size":"auto","background-attachment":"scroll","background-type":"","background-media":"","overlay-type":"","overlay-color":"","overlay-opacity":"","overlay-gradient":""}},"footnotes":""},"class_list":["post-15172","page","type-page","status-publish","has-post-thumbnail","hentry"],"_links":{"self":[{"href":"https:\/\/theroommarketing.com\/es\/wp-json\/wp\/v2\/pages\/15172","targetHints":{"allow":["GET"]}}],"collection":[{"href":"https:\/\/theroommarketing.com\/es\/wp-json\/wp\/v2\/pages"}],"about":[{"href":"https:\/\/theroommarketing.com\/es\/wp-json\/wp\/v2\/types\/page"}],"author":[{"embeddable":true,"href":"https:\/\/theroommarketing.com\/es\/wp-json\/wp\/v2\/users\/1"}],"replies":[{"embeddable":true,"href":"https:\/\/theroommarketing.com\/es\/wp-json\/wp\/v2\/comments?post=15172"}],"version-history":[{"count":0,"href":"https:\/\/theroommarketing.com\/es\/wp-json\/wp\/v2\/pages\/15172\/revisions"}],"wp:featuredmedia":[{"embeddable":true,"href":"https:\/\/theroommarketing.com\/es\/wp-json\/wp\/v2\/media\/15611"}],"wp:attachment":[{"href":"https:\/\/theroommarketing.com\/es\/wp-json\/wp\/v2\/media?parent=15172"}],"curies":[{"name":"wp","href":"https:\/\/api.w.org\/{rel}","templated":true}]}}