{"id":15186,"date":"2023-08-30T17:23:05","date_gmt":"2023-08-30T17:23:05","guid":{"rendered":"https:\/\/theroommarketing.com\/imprimir\/"},"modified":"2024-09-17T15:01:19","modified_gmt":"2024-09-17T15:01:19","slug":"imprimir","status":"publish","type":"page","link":"https:\/\/theroommarketing.com\/es\/imprimir\/","title":{"rendered":"Impresion"},"content":{"rendered":"\t\t<div data-elementor-type=\"wp-page\" data-elementor-id=\"15186\" class=\"elementor elementor-15186 elementor-12392\" data-elementor-post-type=\"page\">\n\t\t\t\t\t\t<section class=\"elementor-section elementor-top-section elementor-element elementor-element-60c57368 elementor-section-boxed elementor-section-height-default elementor-section-height-default\" data-id=\"60c57368\" data-element_type=\"section\" data-e-type=\"section\" data-settings=\"{&quot;background_background&quot;:&quot;gradient&quot;}\">\n\t\t\t\t\t\t\t<div class=\"elementor-background-overlay\"><\/div>\n\t\t\t\t\t\t\t<div class=\"elementor-container elementor-column-gap-default\">\n\t\t\t\t\t<div class=\"elementor-column elementor-col-50 elementor-top-column elementor-element elementor-element-146c73f5\" data-id=\"146c73f5\" data-element_type=\"column\" data-e-type=\"column\">\n\t\t\t<div class=\"elementor-widget-wrap elementor-element-populated\">\n\t\t\t\t\t\t<div class=\"elementor-element elementor-element-54b21004 elementor-widget__width-initial elementor-absolute animated-slow elementor-hidden-phone elementor-invisible elementor-widget elementor-widget-spacer\" data-id=\"54b21004\" data-element_type=\"widget\" data-e-type=\"widget\" data-settings=\"{&quot;motion_fx_motion_fx_mouse&quot;:&quot;yes&quot;,&quot;motion_fx_mouseTrack_effect&quot;:&quot;yes&quot;,&quot;motion_fx_mouseTrack_direction&quot;:&quot;negative&quot;,&quot;motion_fx_mouseTrack_speed&quot;:{&quot;unit&quot;:&quot;px&quot;,&quot;size&quot;:0.2,&quot;sizes&quot;:[]},&quot;_position&quot;:&quot;absolute&quot;,&quot;_animation&quot;:&quot;fadeIn&quot;,&quot;_animation_delay&quot;:1000}\" data-widget_type=\"spacer.default\">\n\t\t\t\t<div class=\"elementor-widget-container\">\n\t\t\t\t\t\t\t<div class=\"elementor-spacer\">\n\t\t\t<div class=\"elementor-spacer-inner\"><\/div>\n\t\t<\/div>\n\t\t\t\t\t\t<\/div>\n\t\t\t\t<\/div>\n\t\t\t\t<div class=\"elementor-element elementor-element-7240503f elementor-widget__width-initial elementor-absolute animated-slow elementor-hidden-phone elementor-invisible elementor-widget elementor-widget-spacer\" data-id=\"7240503f\" data-element_type=\"widget\" data-e-type=\"widget\" data-settings=\"{&quot;motion_fx_motion_fx_mouse&quot;:&quot;yes&quot;,&quot;motion_fx_mouseTrack_effect&quot;:&quot;yes&quot;,&quot;motion_fx_mouseTrack_speed&quot;:{&quot;unit&quot;:&quot;px&quot;,&quot;size&quot;:0.2,&quot;sizes&quot;:[]},&quot;_position&quot;:&quot;absolute&quot;,&quot;_animation&quot;:&quot;fadeIn&quot;,&quot;_animation_delay&quot;:1000}\" data-widget_type=\"spacer.default\">\n\t\t\t\t<div class=\"elementor-widget-container\">\n\t\t\t\t\t\t\t<div class=\"elementor-spacer\">\n\t\t\t<div class=\"elementor-spacer-inner\"><\/div>\n\t\t<\/div>\n\t\t\t\t\t\t<\/div>\n\t\t\t\t<\/div>\n\t\t\t\t<div class=\"elementor-element elementor-element-d995105 elementor-widget__width-initial elementor-absolute animated-slow elementor-hidden-phone elementor-invisible elementor-widget elementor-widget-spacer\" data-id=\"d995105\" data-element_type=\"widget\" data-e-type=\"widget\" data-settings=\"{&quot;motion_fx_motion_fx_mouse&quot;:&quot;yes&quot;,&quot;motion_fx_mouseTrack_effect&quot;:&quot;yes&quot;,&quot;motion_fx_mouseTrack_speed&quot;:{&quot;unit&quot;:&quot;px&quot;,&quot;size&quot;:0.4,&quot;sizes&quot;:[]},&quot;_position&quot;:&quot;absolute&quot;,&quot;_animation&quot;:&quot;fadeIn&quot;,&quot;_animation_delay&quot;:1000,&quot;motion_fx_mouseTrack_direction&quot;:&quot;negative&quot;}\" data-widget_type=\"spacer.default\">\n\t\t\t\t<div class=\"elementor-widget-container\">\n\t\t\t\t\t\t\t<div class=\"elementor-spacer\">\n\t\t\t<div class=\"elementor-spacer-inner\"><\/div>\n\t\t<\/div>\n\t\t\t\t\t\t<\/div>\n\t\t\t\t<\/div>\n\t\t\t\t<div class=\"elementor-element elementor-element-67b5906 elementor-invisible elementor-widget elementor-widget-heading\" data-id=\"67b5906\" data-element_type=\"widget\" data-e-type=\"widget\" data-settings=\"{&quot;_animation&quot;:&quot;fadeInLeft&quot;}\" data-widget_type=\"heading.default\">\n\t\t\t\t<div class=\"elementor-widget-container\">\n\t\t\t\t\t<h2 class=\"elementor-heading-title elementor-size-default\">Servicio de impresi\u00f3n de The Room Marketing: donde las ideas y la creatividad cobran vida.<\/h2>\t\t\t\t<\/div>\n\t\t\t\t<\/div>\n\t\t\t\t\t<\/div>\n\t\t<\/div>\n\t\t\t\t<div class=\"elementor-column elementor-col-50 elementor-top-column elementor-element elementor-element-4f619fdd elementor-hidden-phone\" data-id=\"4f619fdd\" data-element_type=\"column\" data-e-type=\"column\" data-settings=\"{&quot;background_background&quot;:&quot;gradient&quot;}\">\n\t\t\t<div class=\"elementor-widget-wrap elementor-element-populated\">\n\t\t\t\t\t\t<div class=\"elementor-element elementor-element-6a2aac69 elementor-widget elementor-widget-image\" data-id=\"6a2aac69\" data-element_type=\"widget\" data-e-type=\"widget\" data-widget_type=\"image.default\">\n\t\t\t\t<div class=\"elementor-widget-container\">\n\t\t\t\t\t\t\t\t\t\t\t\t\t\t\t<img fetchpriority=\"high\" decoding=\"async\" width=\"318\" height=\"190\" src=\"https:\/\/theroommarketing.com\/wp-content\/uploads\/2023\/08\/3479-Converted.png\" class=\"attachment-full size-full wp-image-15034\" alt=\"Digital Marketing\" srcset=\"https:\/\/theroommarketing.com\/wp-content\/uploads\/2023\/08\/3479-Converted.png.webp 318w, https:\/\/theroommarketing.com\/wp-content\/uploads\/2023\/08\/3479-Converted-300x179.png.webp 300w\" sizes=\"(max-width: 318px) 100vw, 318px\" title=\"Digital Marketing\">\t\t\t\t\t\t\t\t\t\t\t\t\t\t\t<\/div>\n\t\t\t\t<\/div>\n\t\t\t\t\t<\/div>\n\t\t<\/div>\n\t\t\t\t\t<\/div>\n\t\t<\/section>\n\t\t\t\t<section class=\"elementor-section elementor-top-section elementor-element elementor-element-55642cf7 elementor-section-boxed elementor-section-height-default elementor-section-height-default\" data-id=\"55642cf7\" data-element_type=\"section\" data-e-type=\"section\" data-settings=\"{&quot;background_background&quot;:&quot;classic&quot;}\">\n\t\t\t\t\t\t<div class=\"elementor-container elementor-column-gap-default\">\n\t\t\t\t\t<div class=\"elementor-column elementor-col-50 elementor-top-column elementor-element elementor-element-1245d0c3\" data-id=\"1245d0c3\" data-element_type=\"column\" data-e-type=\"column\" data-settings=\"{&quot;background_background&quot;:&quot;classic&quot;}\">\n\t\t\t<div class=\"elementor-widget-wrap elementor-element-populated\">\n\t\t\t\t\t\t<div class=\"elementor-element elementor-element-9fd3627 elementor-widget elementor-widget-image\" data-id=\"9fd3627\" data-element_type=\"widget\" data-e-type=\"widget\" data-widget_type=\"image.default\">\n\t\t\t\t<div class=\"elementor-widget-container\">\n\t\t\t\t\t\t\t\t\t\t\t\t\t\t\t<img decoding=\"async\" width=\"800\" height=\"600\" src=\"https:\/\/theroommarketing.com\/wp-content\/uploads\/2023\/08\/02.jpg\" class=\"attachment-large size-large wp-image-15032\" alt=\"Digital Marketing\" srcset=\"https:\/\/theroommarketing.com\/wp-content\/uploads\/2023\/08\/02.jpg.webp 800w, https:\/\/theroommarketing.com\/wp-content\/uploads\/2023\/08\/02-300x225.jpg.webp 300w, https:\/\/theroommarketing.com\/wp-content\/uploads\/2023\/08\/02-768x576.jpg.webp 768w\" sizes=\"(max-width: 800px) 100vw, 800px\" title=\"Digital Marketing\">\t\t\t\t\t\t\t\t\t\t\t\t\t\t\t<\/div>\n\t\t\t\t<\/div>\n\t\t\t\t\t<\/div>\n\t\t<\/div>\n\t\t\t\t<div class=\"elementor-column elementor-col-50 elementor-top-column elementor-element elementor-element-59ec401f\" data-id=\"59ec401f\" data-element_type=\"column\" data-e-type=\"column\">\n\t\t\t<div class=\"elementor-widget-wrap elementor-element-populated\">\n\t\t\t\t\t\t<div class=\"elementor-element elementor-element-a8cd3e8 elementor-widget elementor-widget-text-editor\" data-id=\"a8cd3e8\" data-element_type=\"widget\" data-e-type=\"widget\" data-widget_type=\"text-editor.default\">\n\t\t\t\t<div class=\"elementor-widget-container\">\n\t\t\t\t\t\t\t\t\t<p><strong>Eleva tu marca<\/strong><br \/>Transforma la esencia de tu marca en im\u00e1genes cautivadoras que llamen la atenci\u00f3n. Nuestro servicio de impresi\u00f3n elabora materiales de marketing que resuenan con su p\u00fablico, desde elegantes tarjetas de visita que causan una primera impresi\u00f3n inolvidable hasta atractivos folletos que cuentan su historia en cada pliegue.<\/p>\n<p><strong>Calidad que dice mucho<\/strong><br \/>Experimenta el toque de excelencia con nuestra impresi\u00f3n de primera calidad. Utilizamos los mejores materiales y la tecnolog\u00eda m\u00e1s avanzada para garantizar que sus dise\u00f1os sean vivos, n\u00edtidos y dejen un impacto duradero. Nuestra atenci\u00f3n al detalle se extiende a cada esquina y curva, reflejando la profesionalidad que define su negocio.<\/p>\n\t\t\t\t\t\t\t\t<\/div>\n\t\t\t\t<\/div>\n\t\t\t\t\t<\/div>\n\t\t<\/div>\n\t\t\t\t\t<\/div>\n\t\t<\/section>\n\t\t\t\t<section class=\"elementor-section elementor-top-section elementor-element elementor-element-c18efc2 elementor-section-boxed elementor-section-height-default elementor-section-height-default\" data-id=\"c18efc2\" data-element_type=\"section\" data-e-type=\"section\">\n\t\t\t\t\t\t<div class=\"elementor-container elementor-column-gap-default\">\n\t\t\t\t\t<div class=\"elementor-column elementor-col-50 elementor-top-column elementor-element elementor-element-6bbafd8\" data-id=\"6bbafd8\" data-element_type=\"column\" data-e-type=\"column\">\n\t\t\t<div class=\"elementor-widget-wrap elementor-element-populated\">\n\t\t\t\t\t\t<div class=\"elementor-element elementor-element-5714ba4 elementor-widget elementor-widget-image\" data-id=\"5714ba4\" data-element_type=\"widget\" data-e-type=\"widget\" data-widget_type=\"image.default\">\n\t\t\t\t<div class=\"elementor-widget-container\">\n\t\t\t\t\t\t\t\t\t\t\t\t\t\t\t<img decoding=\"async\" width=\"300\" height=\"300\" src=\"https:\/\/theroommarketing.com\/wp-content\/uploads\/2023\/08\/thumb_1267.jpgq1487800718.pagespeed.ce_.XSI5IkLwdP.png\" class=\"attachment-large size-large wp-image-15026\" alt=\"Digital Marketing\" srcset=\"https:\/\/theroommarketing.com\/wp-content\/uploads\/2023\/08\/thumb_1267.jpgq1487800718.pagespeed.ce_.XSI5IkLwdP.png.webp 300w, https:\/\/theroommarketing.com\/wp-content\/uploads\/2023\/08\/thumb_1267.jpgq1487800718.pagespeed.ce_.XSI5IkLwdP-150x150.png.webp 150w\" sizes=\"(max-width: 300px) 100vw, 300px\" title=\"Digital Marketing\">\t\t\t\t\t\t\t\t\t\t\t\t\t\t\t<\/div>\n\t\t\t\t<\/div>\n\t\t\t\t\t<\/div>\n\t\t<\/div>\n\t\t\t\t<div class=\"elementor-column elementor-col-50 elementor-top-column elementor-element elementor-element-1875725\" data-id=\"1875725\" data-element_type=\"column\" data-e-type=\"column\">\n\t\t\t<div class=\"elementor-widget-wrap elementor-element-populated\">\n\t\t\t\t\t\t<div class=\"elementor-element elementor-element-de974f6 elementor-widget elementor-widget-image\" data-id=\"de974f6\" data-element_type=\"widget\" data-e-type=\"widget\" data-widget_type=\"image.default\">\n\t\t\t\t<div class=\"elementor-widget-container\">\n\t\t\t\t\t\t\t\t\t\t\t\t\t\t\t<img loading=\"lazy\" decoding=\"async\" width=\"180\" height=\"360\" src=\"https:\/\/theroommarketing.com\/wp-content\/uploads\/2023\/08\/stand-banner.png\" class=\"attachment-large size-large wp-image-15025\" alt=\"Digital Marketing\" srcset=\"https:\/\/theroommarketing.com\/wp-content\/uploads\/2023\/08\/stand-banner.png.webp 180w, https:\/\/theroommarketing.com\/wp-content\/uploads\/2023\/08\/stand-banner-150x300.png.webp 150w\" sizes=\"(max-width: 180px) 100vw, 180px\" title=\"Digital Marketing\">\t\t\t\t\t\t\t\t\t\t\t\t\t\t\t<\/div>\n\t\t\t\t<\/div>\n\t\t\t\t\t<\/div>\n\t\t<\/div>\n\t\t\t\t\t<\/div>\n\t\t<\/section>\n\t\t\t\t<section class=\"elementor-section elementor-top-section elementor-element elementor-element-a4510b7 elementor-section-boxed elementor-section-height-default elementor-section-height-default\" data-id=\"a4510b7\" data-element_type=\"section\" data-e-type=\"section\">\n\t\t\t\t\t\t<div class=\"elementor-container elementor-column-gap-default\">\n\t\t\t\t\t<div class=\"elementor-column elementor-col-50 elementor-top-column elementor-element elementor-element-39ade88\" data-id=\"39ade88\" data-element_type=\"column\" data-e-type=\"column\">\n\t\t\t<div class=\"elementor-widget-wrap elementor-element-populated\">\n\t\t\t\t\t\t<div class=\"elementor-element elementor-element-eef996e elementor-widget elementor-widget-image\" data-id=\"eef996e\" data-element_type=\"widget\" data-e-type=\"widget\" data-widget_type=\"image.default\">\n\t\t\t\t<div class=\"elementor-widget-container\">\n\t\t\t\t\t\t\t\t\t\t\t\t\t\t\t<img loading=\"lazy\" decoding=\"async\" width=\"400\" height=\"200\" src=\"https:\/\/theroommarketing.com\/wp-content\/uploads\/2023\/08\/table.png\" class=\"attachment-large size-large wp-image-15028\" alt=\"Digital Marketing\" srcset=\"https:\/\/theroommarketing.com\/wp-content\/uploads\/2023\/08\/table.png.webp 400w, https:\/\/theroommarketing.com\/wp-content\/uploads\/2023\/08\/table-300x150.png.webp 300w\" sizes=\"(max-width: 400px) 100vw, 400px\" title=\"Digital Marketing\">\t\t\t\t\t\t\t\t\t\t\t\t\t\t\t<\/div>\n\t\t\t\t<\/div>\n\t\t\t\t\t<\/div>\n\t\t<\/div>\n\t\t\t\t<div class=\"elementor-column elementor-col-50 elementor-top-column elementor-element elementor-element-9f925a9\" data-id=\"9f925a9\" data-element_type=\"column\" data-e-type=\"column\">\n\t\t\t<div class=\"elementor-widget-wrap elementor-element-populated\">\n\t\t\t\t\t\t<div class=\"elementor-element elementor-element-5a0bb25 elementor-widget elementor-widget-image\" data-id=\"5a0bb25\" data-element_type=\"widget\" data-e-type=\"widget\" data-widget_type=\"image.default\">\n\t\t\t\t<div class=\"elementor-widget-container\">\n\t\t\t\t\t\t\t\t\t\t\t\t\t\t\t<img loading=\"lazy\" decoding=\"async\" width=\"300\" height=\"150\" src=\"https:\/\/theroommarketing.com\/wp-content\/uploads\/2023\/08\/2table.jpg\" class=\"attachment-full size-full wp-image-15029\" alt=\"Digital Marketing\" title=\"Digital Marketing\">\t\t\t\t\t\t\t\t\t\t\t\t\t\t\t<\/div>\n\t\t\t\t<\/div>\n\t\t\t\t\t<\/div>\n\t\t<\/div>\n\t\t\t\t\t<\/div>\n\t\t<\/section>\n\t\t\t\t<section class=\"elementor-section elementor-top-section elementor-element elementor-element-5d7fb1e elementor-section-boxed elementor-section-height-default elementor-section-height-default\" data-id=\"5d7fb1e\" data-element_type=\"section\" data-e-type=\"section\">\n\t\t\t\t\t\t<div class=\"elementor-container elementor-column-gap-default\">\n\t\t\t\t\t<div class=\"elementor-column elementor-col-50 elementor-top-column elementor-element elementor-element-339196a\" data-id=\"339196a\" data-element_type=\"column\" data-e-type=\"column\">\n\t\t\t<div class=\"elementor-widget-wrap elementor-element-populated\">\n\t\t\t\t\t\t<div class=\"elementor-element elementor-element-4926624 elementor-widget elementor-widget-image\" data-id=\"4926624\" data-element_type=\"widget\" data-e-type=\"widget\" data-widget_type=\"image.default\">\n\t\t\t\t<div class=\"elementor-widget-container\">\n\t\t\t\t\t\t\t\t\t\t\t\t\t\t\t<img loading=\"lazy\" decoding=\"async\" width=\"871\" height=\"513\" src=\"https:\/\/theroommarketing.com\/wp-content\/uploads\/2023\/08\/banner1.jpg\" class=\"attachment-large size-large wp-image-15030\" alt=\"Digital Marketing\" srcset=\"https:\/\/theroommarketing.com\/wp-content\/uploads\/2023\/08\/banner1.jpg.webp 871w, https:\/\/theroommarketing.com\/wp-content\/uploads\/2023\/08\/banner1-300x177.jpg.webp 300w, https:\/\/theroommarketing.com\/wp-content\/uploads\/2023\/08\/banner1-768x452.jpg.webp 768w\" sizes=\"(max-width: 871px) 100vw, 871px\" title=\"Digital Marketing\">\t\t\t\t\t\t\t\t\t\t\t\t\t\t\t<\/div>\n\t\t\t\t<\/div>\n\t\t\t\t\t<\/div>\n\t\t<\/div>\n\t\t\t\t<div class=\"elementor-column elementor-col-50 elementor-top-column elementor-element elementor-element-f515af1\" data-id=\"f515af1\" data-element_type=\"column\" data-e-type=\"column\">\n\t\t\t<div class=\"elementor-widget-wrap elementor-element-populated\">\n\t\t\t\t\t\t<div class=\"elementor-element elementor-element-1d99af4 elementor-widget elementor-widget-image\" data-id=\"1d99af4\" data-element_type=\"widget\" data-e-type=\"widget\" data-widget_type=\"image.default\">\n\t\t\t\t<div class=\"elementor-widget-container\">\n\t\t\t\t\t\t\t\t\t\t\t\t\t\t\t<img loading=\"lazy\" decoding=\"async\" width=\"243\" height=\"300\" src=\"https:\/\/theroommarketing.com\/wp-content\/uploads\/2023\/08\/2120-243x300.jpg\" class=\"attachment-medium size-medium wp-image-15031\" alt=\"Digital Marketing\" srcset=\"https:\/\/theroommarketing.com\/wp-content\/uploads\/2023\/08\/2120-243x300.jpg.webp 243w, https:\/\/theroommarketing.com\/wp-content\/uploads\/2023\/08\/2120-829x1024.jpg.webp 829w, https:\/\/theroommarketing.com\/wp-content\/uploads\/2023\/08\/2120-768x948.jpg.webp 768w, https:\/\/theroommarketing.com\/wp-content\/uploads\/2023\/08\/2120-1244x1536.jpg.webp 1244w, https:\/\/theroommarketing.com\/wp-content\/uploads\/2023\/08\/2120-1320x1630.jpg.webp 1320w, https:\/\/theroommarketing.com\/wp-content\/uploads\/2023\/08\/2120.jpg.webp 1341w\" sizes=\"(max-width: 243px) 100vw, 243px\" title=\"Digital Marketing\">\t\t\t\t\t\t\t\t\t\t\t\t\t\t\t<\/div>\n\t\t\t\t<\/div>\n\t\t\t\t\t<\/div>\n\t\t<\/div>\n\t\t\t\t\t<\/div>\n\t\t<\/section>\n\t\t\t\t<\/div>\n\t\t","protected":false},"excerpt":{"rendered":"<p>Servicio de impresi\u00f3n de The Room Marketing: donde las ideas y la creatividad cobran vida. Eleva tu marcaTransforma la esencia de tu marca en im\u00e1genes cautivadoras que llamen la atenci\u00f3n. Nuestro servicio de impresi\u00f3n elabora materiales de marketing que resuenan con su p\u00fablico, desde elegantes tarjetas de visita que causan una primera impresi\u00f3n inolvidable hasta [&hellip;]<\/p>\n","protected":false},"author":1,"featured_media":0,"parent":0,"menu_order":0,"comment_status":"closed","ping_status":"closed","template":"","meta":{"site-sidebar-layout":"no-sidebar","site-content-layout":"page-builder","ast-site-content-layout":"full-width-container","site-content-style":"default","site-sidebar-style":"default","ast-global-header-display":"","ast-banner-title-visibility":"","ast-main-header-display":"","ast-hfb-above-header-display":"","ast-hfb-below-header-display":"","ast-hfb-mobile-header-display":"","site-post-title":"disabled","ast-breadcrumbs-content":"","ast-featured-img":"disabled","footer-sml-layout":"","ast-disable-related-posts":"","theme-transparent-header-meta":"","adv-header-id-meta":"","stick-header-meta":"","header-above-stick-meta":"","header-main-stick-meta":"","header-below-stick-meta":"","astra-migrate-meta-layouts":"default","ast-page-background-enabled":"default","ast-page-background-meta":{"desktop":{"background-color":"var(--ast-global-color-4)","background-image":"","background-repeat":"repeat","background-position":"center center","background-size":"auto","background-attachment":"scroll","background-type":"","background-media":"","overlay-type":"","overlay-color":"","overlay-opacity":"","overlay-gradient":""},"tablet":{"background-color":"","background-image":"","background-repeat":"repeat","background-position":"center center","background-size":"auto","background-attachment":"scroll","background-type":"","background-media":"","overlay-type":"","overlay-color":"","overlay-opacity":"","overlay-gradient":""},"mobile":{"background-color":"","background-image":"","background-repeat":"repeat","background-position":"center center","background-size":"auto","background-attachment":"scroll","background-type":"","background-media":"","overlay-type":"","overlay-color":"","overlay-opacity":"","overlay-gradient":""}},"ast-content-background-meta":{"desktop":{"background-color":"var(--ast-global-color-5)","background-image":"","background-repeat":"repeat","background-position":"center center","background-size":"auto","background-attachment":"scroll","background-type":"","background-media":"","overlay-type":"","overlay-color":"","overlay-opacity":"","overlay-gradient":""},"tablet":{"background-color":"var(--ast-global-color-5)","background-image":"","background-repeat":"repeat","background-position":"center center","background-size":"auto","background-attachment":"scroll","background-type":"","background-media":"","overlay-type":"","overlay-color":"","overlay-opacity":"","overlay-gradient":""},"mobile":{"background-color":"var(--ast-global-color-5)","background-image":"","background-repeat":"repeat","background-position":"center center","background-size":"auto","background-attachment":"scroll","background-type":"","background-media":"","overlay-type":"","overlay-color":"","overlay-opacity":"","overlay-gradient":""}},"footnotes":""},"class_list":["post-15186","page","type-page","status-publish","hentry"],"_links":{"self":[{"href":"https:\/\/theroommarketing.com\/es\/wp-json\/wp\/v2\/pages\/15186","targetHints":{"allow":["GET"]}}],"collection":[{"href":"https:\/\/theroommarketing.com\/es\/wp-json\/wp\/v2\/pages"}],"about":[{"href":"https:\/\/theroommarketing.com\/es\/wp-json\/wp\/v2\/types\/page"}],"author":[{"embeddable":true,"href":"https:\/\/theroommarketing.com\/es\/wp-json\/wp\/v2\/users\/1"}],"replies":[{"embeddable":true,"href":"https:\/\/theroommarketing.com\/es\/wp-json\/wp\/v2\/comments?post=15186"}],"version-history":[{"count":3,"href":"https:\/\/theroommarketing.com\/es\/wp-json\/wp\/v2\/pages\/15186\/revisions"}],"predecessor-version":[{"id":18112,"href":"https:\/\/theroommarketing.com\/es\/wp-json\/wp\/v2\/pages\/15186\/revisions\/18112"}],"wp:attachment":[{"href":"https:\/\/theroommarketing.com\/es\/wp-json\/wp\/v2\/media?parent=15186"}],"curies":[{"name":"wp","href":"https:\/\/api.w.org\/{rel}","templated":true}]}}