{"id":15188,"date":"2022-08-05T18:12:16","date_gmt":"2022-08-06T00:12:16","guid":{"rendered":"https:\/\/theroommarketing.com\/compra-de-medios\/"},"modified":"2024-09-17T15:00:37","modified_gmt":"2024-09-17T15:00:37","slug":"compra-de-medios","status":"publish","type":"page","link":"https:\/\/theroommarketing.com\/es\/compra-de-medios\/","title":{"rendered":"Compra de medios"},"content":{"rendered":"\t\t<div data-elementor-type=\"wp-page\" data-elementor-id=\"15188\" class=\"elementor elementor-15188 elementor-9202\" data-elementor-post-type=\"page\">\n\t\t\t\t\t\t<section class=\"elementor-section elementor-top-section elementor-element elementor-element-493d457 elementor-section-height-min-height elementor-section-boxed elementor-section-height-default elementor-section-items-middle\" data-id=\"493d457\" data-element_type=\"section\" data-e-type=\"section\">\n\t\t\t\t\t\t<div class=\"elementor-container elementor-column-gap-default\">\n\t\t\t\t\t<div class=\"elementor-column elementor-col-50 elementor-top-column elementor-element elementor-element-a587075\" data-id=\"a587075\" data-element_type=\"column\" data-e-type=\"column\">\n\t\t\t<div class=\"elementor-widget-wrap elementor-element-populated\">\n\t\t\t\t\t\t<div class=\"elementor-element elementor-element-4b322ec3 elementor-invisible elementor-widget elementor-widget-heading\" data-id=\"4b322ec3\" data-element_type=\"widget\" data-e-type=\"widget\" data-settings=\"{&quot;_animation&quot;:&quot;fadeInLeft&quot;}\" data-widget_type=\"heading.default\">\n\t\t\t\t<div class=\"elementor-widget-container\">\n\t\t\t\t\t<h1 class=\"elementor-heading-title elementor-size-default\">Compra de medios<\/h1>\t\t\t\t<\/div>\n\t\t\t\t<\/div>\n\t\t\t\t<div class=\"elementor-element elementor-element-f37fe1e elementor-invisible elementor-widget elementor-widget-text-editor\" data-id=\"f37fe1e\" data-element_type=\"widget\" data-e-type=\"widget\" data-settings=\"{&quot;_animation&quot;:&quot;fadeIn&quot;}\" data-widget_type=\"text-editor.default\">\n\t\t\t\t<div class=\"elementor-widget-container\">\n\t\t\t\t\t\t\t\t\t<p>Llegar al p\u00fablico adecuado en el momento oportuno<\/p>\n\t\t\t\t\t\t\t\t<\/div>\n\t\t\t\t<\/div>\n\t\t\t\t\t<\/div>\n\t\t<\/div>\n\t\t\t\t<div class=\"elementor-column elementor-col-50 elementor-top-column elementor-element elementor-element-1a76159\" data-id=\"1a76159\" data-element_type=\"column\" data-e-type=\"column\">\n\t\t\t<div class=\"elementor-widget-wrap elementor-element-populated\">\n\t\t\t\t\t\t<div class=\"elementor-element elementor-element-d4223ed elementor-align-center elementor-widget elementor-widget-lottie\" data-id=\"d4223ed\" data-element_type=\"widget\" data-e-type=\"widget\" data-settings=\"{&quot;source_json&quot;:{&quot;url&quot;:&quot;https:\\\/\\\/theroommarketing.com\\\/wp-content\\\/uploads\\\/2022\\\/08\\\/14429-tv.json&quot;,&quot;id&quot;:9216,&quot;size&quot;:&quot;&quot;,&quot;alt&quot;:&quot;&quot;,&quot;source&quot;:&quot;library&quot;},&quot;source&quot;:&quot;media_file&quot;,&quot;caption_source&quot;:&quot;none&quot;,&quot;link_to&quot;:&quot;none&quot;,&quot;trigger&quot;:&quot;arriving_to_viewport&quot;,&quot;viewport&quot;:{&quot;unit&quot;:&quot;%&quot;,&quot;size&quot;:&quot;&quot;,&quot;sizes&quot;:{&quot;start&quot;:0,&quot;end&quot;:100}},&quot;play_speed&quot;:{&quot;unit&quot;:&quot;px&quot;,&quot;size&quot;:1,&quot;sizes&quot;:[]},&quot;start_point&quot;:{&quot;unit&quot;:&quot;%&quot;,&quot;size&quot;:0,&quot;sizes&quot;:[]},&quot;end_point&quot;:{&quot;unit&quot;:&quot;%&quot;,&quot;size&quot;:100,&quot;sizes&quot;:[]},&quot;renderer&quot;:&quot;svg&quot;}\" data-widget_type=\"lottie.default\">\n\t\t\t\t<div class=\"elementor-widget-container\">\n\t\t\t\t\t<div class=\"e-lottie__container\"><div class=\"e-lottie__animation\"><\/div><\/div>\t\t\t\t<\/div>\n\t\t\t\t<\/div>\n\t\t\t\t\t<\/div>\n\t\t<\/div>\n\t\t\t\t\t<\/div>\n\t\t<\/section>\n\t\t\t\t<section class=\"elementor-section elementor-top-section elementor-element elementor-element-7503d4a elementor-section-boxed elementor-section-height-default elementor-section-height-default\" data-id=\"7503d4a\" data-element_type=\"section\" data-e-type=\"section\" data-settings=\"{&quot;background_background&quot;:&quot;classic&quot;,&quot;shape_divider_top&quot;:&quot;triangle-asymmetrical&quot;}\">\n\t\t\t\t\t<div class=\"elementor-shape elementor-shape-top\" aria-hidden=\"true\" data-negative=\"false\">\n\t\t\t<svg xmlns=\"http:\/\/www.w3.org\/2000\/svg\" viewBox=\"0 0 1000 100\" preserveAspectRatio=\"none\">\n\t<path class=\"elementor-shape-fill\" d=\"M738,99l262-93V0H0v5.6L738,99z\"\/>\n<\/svg>\t\t<\/div>\n\t\t\t\t\t<div class=\"elementor-container elementor-column-gap-default\">\n\t\t\t\t\t<div class=\"elementor-column elementor-col-50 elementor-top-column elementor-element elementor-element-1e4a2520\" data-id=\"1e4a2520\" data-element_type=\"column\" data-e-type=\"column\" data-settings=\"{&quot;background_background&quot;:&quot;classic&quot;}\">\n\t\t\t<div class=\"elementor-widget-wrap elementor-element-populated\">\n\t\t\t\t\t\t<div class=\"elementor-element elementor-element-9f0a80f elementor-widget elementor-widget-image\" data-id=\"9f0a80f\" data-element_type=\"widget\" data-e-type=\"widget\" data-widget_type=\"image.default\">\n\t\t\t\t<div class=\"elementor-widget-container\">\n\t\t\t\t\t\t\t\t\t\t\t\t\t\t\t<img fetchpriority=\"high\" decoding=\"async\" width=\"640\" height=\"427\" src=\"https:\/\/theroommarketing.com\/wp-content\/uploads\/2022\/08\/tv.webp\" class=\"attachment-large size-large wp-image-14376\" alt=\"Digital Marketing\" title=\"Digital Marketing\">\t\t\t\t\t\t\t\t\t\t\t\t\t\t\t<\/div>\n\t\t\t\t<\/div>\n\t\t\t\t\t<\/div>\n\t\t<\/div>\n\t\t\t\t<div class=\"elementor-column elementor-col-50 elementor-top-column elementor-element elementor-element-4bca279b\" data-id=\"4bca279b\" data-element_type=\"column\" data-e-type=\"column\">\n\t\t\t<div class=\"elementor-widget-wrap elementor-element-populated\">\n\t\t\t\t\t\t<div class=\"elementor-element elementor-element-267b5fd0 elementor-widget elementor-widget-heading\" data-id=\"267b5fd0\" data-element_type=\"widget\" data-e-type=\"widget\" data-widget_type=\"heading.default\">\n\t\t\t\t<div class=\"elementor-widget-container\">\n\t\t\t\t\t<h2 class=\"elementor-heading-title elementor-size-default\">Compra de medios<\/h2>\t\t\t\t<\/div>\n\t\t\t\t<\/div>\n\t\t\t\t<div class=\"elementor-element elementor-element-c49401b elementor-widget elementor-widget-text-editor\" data-id=\"c49401b\" data-element_type=\"widget\" data-e-type=\"widget\" data-widget_type=\"text-editor.default\">\n\t\t\t\t<div class=\"elementor-widget-container\">\n\t\t\t\t\t\t\t\t\t<p>Es hora de dejar de preocuparse por sus anuncios de radio, televisi\u00f3n o streaming.<\/p>\n<p>Con The Room Marketing, puede centrarse en su negocio y dejar que nosotros nos encarguemos del resto. Nosotros nos encargamos de comprar su tiempo de radio, para que usted pueda volver a lo que m\u00e1s le importa: dirigir su empresa.<\/p>\n<p>Sabemos que llevar un negocio ya es bastante dif\u00edcil sin tener que preocuparse de comprar y programar sus anuncios de radio, as\u00ed que se lo ponemos f\u00e1cil. Nuestro equipo trabajar\u00e1 con usted para encontrar las horas adecuadas para sus anuncios y asegurarse de que se programan con suficiente antelaci\u00f3n, para que pueda estar seguro de que su mensaje se escuchar\u00e1 cuando m\u00e1s importa.<\/p>\n<p>Tambi\u00e9n ofrecemos servicios creativos si necesitas ayuda para dar con la idea o el mensaje perfectos para tu anuncio.<\/p>\n\t\t\t\t\t\t\t\t<\/div>\n\t\t\t\t<\/div>\n\t\t\t\t\t<\/div>\n\t\t<\/div>\n\t\t\t\t\t<\/div>\n\t\t<\/section>\n\t\t\t\t<section class=\"elementor-section elementor-top-section elementor-element elementor-element-9761529 elementor-section-full_width elementor-section-height-default elementor-section-height-default\" data-id=\"9761529\" data-element_type=\"section\" data-e-type=\"section\">\n\t\t\t\t\t\t<div class=\"elementor-container elementor-column-gap-default\">\n\t\t\t\t\t<div class=\"elementor-column elementor-col-100 elementor-top-column elementor-element elementor-element-9b47a57\" data-id=\"9b47a57\" data-element_type=\"column\" data-e-type=\"column\">\n\t\t\t<div class=\"elementor-widget-wrap elementor-element-populated\">\n\t\t\t\t\t\t<div class=\"elementor-element elementor-element-c6c856f elementor-pagination-position-outside elementor-widget elementor-widget-image-carousel\" data-id=\"c6c856f\" data-element_type=\"widget\" data-e-type=\"widget\" data-settings=\"{&quot;slides_to_show&quot;:&quot;8&quot;,&quot;slides_to_show_mobile&quot;:&quot;2&quot;,&quot;slides_to_scroll&quot;:&quot;3&quot;,&quot;navigation&quot;:&quot;dots&quot;,&quot;autoplay_speed&quot;:3800,&quot;autoplay&quot;:&quot;yes&quot;,&quot;pause_on_hover&quot;:&quot;yes&quot;,&quot;pause_on_interaction&quot;:&quot;yes&quot;,&quot;infinite&quot;:&quot;yes&quot;,&quot;speed&quot;:500}\" data-widget_type=\"image-carousel.default\">\n\t\t\t\t<div class=\"elementor-widget-container\">\n\t\t\t\t\t\t\t<div class=\"elementor-image-carousel-wrapper swiper\" role=\"region\" aria-roledescription=\"carousel\" aria-label=\"Carrusel de im\u00e1genes\" dir=\"ltr\">\n\t\t\t<div class=\"elementor-image-carousel swiper-wrapper\" aria-live=\"off\">\n\t\t\t\t\t\t\t\t<div class=\"swiper-slide\" role=\"group\" aria-roledescription=\"slide\" aria-label=\"1 de 11\"><figure class=\"swiper-slide-inner\"><img decoding=\"async\" class=\"swiper-slide-image\" src=\"https:\/\/theroommarketing.com\/wp-content\/uploads\/2022\/08\/tubi.jpg\" alt=\"Digital Marketing\" title=\"Digital Marketing\"><\/figure><\/div><div class=\"swiper-slide\" role=\"group\" aria-roledescription=\"slide\" aria-label=\"2 de 11\"><figure class=\"swiper-slide-inner\"><img decoding=\"async\" class=\"swiper-slide-image\" src=\"https:\/\/theroommarketing.com\/wp-content\/uploads\/2022\/08\/spotify.jpg\" alt=\"Digital Marketing\" title=\"Digital Marketing\"><\/figure><\/div><div class=\"swiper-slide\" role=\"group\" aria-roledescription=\"slide\" aria-label=\"3 de 11\"><figure class=\"swiper-slide-inner\"><img decoding=\"async\" class=\"swiper-slide-image\" src=\"https:\/\/theroommarketing.com\/wp-content\/uploads\/2022\/08\/roku.jpg\" alt=\"Digital Marketing\" title=\"Digital Marketing\"><\/figure><\/div><div class=\"swiper-slide\" role=\"group\" aria-roledescription=\"slide\" aria-label=\"4 de 11\"><figure class=\"swiper-slide-inner\"><img decoding=\"async\" class=\"swiper-slide-image\" src=\"https:\/\/theroommarketing.com\/wp-content\/uploads\/2022\/08\/hulu.jpg\" alt=\"Digital Marketing\" title=\"Digital Marketing\"><\/figure><\/div><div class=\"swiper-slide\" role=\"group\" aria-roledescription=\"slide\" aria-label=\"5 de 11\"><figure class=\"swiper-slide-inner\"><img decoding=\"async\" class=\"swiper-slide-image\" src=\"https:\/\/theroommarketing.com\/wp-content\/uploads\/2022\/08\/ihearth.jpg\" alt=\"Digital Marketing\" title=\"Digital Marketing\"><\/figure><\/div><div class=\"swiper-slide\" role=\"group\" aria-roledescription=\"slide\" aria-label=\"6 de 11\"><figure class=\"swiper-slide-inner\"><img decoding=\"async\" class=\"swiper-slide-image\" src=\"https:\/\/theroommarketing.com\/wp-content\/uploads\/2022\/08\/fox.jpg\" alt=\"Digital Marketing\" title=\"Digital Marketing\"><\/figure><\/div><div class=\"swiper-slide\" role=\"group\" aria-roledescription=\"slide\" aria-label=\"7 de 11\"><figure class=\"swiper-slide-inner\"><img decoding=\"async\" class=\"swiper-slide-image\" src=\"https:\/\/theroommarketing.com\/wp-content\/uploads\/2022\/08\/telemundo.jpg\" alt=\"Digital Marketing\" title=\"Digital Marketing\"><\/figure><\/div><div class=\"swiper-slide\" role=\"group\" aria-roledescription=\"slide\" aria-label=\"8 de 11\"><figure class=\"swiper-slide-inner\"><img decoding=\"async\" class=\"swiper-slide-image\" src=\"https:\/\/theroommarketing.com\/wp-content\/uploads\/2022\/08\/univision.jpg\" alt=\"Digital Marketing\" title=\"Digital Marketing\"><\/figure><\/div><div class=\"swiper-slide\" role=\"group\" aria-roledescription=\"slide\" aria-label=\"9 de 11\"><figure class=\"swiper-slide-inner\"><img decoding=\"async\" class=\"swiper-slide-image\" src=\"https:\/\/theroommarketing.com\/wp-content\/uploads\/2022\/08\/wapa.jpg\" alt=\"Digital Marketing\" title=\"Digital Marketing\"><\/figure><\/div><div class=\"swiper-slide\" role=\"group\" aria-roledescription=\"slide\" aria-label=\"10 de 11\"><figure class=\"swiper-slide-inner\"><img decoding=\"async\" class=\"swiper-slide-image\" src=\"https:\/\/theroommarketing.com\/wp-content\/uploads\/2022\/08\/rumba.jpg\" alt=\"Digital Marketing\" title=\"Digital Marketing\"><\/figure><\/div><div class=\"swiper-slide\" role=\"group\" aria-roledescription=\"slide\" aria-label=\"11 de 11\"><figure class=\"swiper-slide-inner\"><img decoding=\"async\" class=\"swiper-slide-image\" src=\"https:\/\/theroommarketing.com\/wp-content\/uploads\/2022\/08\/zol.jpg\" alt=\"Digital Marketing\" title=\"Digital Marketing\"><\/figure><\/div>\t\t\t<\/div>\n\t\t\t\t\t\t\t\n\t\t\t\t\t\t\t\t\t<div class=\"swiper-pagination\"><\/div>\n\t\t\t\t\t\t\t\t\t<\/div>\n\t\t\t\t\t\t<\/div>\n\t\t\t\t<\/div>\n\t\t\t\t\t<\/div>\n\t\t<\/div>\n\t\t\t\t\t<\/div>\n\t\t<\/section>\n\t\t\t\t<section class=\"elementor-section elementor-top-section elementor-element elementor-element-438f1b7 elementor-section-boxed elementor-section-height-default elementor-section-height-default\" data-id=\"438f1b7\" data-element_type=\"section\" data-e-type=\"section\">\n\t\t\t\t\t\t<div class=\"elementor-container elementor-column-gap-default\">\n\t\t\t\t\t<div class=\"elementor-column elementor-col-100 elementor-top-column elementor-element elementor-element-1cd63e5\" data-id=\"1cd63e5\" data-element_type=\"column\" data-e-type=\"column\">\n\t\t\t<div class=\"elementor-widget-wrap elementor-element-populated\">\n\t\t\t\t\t\t<div class=\"elementor-element elementor-element-9b1f33e elementor-widget elementor-widget-text-editor\" data-id=\"9b1f33e\" data-element_type=\"widget\" data-e-type=\"widget\" data-widget_type=\"text-editor.default\">\n\t\t\t\t<div class=\"elementor-widget-container\">\n\t\t\t\t\t\t\t\t\t<p>Nuestros servicios de compra de medios se elaboran meticulosamente para garantizar que su marca llegue al p\u00fablico adecuado, en el momento oportuno y a trav\u00e9s de los canales adecuados. Sum\u00e9rjase en un reino de \u00e9xito publicitario sin igual con nuestra experiencia en compra de medios.<\/p>\n<h3>\u00bfPor qu\u00e9 elegir la compra de medios?<\/h3>\n<ol>\n<li>\n<p><strong>Alcance espec\u00edfico, m\u00e1ximo impacto:<\/strong> Cuando se trata de llegar a su p\u00fablico ideal, la precisi\u00f3n es primordial. Nuestros expertos en compra de medios aprovechan los an\u00e1lisis avanzados y los estudios de mercado para identificar los canales m\u00e1s eficaces para su campa\u00f1a. Ya sea en televisi\u00f3n, radio, prensa o plataformas digitales, nos aseguramos de que su mensaje resuene en la audiencia adecuada para lograr el m\u00e1ximo impacto.<\/p>\n<\/li>\n<li>\n<p><strong>Rentabilidad a trav\u00e9s de la negociaci\u00f3n estrat\u00e9gica:<\/strong> La compra de medios no consiste solo en comprar espacio publicitario, sino en conseguir las mejores ofertas para maximizar el retorno de la inversi\u00f3n. Nuestros h\u00e1biles negociadores trabajan incansablemente para asegurar tarifas y colocaciones \u00f3ptimas, garantizando que su presupuesto se utilice al m\u00e1ximo. Desde espacios televisivos en horario de m\u00e1xima audiencia hasta anuncios espec\u00edficos en Internet, optimizamos su inversi\u00f3n en medios para obtener rentabilidad y resultados.<\/p>\n<\/li>\n<li>\n<p><strong>Integraci\u00f3n de campa\u00f1as multicanal:<\/strong> En el din\u00e1mico panorama de la publicidad moderna, un enfoque multicanal es clave. Nuestras estrategias de compra de medios se integran perfectamente en varias plataformas, garantizando un mensaje de marca cohesivo y sincronizado. Tanto si se trata de una campa\u00f1a digital complementada con medios tradicionales como de una estrategia integral multicanal, adaptamos nuestro enfoque para amplificar la presencia de su marca.<\/p>\n<\/li>\n<li>\n<p><strong>An\u00e1lisis y optimizaci\u00f3n en tiempo real:<\/strong> La era digital exige agilidad. Nuestros servicios de compra de medios no terminan con la colocaci\u00f3n de anuncios; supervisamos y analizamos continuamente el rendimiento de las campa\u00f1as en tiempo real. Aprovechando la informaci\u00f3n basada en datos, optimizamos su estrategia sobre la marcha, garantizando que su campa\u00f1a evolucione para adaptarse a la din\u00e1mica cambiante del mercado y a los comportamientos de los consumidores.<\/p>\n<\/li>\n<li>\n<p><strong>Asociaciones estrat\u00e9gicas para oportunidades exclusivas:<\/strong> Consigue oportunidades exclusivas y colocaciones de primera gracias a nuestra amplia red de socios del sector. Nuestras s\u00f3lidas relaciones con los medios de comunicaci\u00f3n y las plataformas nos permiten garantizar oportunidades \u00fanicas para su marca, d\u00e1ndole una ventaja competitiva en el saturado panorama publicitario.<\/p>\n<\/li>\n<\/ol>\n<h3>C\u00f3mo lo hacemos: una mirada m\u00e1s de cerca a nuestro proceso de compra de medios<\/h3>\n<ol>\n<li>\n<p><strong>An\u00e1lisis exhaustivo del mercado:<\/strong> Nuestro viaje comienza con un an\u00e1lisis exhaustivo de su mercado objetivo, las tendencias del sector y el panorama de la competencia. Esto constituye la base de una estrategia de compra de medios que se ajusta perfectamente a sus objetivos empresariales.<\/p>\n<\/li>\n<li>\n<p><strong>Perfiles y segmentaci\u00f3n de la audiencia:<\/strong> Comprender a su p\u00fablico es crucial. Gracias a los datos, creamos perfiles y segmentos de audiencia detallados, lo que nos permite adaptar nuestra estrategia de compra de medios para llegar con precisi\u00f3n a las personas adecuadas.<\/p>\n<\/li>\n<li>\n<p><strong>Planificaci\u00f3n personalizada de campa\u00f1as:<\/strong> No hay dos campa\u00f1as iguales. Nuestro equipo elabora un plan de compra de medios personalizado que se ajusta a sus objetivos \u00fanicos, incorporando una combinaci\u00f3n de canales y ubicaciones para maximizar la eficacia de su campa\u00f1a.<\/p>\n<\/li>\n<li>\n<p><strong>Negociaci\u00f3n y colocaci\u00f3n:<\/strong> Armados con conocimientos estrat\u00e9gicos, nuestros negociadores garantizan tarifas y ubicaciones \u00f3ptimas en los canales de medios elegidos. De este modo, su marca ocupar\u00e1 un lugar destacado donde m\u00e1s importa.<\/p>\n<\/li>\n<li>\n<p><strong>Supervisi\u00f3n y optimizaci\u00f3n continuas:<\/strong> El viaje no termina con la colocaci\u00f3n. Supervisamos continuamente el rendimiento de la campa\u00f1a y realizamos ajustes basados en datos para optimizar su estrategia y conseguir un \u00e9xito continuado.<\/p>\n<\/li>\n<\/ol>\n\t\t\t\t\t\t\t\t<\/div>\n\t\t\t\t<\/div>\n\t\t\t\t\t<\/div>\n\t\t<\/div>\n\t\t\t\t\t<\/div>\n\t\t<\/section>\n\t\t\t\t<\/div>\n\t\t","protected":false},"excerpt":{"rendered":"<p>Compra de medios Llegar al p\u00fablico adecuado en el momento oportuno Compra de medios Es hora de dejar de preocuparse por sus anuncios de radio, televisi\u00f3n o streaming. Con The Room Marketing, puede centrarse en su negocio y dejar que nosotros nos encarguemos del resto. Nosotros nos encargamos de comprar su tiempo de radio, para [&hellip;]<\/p>\n","protected":false},"author":1,"featured_media":0,"parent":0,"menu_order":0,"comment_status":"closed","ping_status":"closed","template":"","meta":{"_angie_page":false,"site-sidebar-layout":"no-sidebar","site-content-layout":"page-builder","ast-site-content-layout":"full-width-container","site-content-style":"unboxed","site-sidebar-style":"unboxed","ast-global-header-display":"","ast-banner-title-visibility":"","ast-main-header-display":"","ast-hfb-above-header-display":"","ast-hfb-below-header-display":"","ast-hfb-mobile-header-display":"","site-post-title":"","ast-breadcrumbs-content":"","ast-featured-img":"","footer-sml-layout":"","ast-disable-related-posts":"","theme-transparent-header-meta":"","adv-header-id-meta":"","stick-header-meta":"","header-above-stick-meta":"","header-main-stick-meta":"","header-below-stick-meta":"","astra-migrate-meta-layouts":"default","ast-page-background-enabled":"default","ast-page-background-meta":{"desktop":{"background-color":"var(--ast-global-color-4)","background-image":"","background-repeat":"repeat","background-position":"center center","background-size":"auto","background-attachment":"scroll","background-type":"","background-media":"","overlay-type":"","overlay-color":"","overlay-opacity":"","overlay-gradient":""},"tablet":{"background-color":"","background-image":"","background-repeat":"repeat","background-position":"center center","background-size":"auto","background-attachment":"scroll","background-type":"","background-media":"","overlay-type":"","overlay-color":"","overlay-opacity":"","overlay-gradient":""},"mobile":{"background-color":"","background-image":"","background-repeat":"repeat","background-position":"center center","background-size":"auto","background-attachment":"scroll","background-type":"","background-media":"","overlay-type":"","overlay-color":"","overlay-opacity":"","overlay-gradient":""}},"ast-content-background-meta":{"desktop":{"background-color":"var(--ast-global-color-5)","background-image":"","background-repeat":"repeat","background-position":"center center","background-size":"auto","background-attachment":"scroll","background-type":"","background-media":"","overlay-type":"","overlay-color":"","overlay-opacity":"","overlay-gradient":""},"tablet":{"background-color":"var(--ast-global-color-5)","background-image":"","background-repeat":"repeat","background-position":"center center","background-size":"auto","background-attachment":"scroll","background-type":"","background-media":"","overlay-type":"","overlay-color":"","overlay-opacity":"","overlay-gradient":""},"mobile":{"background-color":"var(--ast-global-color-5)","background-image":"","background-repeat":"repeat","background-position":"center center","background-size":"auto","background-attachment":"scroll","background-type":"","background-media":"","overlay-type":"","overlay-color":"","overlay-opacity":"","overlay-gradient":""}},"footnotes":""},"class_list":["post-15188","page","type-page","status-publish","hentry"],"_links":{"self":[{"href":"https:\/\/theroommarketing.com\/es\/wp-json\/wp\/v2\/pages\/15188","targetHints":{"allow":["GET"]}}],"collection":[{"href":"https:\/\/theroommarketing.com\/es\/wp-json\/wp\/v2\/pages"}],"about":[{"href":"https:\/\/theroommarketing.com\/es\/wp-json\/wp\/v2\/types\/page"}],"author":[{"embeddable":true,"href":"https:\/\/theroommarketing.com\/es\/wp-json\/wp\/v2\/users\/1"}],"replies":[{"embeddable":true,"href":"https:\/\/theroommarketing.com\/es\/wp-json\/wp\/v2\/comments?post=15188"}],"version-history":[{"count":0,"href":"https:\/\/theroommarketing.com\/es\/wp-json\/wp\/v2\/pages\/15188\/revisions"}],"wp:attachment":[{"href":"https:\/\/theroommarketing.com\/es\/wp-json\/wp\/v2\/media?parent=15188"}],"curies":[{"name":"wp","href":"https:\/\/api.w.org\/{rel}","templated":true}]}}