{"id":15190,"date":"2023-09-13T16:24:48","date_gmt":"2023-09-13T16:24:48","guid":{"rendered":"https:\/\/theroommarketing.com\/gestion-de-redes-sociales\/creacion-de-contenidos\/"},"modified":"2024-12-03T22:34:48","modified_gmt":"2024-12-03T22:34:48","slug":"creacion-de-contenidos","status":"publish","type":"page","link":"https:\/\/theroommarketing.com\/es\/gestion-de-redes-sociales\/creacion-de-contenidos\/","title":{"rendered":"Creaci\u00f3n de contenidos"},"content":{"rendered":"\t\t<div data-elementor-type=\"wp-page\" data-elementor-id=\"15190\" class=\"elementor elementor-15190 elementor-12582\" data-elementor-post-type=\"page\">\n\t\t\t\t\t\t<section class=\"elementor-section elementor-top-section elementor-element elementor-element-2951213 elementor-section-height-min-height elementor-section-boxed elementor-section-height-default elementor-section-items-middle\" data-id=\"2951213\" data-element_type=\"section\" data-e-type=\"section\" data-settings=\"{&quot;background_background&quot;:&quot;classic&quot;}\">\n\t\t\t\t\t\t\t<div class=\"elementor-background-overlay\"><\/div>\n\t\t\t\t\t\t\t<div class=\"elementor-container elementor-column-gap-default\">\n\t\t\t\t\t<div class=\"elementor-column elementor-col-100 elementor-top-column elementor-element elementor-element-ba18649\" data-id=\"ba18649\" data-element_type=\"column\" data-e-type=\"column\">\n\t\t\t<div class=\"elementor-widget-wrap elementor-element-populated\">\n\t\t\t\t\t\t<div class=\"elementor-element elementor-element-9c532d5 elementor-align-center elementor-widget elementor-widget-breadcrumbs\" data-id=\"9c532d5\" data-element_type=\"widget\" data-e-type=\"widget\" data-widget_type=\"breadcrumbs.default\">\n\t\t\t\t<div class=\"elementor-widget-container\">\n\t\t\t\t\t<nav aria-label=\"breadcrumbs\" class=\"rank-math-breadcrumb\"><p><span class=\"last\">Home<\/span><\/p><\/nav>\t\t\t\t<\/div>\n\t\t\t\t<\/div>\n\t\t\t\t<div class=\"elementor-element elementor-element-37f0652 elementor-widget elementor-widget-heading\" data-id=\"37f0652\" data-element_type=\"widget\" data-e-type=\"widget\" data-widget_type=\"heading.default\">\n\t\t\t\t<div class=\"elementor-widget-container\">\n\t\t\t\t\t<h1 class=\"elementor-heading-title elementor-size-default\">Libera el poder del contenido irresistible<\/BR> para las redes sociales y los sitios web<\/h1>\t\t\t\t<\/div>\n\t\t\t\t<\/div>\n\t\t\t\t<div class=\"elementor-element elementor-element-7855ec9 elementor-align-center elementor-widget elementor-widget-button\" data-id=\"7855ec9\" data-element_type=\"widget\" data-e-type=\"widget\" data-widget_type=\"button.default\">\n\t\t\t\t<div class=\"elementor-widget-container\">\n\t\t\t\t\t\t\t\t\t<div class=\"elementor-button-wrapper\">\n\t\t\t\t\t<a class=\"elementor-button elementor-button-link elementor-size-sm\" href=\"https:\/\/theroommarketing.com\/es\/pongase-en-contacto-con-nosotros\/\">\n\t\t\t\t\t\t<span class=\"elementor-button-content-wrapper\">\n\t\t\t\t\t\t\t\t\t<span class=\"elementor-button-text\">Haz clic aqu\u00ed para solicitar un presupuesto gratuito<\/span>\n\t\t\t\t\t<\/span>\n\t\t\t\t\t<\/a>\n\t\t\t\t<\/div>\n\t\t\t\t\t\t\t\t<\/div>\n\t\t\t\t<\/div>\n\t\t<div class=\"elementor-element elementor-element-8cad073 e-con-full e-flex e-con e-child\" data-id=\"8cad073\" data-element_type=\"container\" data-e-type=\"container\">\n\t\t\t\t<div class=\"elementor-element elementor-element-f662b62 elementor-widget elementor-widget-image\" data-id=\"f662b62\" data-element_type=\"widget\" data-e-type=\"widget\" data-widget_type=\"image.default\">\n\t\t\t\t<div class=\"elementor-widget-container\">\n\t\t\t\t\t\t\t\t\t\t\t\t\t\t\t\t<a href=\"https:\/\/www.google.com\/localservices\/prolist?g2lbs=AOHF13kCV4HpJA0c_jFhVXx57lNbq2jt5l2Ue-VUuAFxUR07xW4Bu0H7GVxe0WdrtMQ1KR5PWFw0ArtkX5O6U7QQlZwJZmv0pQ%3D%3D&#038;hl=es-419&#038;gl=pr&#038;ssta=1&#038;q=tampa%20seo&#038;oq=tampa%20seo&#038;slp=MgBSAggCYACSAakCCgsvZy8xdGQ0OHJ6NQoNL2cvMTFjbXQ5MnF4cwoML2cvMWhoanJjdnA5Cg0vZy8xMXZtMGdjc2NkCg0vZy8xMWpfMXg2bjFsCg0vZy8xMWNuNXJfcTd6Cg0vZy8xMWMxcDdxeDJfCg0vZy8xMWI3aGp4NWtwCg0vZy8xMXZybHZ3OGhkCg0vZy8xMWo2NWJyMl9kCg0vZy8xMWo0d3o1ZGt5Cg0vZy8xMWtxbXJ3ZnprCg0vZy8xMWI2X24zZDBqCg0vZy8xMWcxZ240OHYwCg0vZy8xMWdmajZsY2wwCg0vZy8xMWZ4djRocDFwCg0vZy8xMWJ3bDNteXk5Cg0vZy8xMWdfeWMxYjhmCg0vZy8xMWY4OWdnZDF0Cg0vZy8xMWI2aHQzZjB5mgEGCgIXGRAA&#038;src=2&#038;serdesk=1&#038;sa=X&#038;ved=2ahUKEwiI1sLlyoCJAxXbTDABHTo7LmkQjGp6BAgnEAE&#038;scp=Ch9nY2lkOmludGVybmV0X21hcmtldGluZ19zZXJ2aWNlElkSEgnh0bmzgrfCiBFjtJaviRNfpxoSCZWOClcSNd2IEQzzGt8qITrbIhdUYW1wYSwgRmxvcmlkYSwgRUUuIFVVLioUDZaclBAVeMq8zh1doMoQJd8o-M4wABoDc2VvIgl0YW1wYSBzZW8qIlNlcnZpY2lvIGRlIG1hcmtldGluZyBwb3IgSW50ZXJuZXQ%3D&#038;spp=Cg0vZy8xMWo0d3o1ZGt5OoQBV2cwUUFTSUpkR0Z0Y0dFZ2MyVnZxZ0ZQQ2drdmJTOHdNVGx4WWw4S0NDOXRMekJ1TVhKcUVBRXFCeUlEYzJWdktBNHlIaEFCSWhwYVZucEoxbjYta3U2TmJpNWxqSFJPSGowWEJYeXc1VVNHaWpJTkVBSWlDWFJoYlhCaElITmxidz09#ts=3\" target=\"_blank\" rel=\"noopener\">\n\t\t\t\t\t\t\t<img decoding=\"async\" width=\"280\" height=\"60\" src=\"https:\/\/theroommarketing.com\/wp-content\/uploads\/2024\/10\/Customer-Review-Highlights.webp\" class=\"attachment-large size-large wp-image-19108\" alt=\"Customer Review Highlights\" title=\"Digital Marketing\">\t\t\t\t\t\t\t\t<\/a>\n\t\t\t\t\t\t\t\t\t\t\t\t\t\t\t<\/div>\n\t\t\t\t<\/div>\n\t\t\t\t<div class=\"elementor-element elementor-element-8265abf elementor-widget elementor-widget-rating\" data-id=\"8265abf\" data-element_type=\"widget\" data-e-type=\"widget\" data-widget_type=\"rating.default\">\n\t\t\t\t<div class=\"elementor-widget-container\">\n\t\t\t\t\t\t\t<div class=\"e-rating\" itemtype=\"https:\/\/schema.org\/Rating\" itemscope=\"\" itemprop=\"reviewRating\">\n\t\t\t<meta itemprop=\"worstRating\" content=\"0\">\n\t\t\t<meta itemprop=\"bestRating\" content=\"5\">\n\t\t\t<div class=\"e-rating-wrapper\" itemprop=\"ratingValue\" content=\"5\" role=\"img\" aria-label=\"Valorado con 5 de 5\">\n\t\t\t\t\t\t\t<div class=\"e-icon\">\n\t\t\t\t<div class=\"e-icon-wrapper e-icon-marked\">\n\t\t\t\t\t<svg aria-hidden=\"true\" class=\"e-font-icon-svg e-eicon-star\" viewBox=\"0 0 1000 1000\" xmlns=\"http:\/\/www.w3.org\/2000\/svg\"><path d=\"M450 75L338 312 88 350C46 354 25 417 58 450L238 633 196 896C188 942 238 975 275 954L500 837 725 954C767 975 813 942 804 896L763 633 942 450C975 417 954 358 913 350L663 312 550 75C529 33 471 33 450 75Z\"><\/path><\/svg>\t\t\t\t<\/div>\n\t\t\t\t<div class=\"e-icon-wrapper e-icon-unmarked\">\n\t\t\t\t\t<svg aria-hidden=\"true\" class=\"e-font-icon-svg e-eicon-star\" viewBox=\"0 0 1000 1000\" xmlns=\"http:\/\/www.w3.org\/2000\/svg\"><path d=\"M450 75L338 312 88 350C46 354 25 417 58 450L238 633 196 896C188 942 238 975 275 954L500 837 725 954C767 975 813 942 804 896L763 633 942 450C975 417 954 358 913 350L663 312 550 75C529 33 471 33 450 75Z\"><\/path><\/svg>\t\t\t\t<\/div>\n\t\t\t<\/div>\n\t\t\t\t\t\t<div class=\"e-icon\">\n\t\t\t\t<div class=\"e-icon-wrapper e-icon-marked\">\n\t\t\t\t\t<svg aria-hidden=\"true\" class=\"e-font-icon-svg e-eicon-star\" viewBox=\"0 0 1000 1000\" xmlns=\"http:\/\/www.w3.org\/2000\/svg\"><path d=\"M450 75L338 312 88 350C46 354 25 417 58 450L238 633 196 896C188 942 238 975 275 954L500 837 725 954C767 975 813 942 804 896L763 633 942 450C975 417 954 358 913 350L663 312 550 75C529 33 471 33 450 75Z\"><\/path><\/svg>\t\t\t\t<\/div>\n\t\t\t\t<div class=\"e-icon-wrapper e-icon-unmarked\">\n\t\t\t\t\t<svg aria-hidden=\"true\" class=\"e-font-icon-svg e-eicon-star\" viewBox=\"0 0 1000 1000\" xmlns=\"http:\/\/www.w3.org\/2000\/svg\"><path d=\"M450 75L338 312 88 350C46 354 25 417 58 450L238 633 196 896C188 942 238 975 275 954L500 837 725 954C767 975 813 942 804 896L763 633 942 450C975 417 954 358 913 350L663 312 550 75C529 33 471 33 450 75Z\"><\/path><\/svg>\t\t\t\t<\/div>\n\t\t\t<\/div>\n\t\t\t\t\t\t<div class=\"e-icon\">\n\t\t\t\t<div class=\"e-icon-wrapper e-icon-marked\">\n\t\t\t\t\t<svg aria-hidden=\"true\" class=\"e-font-icon-svg e-eicon-star\" viewBox=\"0 0 1000 1000\" xmlns=\"http:\/\/www.w3.org\/2000\/svg\"><path d=\"M450 75L338 312 88 350C46 354 25 417 58 450L238 633 196 896C188 942 238 975 275 954L500 837 725 954C767 975 813 942 804 896L763 633 942 450C975 417 954 358 913 350L663 312 550 75C529 33 471 33 450 75Z\"><\/path><\/svg>\t\t\t\t<\/div>\n\t\t\t\t<div class=\"e-icon-wrapper e-icon-unmarked\">\n\t\t\t\t\t<svg aria-hidden=\"true\" class=\"e-font-icon-svg e-eicon-star\" viewBox=\"0 0 1000 1000\" xmlns=\"http:\/\/www.w3.org\/2000\/svg\"><path d=\"M450 75L338 312 88 350C46 354 25 417 58 450L238 633 196 896C188 942 238 975 275 954L500 837 725 954C767 975 813 942 804 896L763 633 942 450C975 417 954 358 913 350L663 312 550 75C529 33 471 33 450 75Z\"><\/path><\/svg>\t\t\t\t<\/div>\n\t\t\t<\/div>\n\t\t\t\t\t\t<div class=\"e-icon\">\n\t\t\t\t<div class=\"e-icon-wrapper e-icon-marked\">\n\t\t\t\t\t<svg aria-hidden=\"true\" class=\"e-font-icon-svg e-eicon-star\" viewBox=\"0 0 1000 1000\" xmlns=\"http:\/\/www.w3.org\/2000\/svg\"><path d=\"M450 75L338 312 88 350C46 354 25 417 58 450L238 633 196 896C188 942 238 975 275 954L500 837 725 954C767 975 813 942 804 896L763 633 942 450C975 417 954 358 913 350L663 312 550 75C529 33 471 33 450 75Z\"><\/path><\/svg>\t\t\t\t<\/div>\n\t\t\t\t<div class=\"e-icon-wrapper e-icon-unmarked\">\n\t\t\t\t\t<svg aria-hidden=\"true\" class=\"e-font-icon-svg e-eicon-star\" viewBox=\"0 0 1000 1000\" xmlns=\"http:\/\/www.w3.org\/2000\/svg\"><path d=\"M450 75L338 312 88 350C46 354 25 417 58 450L238 633 196 896C188 942 238 975 275 954L500 837 725 954C767 975 813 942 804 896L763 633 942 450C975 417 954 358 913 350L663 312 550 75C529 33 471 33 450 75Z\"><\/path><\/svg>\t\t\t\t<\/div>\n\t\t\t<\/div>\n\t\t\t\t\t\t<div class=\"e-icon\">\n\t\t\t\t<div class=\"e-icon-wrapper e-icon-marked\">\n\t\t\t\t\t<svg aria-hidden=\"true\" class=\"e-font-icon-svg e-eicon-star\" viewBox=\"0 0 1000 1000\" xmlns=\"http:\/\/www.w3.org\/2000\/svg\"><path d=\"M450 75L338 312 88 350C46 354 25 417 58 450L238 633 196 896C188 942 238 975 275 954L500 837 725 954C767 975 813 942 804 896L763 633 942 450C975 417 954 358 913 350L663 312 550 75C529 33 471 33 450 75Z\"><\/path><\/svg>\t\t\t\t<\/div>\n\t\t\t\t<div class=\"e-icon-wrapper e-icon-unmarked\">\n\t\t\t\t\t<svg aria-hidden=\"true\" class=\"e-font-icon-svg e-eicon-star\" viewBox=\"0 0 1000 1000\" xmlns=\"http:\/\/www.w3.org\/2000\/svg\"><path d=\"M450 75L338 312 88 350C46 354 25 417 58 450L238 633 196 896C188 942 238 975 275 954L500 837 725 954C767 975 813 942 804 896L763 633 942 450C975 417 954 358 913 350L663 312 550 75C529 33 471 33 450 75Z\"><\/path><\/svg>\t\t\t\t<\/div>\n\t\t\t<\/div>\n\t\t\t\t\t\t<\/div>\n\t\t<\/div>\n\t\t\t\t\t\t<\/div>\n\t\t\t\t<\/div>\n\t\t\t\t<div class=\"elementor-element elementor-element-53a91e4 elementor-widget elementor-widget-heading\" data-id=\"53a91e4\" data-element_type=\"widget\" data-e-type=\"widget\" data-widget_type=\"heading.default\">\n\t\t\t\t<div class=\"elementor-widget-container\">\n\t\t\t\t\t<h2 class=\"elementor-heading-title elementor-size-default\"><a href=\"https:\/\/www.google.com\/localservices\/prolist?g2lbs=AOHF13kCV4HpJA0c_jFhVXx57lNbq2jt5l2Ue-VUuAFxUR07xW4Bu0H7GVxe0WdrtMQ1KR5PWFw0ArtkX5O6U7QQlZwJZmv0pQ%3D%3D&#038;hl=es-419&#038;gl=pr&#038;ssta=1&#038;q=tampa%20seo&#038;oq=tampa%20seo&#038;slp=MgBSAggCYACSAakCCgsvZy8xdGQ0OHJ6NQoNL2cvMTFjbXQ5MnF4cwoML2cvMWhoanJjdnA5Cg0vZy8xMXZtMGdjc2NkCg0vZy8xMWpfMXg2bjFsCg0vZy8xMWNuNXJfcTd6Cg0vZy8xMWMxcDdxeDJfCg0vZy8xMWI3aGp4NWtwCg0vZy8xMXZybHZ3OGhkCg0vZy8xMWo2NWJyMl9kCg0vZy8xMWo0d3o1ZGt5Cg0vZy8xMWtxbXJ3ZnprCg0vZy8xMWI2X24zZDBqCg0vZy8xMWcxZ240OHYwCg0vZy8xMWdmajZsY2wwCg0vZy8xMWZ4djRocDFwCg0vZy8xMWJ3bDNteXk5Cg0vZy8xMWdfeWMxYjhmCg0vZy8xMWY4OWdnZDF0Cg0vZy8xMWI2aHQzZjB5mgEGCgIXGRAA&#038;src=2&#038;serdesk=1&#038;sa=X&#038;ved=2ahUKEwiI1sLlyoCJAxXbTDABHTo7LmkQjGp6BAgnEAE&#038;scp=Ch9nY2lkOmludGVybmV0X21hcmtldGluZ19zZXJ2aWNlElkSEgnh0bmzgrfCiBFjtJaviRNfpxoSCZWOClcSNd2IEQzzGt8qITrbIhdUYW1wYSwgRmxvcmlkYSwgRUUuIFVVLioUDZaclBAVeMq8zh1doMoQJd8o-M4wABoDc2VvIgl0YW1wYSBzZW8qIlNlcnZpY2lvIGRlIG1hcmtldGluZyBwb3IgSW50ZXJuZXQ%3D&#038;spp=Cg0vZy8xMWo0d3o1ZGt5OoQBV2cwUUFTSUpkR0Z0Y0dFZ2MyVnZxZ0ZQQ2drdmJTOHdNVGx4WWw4S0NDOXRMekJ1TVhKcUVBRXFCeUlEYzJWdktBNHlIaEFCSWhwYVZucEoxbjYta3U2TmJpNWxqSFJPSGowWEJYeXc1VVNHaWpJTkVBSWlDWFJoYlhCaElITmxidz09#ts=3\" target=\"_blank\" rel=\"noopener\">5.0 De 52 Comentarios<\/a><\/h2>\t\t\t\t<\/div>\n\t\t\t\t<\/div>\n\t\t\t\t<\/div>\n\t\t\t\t\t<\/div>\n\t\t<\/div>\n\t\t\t\t\t<\/div>\n\t\t<\/section>\n\t\t\t\t<section class=\"elementor-section elementor-top-section elementor-element elementor-element-bb82820 elementor-section-boxed elementor-section-height-default elementor-section-height-default\" data-id=\"bb82820\" data-element_type=\"section\" data-e-type=\"section\">\n\t\t\t\t\t\t<div class=\"elementor-container elementor-column-gap-default\">\n\t\t\t\t\t<div class=\"elementor-column elementor-col-50 elementor-top-column elementor-element elementor-element-bcedb46\" data-id=\"bcedb46\" data-element_type=\"column\" data-e-type=\"column\">\n\t\t\t<div class=\"elementor-widget-wrap elementor-element-populated\">\n\t\t\t\t\t\t<div class=\"elementor-element elementor-element-2452844 elementor-widget elementor-widget-text-editor\" data-id=\"2452844\" data-element_type=\"widget\" data-e-type=\"widget\" data-widget_type=\"text-editor.default\">\n\t\t\t\t<div class=\"elementor-widget-container\">\n\t\t\t\t\t\t\t\t\t<p>Bienvenido a The Room Marketing, donde la creatividad no tiene l\u00edmites y el compromiso alcanza nuevas cotas. \u00bfEst\u00e1 listo para revolucionar su presencia en las redes sociales? \u00danase a nosotros en un viaje que transforma contenidos ordinarios en conexiones extraordinarias.<\/p>\n\t\t\t\t\t\t\t\t<\/div>\n\t\t\t\t<\/div>\n\t\t\t\t\t<\/div>\n\t\t<\/div>\n\t\t\t\t<div class=\"elementor-column elementor-col-50 elementor-top-column elementor-element elementor-element-6b9b8b8\" data-id=\"6b9b8b8\" data-element_type=\"column\" data-e-type=\"column\">\n\t\t\t<div class=\"elementor-widget-wrap elementor-element-populated\">\n\t\t\t\t\t\t<div class=\"elementor-element elementor-element-bf467ab elementor-widget elementor-widget-video\" data-id=\"bf467ab\" data-element_type=\"widget\" data-e-type=\"widget\" data-settings=\"{&quot;youtube_url&quot;:&quot;https:\\\/\\\/www.youtube.com\\\/watch?v=tbJH3Fz7sLk&amp;t=56s&quot;,&quot;yt_privacy&quot;:&quot;yes&quot;,&quot;lazy_load&quot;:&quot;yes&quot;,&quot;video_type&quot;:&quot;youtube&quot;,&quot;controls&quot;:&quot;yes&quot;}\" data-widget_type=\"video.default\">\n\t\t\t\t<div class=\"elementor-widget-container\">\n\t\t\t\t\t\t\t<div class=\"elementor-wrapper elementor-open-inline\">\n\t\t\t<div class=\"elementor-video\"><\/div>\t\t<\/div>\n\t\t\t\t\t\t<\/div>\n\t\t\t\t<\/div>\n\t\t\t\t\t<\/div>\n\t\t<\/div>\n\t\t\t\t\t<\/div>\n\t\t<\/section>\n\t\t\t\t<section class=\"elementor-section elementor-top-section elementor-element elementor-element-e41a258 elementor-section-boxed elementor-section-height-default elementor-section-height-default\" data-id=\"e41a258\" data-element_type=\"section\" data-e-type=\"section\" data-settings=\"{&quot;background_background&quot;:&quot;classic&quot;}\">\n\t\t\t\t\t\t<div class=\"elementor-container elementor-column-gap-default\">\n\t\t\t\t\t<div class=\"elementor-column elementor-col-100 elementor-top-column elementor-element elementor-element-20b383c\" data-id=\"20b383c\" data-element_type=\"column\" data-e-type=\"column\">\n\t\t\t<div class=\"elementor-widget-wrap elementor-element-populated\">\n\t\t\t\t\t\t<div class=\"elementor-element elementor-element-219b7bd elementor-widget elementor-widget-gallery\" data-id=\"219b7bd\" data-element_type=\"widget\" data-e-type=\"widget\" data-settings=\"{&quot;gallery_layout&quot;:&quot;masonry&quot;,&quot;columns&quot;:5,&quot;columns_mobile&quot;:2,&quot;gap&quot;:{&quot;unit&quot;:&quot;px&quot;,&quot;size&quot;:24,&quot;sizes&quot;:[]},&quot;lazyload&quot;:&quot;yes&quot;,&quot;columns_tablet&quot;:2,&quot;gap_tablet&quot;:{&quot;unit&quot;:&quot;px&quot;,&quot;size&quot;:10,&quot;sizes&quot;:[]},&quot;gap_mobile&quot;:{&quot;unit&quot;:&quot;px&quot;,&quot;size&quot;:10,&quot;sizes&quot;:[]},&quot;link_to&quot;:&quot;file&quot;,&quot;show_all_galleries&quot;:&quot;yes&quot;,&quot;overlay_background&quot;:&quot;yes&quot;,&quot;content_hover_animation&quot;:&quot;fade-in&quot;}\" data-widget_type=\"gallery.default\">\n\t\t\t\t<div class=\"elementor-widget-container\">\n\t\t\t\t\t\t\t\t<div class=\"elementor-gallery__titles-container e--pointer-underline e--animation-fade\" aria-label=\"Filtro de galer\u00eda\">\n\t\t\t\t\t\t\t\t\t<a class=\"elementor-item elementor-gallery-title\" role=\"button\" tabindex=\"0\" data-gallery-index=\"all\">\n\t\t\t\t\t\tTodos\t\t\t\t\t<\/a>\n\t\t\t\t\n\t\t\t\t\t\t\t\t\t<a class=\"elementor-item elementor-gallery-title\" role=\"button\" tabindex=\"0\" data-gallery-index=\"0\">\n\t\t\t\t\t\tInstagram y Facebook\t\t\t\t\t<\/a>\n\t\t\t\t\t\t\t\t<\/div>\n\t\t\t\t\t<div class=\"elementor-gallery__container\">\n\t\t\t\t\t<\/div>\n\t\t\t\t\t<\/div>\n\t\t\t\t<\/div>\n\t\t\t\t\t<\/div>\n\t\t<\/div>\n\t\t\t\t\t<\/div>\n\t\t<\/section>\n\t\t\t\t<section class=\"elementor-section elementor-top-section elementor-element elementor-element-4dab136 elementor-section-boxed elementor-section-height-default elementor-section-height-default\" data-id=\"4dab136\" data-element_type=\"section\" data-e-type=\"section\">\n\t\t\t\t\t\t<div class=\"elementor-container elementor-column-gap-default\">\n\t\t\t\t\t<div class=\"elementor-column elementor-col-100 elementor-top-column elementor-element elementor-element-fde78a0\" data-id=\"fde78a0\" data-element_type=\"column\" data-e-type=\"column\">\n\t\t\t<div class=\"elementor-widget-wrap elementor-element-populated\">\n\t\t\t\t\t\t<div class=\"elementor-element elementor-element-3899b26 elementor-widget elementor-widget-text-editor\" data-id=\"3899b26\" data-element_type=\"widget\" data-e-type=\"widget\" data-widget_type=\"text-editor.default\">\n\t\t\t\t<div class=\"elementor-widget-container\">\n\t\t\t\t\t\t\t\t\t<h2>\ud83d\udce3 Lo que hacemos:<\/h2>\n<p>\ud83c\udf1f Creaci\u00f3n de contenidos cautivadores: No solo somos contadores de historias; \u00a1somos creadores de historias! Nuestro equipo de expertos elabora relatos convincentes que cautivan el coraz\u00f3n y la mente de su p\u00fablico. Diga adi\u00f3s a los mensajes ordinarios; diga hola a los contenidos que causan una impresi\u00f3n duradera.<\/p>\n<p>\ud83c\udfa8 Im\u00e1genes impactantes: Una imagen vale m\u00e1s que mil palabras, y nuestros magos gr\u00e1ficos se aseguran de que esas palabras sean inolvidables. Nuestros dise\u00f1os y efectos visuales se adaptan a la personalidad de su marca, garantizando que sus mensajes destaquen en el saturado panorama digital.<\/p>\n<p>\ud83d\udcf8 Fotograf\u00eda profesional: Las im\u00e1genes de alta calidad son la columna vertebral del \u00e9xito en las redes sociales. Ofrecemos servicios fotogr\u00e1ficos de primera categor\u00eda para mostrar sus productos, servicios o eventos de la mejor manera posible.<\/p>\n<p>\ud83d\udcdd Redacci\u00f3n atractiva: Palabras que resuenan, persuaden e inspiran: eso es lo que obtendr\u00e1s de nuestros expertos redactores publicitarios. Tanto si se trata de un pie de foto convincente como de una entrada de blog informativa, nuestros redactores se aseguran de que su contenido impulse la acci\u00f3n.<\/p>\n<p>\ud83d\udcc8 Planificaci\u00f3n estrat\u00e9gica: Toda campa\u00f1a de \u00e9xito en las redes sociales empieza con un plan. Desarrollamos estrategias basadas en datos que maximizan su alcance, compromiso y conversiones. Su \u00e9xito es nuestro objetivo.<\/p>\n<h2>\ud83e\uddf2 \u00bfPor qu\u00e9 elegir The Room Marketing?<\/h2>\n<p>Soluciones a medida: Entendemos que cada marca es \u00fanica. Nuestras estrategias de contenidos se adaptan a la voz, los objetivos y la audiencia de su marca.<\/p>\n<p>Creatividad desatada: No solo pensamos fuera de la caja; la redefinimos. Prep\u00e1rese para contenidos que superen los l\u00edmites y dejen un impacto duradero.<\/p>\n<p>Orientado a los resultados: Su \u00e9xito es nuestra m\u00e1xima prioridad. Analizamos y adaptamos constantemente sus canales de medios sociales para garantizar un retorno de la inversi\u00f3n medible.<\/p>\n<p>Ahorro de tiempo: C\u00e9ntrate en lo que mejor sabes hacer: dirigir tu negocio. Deje que nos encarguemos de la creaci\u00f3n de contenidos, para que usted pueda concentrarse en crecer.<\/p>\n<h3>\ud83d\udce2 \u00bfListo para transformar tu presencia en las redes sociales?<\/h3>\n<p>Diga adi\u00f3s a los contenidos mediocres y hola al \u00e9xito en las redes sociales. \u00danase a las filas de los clientes satisfechos que han sido testigos de la magia de The Room Marketing.<\/p>\n<p>\ud83d\udcde Ponte en contacto con nosotros hoy mismo para programar una consulta gratuita y descubrir c\u00f3mo podemos llevar tus redes sociales al siguiente nivel. Tu audiencia est\u00e1 esperando &#8211; \u00a1cautiv\u00e9mosla juntos! \ud83d\ude80<\/p>\n<p>No te conformes con lo ordinario. Elige extraordinario. Elija el marketing de habitaciones.<\/p>\n\t\t\t\t\t\t\t\t<\/div>\n\t\t\t\t<\/div>\n\t\t\t\t\t<\/div>\n\t\t<\/div>\n\t\t\t\t\t<\/div>\n\t\t<\/section>\n\t\t\t\t<\/div>\n\t\t","protected":false},"excerpt":{"rendered":"<p>Home Libera el poder del contenido irresistible para las redes sociales y los sitios web Haz clic aqu\u00ed para solicitar un presupuesto gratuito 5.0 De 52 Comentarios Bienvenido a The Room Marketing, donde la creatividad no tiene l\u00edmites y el compromiso alcanza nuevas cotas. \u00bfEst\u00e1 listo para revolucionar su presencia en las redes sociales? \u00danase [&hellip;]<\/p>\n","protected":false},"author":1,"featured_media":0,"parent":15158,"menu_order":0,"comment_status":"closed","ping_status":"closed","template":"","meta":{"site-sidebar-layout":"no-sidebar","site-content-layout":"page-builder","ast-site-content-layout":"full-width-container","site-content-style":"default","site-sidebar-style":"default","ast-global-header-display":"","ast-banner-title-visibility":"","ast-main-header-display":"","ast-hfb-above-header-display":"","ast-hfb-below-header-display":"","ast-hfb-mobile-header-display":"","site-post-title":"disabled","ast-breadcrumbs-content":"","ast-featured-img":"disabled","footer-sml-layout":"","ast-disable-related-posts":"","theme-transparent-header-meta":"","adv-header-id-meta":"","stick-header-meta":"","header-above-stick-meta":"","header-main-stick-meta":"","header-below-stick-meta":"","astra-migrate-meta-layouts":"set","ast-page-background-enabled":"default","ast-page-background-meta":{"desktop":{"background-color":"var(--ast-global-color-4)","background-image":"","background-repeat":"repeat","background-position":"center center","background-size":"auto","background-attachment":"scroll","background-type":"","background-media":"","overlay-type":"","overlay-color":"","overlay-opacity":"","overlay-gradient":""},"tablet":{"background-color":"","background-image":"","background-repeat":"repeat","background-position":"center center","background-size":"auto","background-attachment":"scroll","background-type":"","background-media":"","overlay-type":"","overlay-color":"","overlay-opacity":"","overlay-gradient":""},"mobile":{"background-color":"","background-image":"","background-repeat":"repeat","background-position":"center center","background-size":"auto","background-attachment":"scroll","background-type":"","background-media":"","overlay-type":"","overlay-color":"","overlay-opacity":"","overlay-gradient":""}},"ast-content-background-meta":{"desktop":{"background-color":"var(--ast-global-color-5)","background-image":"","background-repeat":"repeat","background-position":"center center","background-size":"auto","background-attachment":"scroll","background-type":"","background-media":"","overlay-type":"","overlay-color":"","overlay-opacity":"","overlay-gradient":""},"tablet":{"background-color":"var(--ast-global-color-5)","background-image":"","background-repeat":"repeat","background-position":"center center","background-size":"auto","background-attachment":"scroll","background-type":"","background-media":"","overlay-type":"","overlay-color":"","overlay-opacity":"","overlay-gradient":""},"mobile":{"background-color":"var(--ast-global-color-5)","background-image":"","background-repeat":"repeat","background-position":"center center","background-size":"auto","background-attachment":"scroll","background-type":"","background-media":"","overlay-type":"","overlay-color":"","overlay-opacity":"","overlay-gradient":""}},"footnotes":""},"class_list":["post-15190","page","type-page","status-publish","hentry"],"_links":{"self":[{"href":"https:\/\/theroommarketing.com\/es\/wp-json\/wp\/v2\/pages\/15190","targetHints":{"allow":["GET"]}}],"collection":[{"href":"https:\/\/theroommarketing.com\/es\/wp-json\/wp\/v2\/pages"}],"about":[{"href":"https:\/\/theroommarketing.com\/es\/wp-json\/wp\/v2\/types\/page"}],"author":[{"embeddable":true,"href":"https:\/\/theroommarketing.com\/es\/wp-json\/wp\/v2\/users\/1"}],"replies":[{"embeddable":true,"href":"https:\/\/theroommarketing.com\/es\/wp-json\/wp\/v2\/comments?post=15190"}],"version-history":[{"count":5,"href":"https:\/\/theroommarketing.com\/es\/wp-json\/wp\/v2\/pages\/15190\/revisions"}],"predecessor-version":[{"id":21916,"href":"https:\/\/theroommarketing.com\/es\/wp-json\/wp\/v2\/pages\/15190\/revisions\/21916"}],"up":[{"embeddable":true,"href":"https:\/\/theroommarketing.com\/es\/wp-json\/wp\/v2\/pages\/15158"}],"wp:attachment":[{"href":"https:\/\/theroommarketing.com\/es\/wp-json\/wp\/v2\/media?parent=15190"}],"curies":[{"name":"wp","href":"https:\/\/api.w.org\/{rel}","templated":true}]}}