{"id":15193,"date":"2021-09-30T20:51:57","date_gmt":"2021-09-30T20:51:57","guid":{"rendered":"https:\/\/theroommarketing.com\/responsabilidad-social\/"},"modified":"2024-11-05T17:01:42","modified_gmt":"2024-11-05T17:01:42","slug":"responsabilidad-social","status":"publish","type":"page","link":"https:\/\/theroommarketing.com\/es\/quienes-somos\/responsabilidad-social\/","title":{"rendered":"Responsabilidad social"},"content":{"rendered":"\t\t<div data-elementor-type=\"wp-page\" data-elementor-id=\"15193\" class=\"elementor elementor-15193 elementor-7260\" data-elementor-post-type=\"page\">\n\t\t\t\t\t\t<section class=\"elementor-section elementor-top-section elementor-element elementor-element-d5002bb elementor-section-height-min-height elementor-section-boxed elementor-section-height-default elementor-section-items-middle\" data-id=\"d5002bb\" data-element_type=\"section\" data-e-type=\"section\" data-settings=\"{&quot;background_background&quot;:&quot;classic&quot;}\">\n\t\t\t\t\t\t<div class=\"elementor-container elementor-column-gap-default\">\n\t\t\t\t\t<div class=\"elementor-column elementor-col-100 elementor-top-column elementor-element elementor-element-720b087\" data-id=\"720b087\" data-element_type=\"column\" data-e-type=\"column\">\n\t\t\t<div class=\"elementor-widget-wrap elementor-element-populated\">\n\t\t\t\t\t\t<div class=\"elementor-element elementor-element-64ae4d7 elementor-widget elementor-widget-heading\" data-id=\"64ae4d7\" data-element_type=\"widget\" data-e-type=\"widget\" data-widget_type=\"heading.default\">\n\t\t\t\t<div class=\"elementor-widget-container\">\n\t\t\t\t\t<h1 class=\"elementor-heading-title elementor-size-default\">Responsabilidad social<\/h1>\t\t\t\t<\/div>\n\t\t\t\t<\/div>\n\t\t\t\t<div class=\"elementor-element elementor-element-5831134 elementor-widget elementor-widget-text-editor\" data-id=\"5831134\" data-element_type=\"widget\" data-e-type=\"widget\" data-widget_type=\"text-editor.default\">\n\t\t\t\t<div class=\"elementor-widget-container\">\n\t\t\t\t\t\t\t\t\t<p>\u00a1Adoptemos el esp\u00edritu de retribuir a nuestras fundaciones locales! \ud83c\udfe1\ud83d\udc96 Apoy\u00e1ndoles, invertimos en el bienestar de nuestra comunidad y creamos un cambio positivo y duradero. \ud83c\udf08 Sus contribuciones, ya sean de tiempo, habilidades o recursos, repercuten directamente en la vida de las personas y fortalecen los lazos que hacen prosperar a nuestra comunidad. Seamos los agentes del cambio que nuestro barrio necesita. \ud83c\udf0d\ud83d\udcaa #GiveBack #CommunityUnity #SupportLocalFoundations<\/p>\n\t\t\t\t\t\t\t\t<\/div>\n\t\t\t\t<\/div>\n\t\t\t\t\t<\/div>\n\t\t<\/div>\n\t\t\t\t\t<\/div>\n\t\t<\/section>\n\t\t\t\t<section class=\"elementor-section elementor-top-section elementor-element elementor-element-07110a2 elementor-section-boxed elementor-section-height-default elementor-section-height-default\" data-id=\"07110a2\" data-element_type=\"section\" data-e-type=\"section\">\n\t\t\t\t\t\t<div class=\"elementor-container elementor-column-gap-default\">\n\t\t\t\t\t<div class=\"elementor-column elementor-col-33 elementor-top-column elementor-element elementor-element-39a36e7\" data-id=\"39a36e7\" data-element_type=\"column\" data-e-type=\"column\">\n\t\t\t<div class=\"elementor-widget-wrap elementor-element-populated\">\n\t\t\t\t\t\t<div class=\"elementor-element elementor-element-901154d elementor-widget elementor-widget-image\" data-id=\"901154d\" data-element_type=\"widget\" data-e-type=\"widget\" data-widget_type=\"image.default\">\n\t\t\t\t<div class=\"elementor-widget-container\">\n\t\t\t\t\t\t\t\t\t\t\t\t\t\t\t\t<a href=\"https:\/\/coafoundation.com\/\" target=\"_blank\" rel=\"noopener\">\n\t\t\t\t\t\t\t<img fetchpriority=\"high\" decoding=\"async\" width=\"318\" height=\"211\" src=\"https:\/\/theroommarketing.com\/wp-content\/uploads\/2023\/11\/coa-web-logo.png\" class=\"attachment-large size-large wp-image-15114\" alt=\"Digital Marketing\" srcset=\"https:\/\/theroommarketing.com\/wp-content\/uploads\/2023\/11\/coa-web-logo.png 318w, https:\/\/theroommarketing.com\/wp-content\/uploads\/2023\/11\/coa-web-logo-300x199.png 300w\" sizes=\"(max-width: 318px) 100vw, 318px\" title=\"Digital Marketing\">\t\t\t\t\t\t\t\t<\/a>\n\t\t\t\t\t\t\t\t\t\t\t\t\t\t\t<\/div>\n\t\t\t\t<\/div>\n\t\t\t\t\t<\/div>\n\t\t<\/div>\n\t\t\t\t<div class=\"elementor-column elementor-col-33 elementor-top-column elementor-element elementor-element-8a926ac\" data-id=\"8a926ac\" data-element_type=\"column\" data-e-type=\"column\">\n\t\t\t<div class=\"elementor-widget-wrap elementor-element-populated\">\n\t\t\t\t\t\t<div class=\"elementor-element elementor-element-cdd5eee elementor-widget elementor-widget-image\" data-id=\"cdd5eee\" data-element_type=\"widget\" data-e-type=\"widget\" data-widget_type=\"image.default\">\n\t\t\t\t<div class=\"elementor-widget-container\">\n\t\t\t\t\t\t\t\t\t\t\t\t\t\t\t\t<a href=\"https:\/\/www.ceccarelli-rosenberg.org\/donate\/\" target=\"_blank\" rel=\"noopener\">\n\t\t\t\t\t\t\t<img decoding=\"async\" width=\"1024\" height=\"168\" src=\"https:\/\/theroommarketing.com\/wp-content\/uploads\/2023\/11\/THE_CR_FOUNDATION2-2048x335-1-1024x168.png\" class=\"attachment-large size-large wp-image-15115\" alt=\"Digital Marketing\" srcset=\"https:\/\/theroommarketing.com\/wp-content\/uploads\/2023\/11\/THE_CR_FOUNDATION2-2048x335-1-1024x168.png 1024w, https:\/\/theroommarketing.com\/wp-content\/uploads\/2023\/11\/THE_CR_FOUNDATION2-2048x335-1-300x49.png 300w, https:\/\/theroommarketing.com\/wp-content\/uploads\/2023\/11\/THE_CR_FOUNDATION2-2048x335-1-768x126.png 768w, https:\/\/theroommarketing.com\/wp-content\/uploads\/2023\/11\/THE_CR_FOUNDATION2-2048x335-1-1536x251.png 1536w, https:\/\/theroommarketing.com\/wp-content\/uploads\/2023\/11\/THE_CR_FOUNDATION2-2048x335-1-1320x216.png 1320w, https:\/\/theroommarketing.com\/wp-content\/uploads\/2023\/11\/THE_CR_FOUNDATION2-2048x335-1.png 2048w\" sizes=\"(max-width: 1024px) 100vw, 1024px\" title=\"Digital Marketing\">\t\t\t\t\t\t\t\t<\/a>\n\t\t\t\t\t\t\t\t\t\t\t\t\t\t\t<\/div>\n\t\t\t\t<\/div>\n\t\t\t\t\t<\/div>\n\t\t<\/div>\n\t\t\t\t<div class=\"elementor-column elementor-col-33 elementor-top-column elementor-element elementor-element-38a4a6c\" data-id=\"38a4a6c\" data-element_type=\"column\" data-e-type=\"column\">\n\t\t\t<div class=\"elementor-widget-wrap elementor-element-populated\">\n\t\t\t\t\t\t<div class=\"elementor-element elementor-element-bbfd8df elementor-widget elementor-widget-image\" data-id=\"bbfd8df\" data-element_type=\"widget\" data-e-type=\"widget\" data-widget_type=\"image.default\">\n\t\t\t\t<div class=\"elementor-widget-container\">\n\t\t\t\t\t\t\t\t\t\t\t\t\t\t\t\t<a href=\"https:\/\/iamhopeful.net\/\" target=\"_blank\" rel=\"noopener\">\n\t\t\t\t\t\t\t<img decoding=\"async\" width=\"728\" height=\"1024\" src=\"https:\/\/theroommarketing.com\/wp-content\/uploads\/2023\/11\/hope-copy-728x1024.png\" class=\"attachment-large size-large wp-image-15116\" alt=\"Digital Marketing\" srcset=\"https:\/\/theroommarketing.com\/wp-content\/uploads\/2023\/11\/hope-copy-728x1024.png 728w, https:\/\/theroommarketing.com\/wp-content\/uploads\/2023\/11\/hope-copy-213x300.png 213w, https:\/\/theroommarketing.com\/wp-content\/uploads\/2023\/11\/hope-copy-768x1081.png 768w, https:\/\/theroommarketing.com\/wp-content\/uploads\/2023\/11\/hope-copy.png 806w\" sizes=\"(max-width: 728px) 100vw, 728px\" title=\"Digital Marketing\">\t\t\t\t\t\t\t\t<\/a>\n\t\t\t\t\t\t\t\t\t\t\t\t\t\t\t<\/div>\n\t\t\t\t<\/div>\n\t\t\t\t\t<\/div>\n\t\t<\/div>\n\t\t\t\t\t<\/div>\n\t\t<\/section>\n\t\t\t\t<section class=\"elementor-section elementor-top-section elementor-element elementor-element-2ab3bb07 elementor-section-boxed elementor-section-height-default elementor-section-height-default\" data-id=\"2ab3bb07\" data-element_type=\"section\" data-e-type=\"section\">\n\t\t\t\t\t\t<div class=\"elementor-container elementor-column-gap-default\">\n\t\t\t\t\t<div class=\"elementor-column elementor-col-100 elementor-top-column elementor-element elementor-element-7006c41f\" data-id=\"7006c41f\" data-element_type=\"column\" data-e-type=\"column\">\n\t\t\t<div class=\"elementor-widget-wrap elementor-element-populated\">\n\t\t\t\t\t\t<div class=\"elementor-element elementor-element-58ff6019 elementor-widget elementor-widget-text-editor\" data-id=\"58ff6019\" data-element_type=\"widget\" data-e-type=\"widget\" data-widget_type=\"text-editor.default\">\n\t\t\t\t<div class=\"elementor-widget-container\">\n\t\t\t\t\t\t\t\t\t\n<p>En The Room Marketing nos preocupamos por la comunidad, el medio ambiente, la diversidad y las normas publicitarias.<\/p>\n\n<p>Creemos que los empresarios, l\u00edderes empresariales y personas influyentes en los negocios deben ir m\u00e1s all\u00e1 de los intereses de sus empresas y cumplir su responsabilidad social corporativa con las comunidades a las que sirven.<\/p>\n\n<h2><strong>Preservaci\u00f3n del medio ambiente<\/strong><\/h2>\n\n<p>Cuando hablamos de cuidar a la comunidad, nos referimos a cuestiones que suponen un reto medioambiental, como los residuos de productos, la energ\u00eda, etc. En The Room Marketing imprimimos todos nuestros productos en papel 100% reciclado, lo que nos ayuda a contribuir a una causa social. Adem\u00e1s, contamos con una planta de reciclaje en nuestras oficinas que proporciona una mayor flexibilidad a la hora de alcanzar nuestros objetivos de responsabilidad social. \u00bfQu\u00e9 nos hace diferentes? Pues bien, alojamos todos los sitios web y copias de seguridad de nuestros clientes en Centros de Datos alimentados por el sol y el viento que ahorran mucha energ\u00eda, que puede ser utilizada por la comunidad.<\/p>\n\n<h2><strong>Diversidad cultural<\/strong><\/h2>\n\n<p>En The Room Marketing creemos firmemente en la diversidad cultural y respetamos todas las culturas sin ning\u00fan prejuicio. El \u00e9xito de nuestra empresa radica en el proceso creativo que ofrece igualdad de oportunidades a las personas que desean hacer negocios con nosotros. Adem\u00e1s, ofrecemos servicio biling\u00fce ingl\u00e9s\/espa\u00f1ol y participamos en festivales de m\u00fasica multicultural, actos educativos y redes de contactos.<\/p>\n\n<h2><strong>Normas de publicidad<\/strong><\/h2>\n\n<p>Dado que The Room Marketing es una de las principales partes interesadas en el marketing, tambi\u00e9n sentimos la imperiosa necesidad de mantenernos fieles a nuestros clientes y trabajar bajo la sombra de unas normas publicitarias puras pero \u00e9ticas que sean aceptables para las empresas pertenecientes a diversos entornos culturales. Asimismo, animamos a nuestros clientes a fomentar una cultura de normas de marketing colaborativas y a proteger a todos los consumidores contra la publicidad desleal, enga\u00f1osa y\/o fraudulenta.<\/p>\n<h2>Retribuir<\/h2>\n<p>En The Room Marketing, la comunidad est\u00e1 en el centro de todo lo que hacemos. Nos dedicamos a devolver y a marcar una diferencia tangible en las vidas de quienes nos rodean. Mediante asociaciones con organizaciones ben\u00e9ficas locales, actividades de voluntariado e iniciativas dirigidas a potenciar nuestros barrios, nos esforzamos por crear un impacto positivo. Apoyamos activamente los actos comunitarios, patrocinamos causas locales y animamos a nuestro equipo a participar en trabajos de voluntariado. Nuestro compromiso de retribuir no es s\u00f3lo una opci\u00f3n, sino una parte esencial de nuestra identidad, porque creemos que una comunidad pr\u00f3spera se construye sobre el apoyo colectivo y la responsabilidad compartida.<\/p>\n\t\t\t\t\t\t\t\t<\/div>\n\t\t\t\t<\/div>\n\t\t\t\t\t<\/div>\n\t\t<\/div>\n\t\t\t\t\t<\/div>\n\t\t<\/section>\n\t\t\t\t<\/div>\n\t\t","protected":false},"excerpt":{"rendered":"<p>Responsabilidad social \u00a1Adoptemos el esp\u00edritu de retribuir a nuestras fundaciones locales! \ud83c\udfe1\ud83d\udc96 Apoy\u00e1ndoles, invertimos en el bienestar de nuestra comunidad y creamos un cambio positivo y duradero. \ud83c\udf08 Sus contribuciones, ya sean de tiempo, habilidades o recursos, repercuten directamente en la vida de las personas y fortalecen los lazos que hacen prosperar a nuestra comunidad. [&hellip;]<\/p>\n","protected":false},"author":1,"featured_media":0,"parent":15174,"menu_order":0,"comment_status":"closed","ping_status":"closed","template":"","meta":{"site-sidebar-layout":"no-sidebar","site-content-layout":"page-builder","ast-site-content-layout":"full-width-container","site-content-style":"unboxed","site-sidebar-style":"unboxed","ast-global-header-display":"","ast-banner-title-visibility":"","ast-main-header-display":"","ast-hfb-above-header-display":"","ast-hfb-below-header-display":"","ast-hfb-mobile-header-display":"","site-post-title":"","ast-breadcrumbs-content":"","ast-featured-img":"","footer-sml-layout":"","ast-disable-related-posts":"","theme-transparent-header-meta":"","adv-header-id-meta":"","stick-header-meta":"","header-above-stick-meta":"","header-main-stick-meta":"","header-below-stick-meta":"","astra-migrate-meta-layouts":"default","ast-page-background-enabled":"default","ast-page-background-meta":{"desktop":{"background-color":"var(--ast-global-color-4)","background-image":"","background-repeat":"repeat","background-position":"center center","background-size":"auto","background-attachment":"scroll","background-type":"","background-media":"","overlay-type":"","overlay-color":"","overlay-opacity":"","overlay-gradient":""},"tablet":{"background-color":"","background-image":"","background-repeat":"repeat","background-position":"center center","background-size":"auto","background-attachment":"scroll","background-type":"","background-media":"","overlay-type":"","overlay-color":"","overlay-opacity":"","overlay-gradient":""},"mobile":{"background-color":"","background-image":"","background-repeat":"repeat","background-position":"center center","background-size":"auto","background-attachment":"scroll","background-type":"","background-media":"","overlay-type":"","overlay-color":"","overlay-opacity":"","overlay-gradient":""}},"ast-content-background-meta":{"desktop":{"background-color":"var(--ast-global-color-5)","background-image":"","background-repeat":"repeat","background-position":"center center","background-size":"auto","background-attachment":"scroll","background-type":"","background-media":"","overlay-type":"","overlay-color":"","overlay-opacity":"","overlay-gradient":""},"tablet":{"background-color":"var(--ast-global-color-5)","background-image":"","background-repeat":"repeat","background-position":"center center","background-size":"auto","background-attachment":"scroll","background-type":"","background-media":"","overlay-type":"","overlay-color":"","overlay-opacity":"","overlay-gradient":""},"mobile":{"background-color":"var(--ast-global-color-5)","background-image":"","background-repeat":"repeat","background-position":"center center","background-size":"auto","background-attachment":"scroll","background-type":"","background-media":"","overlay-type":"","overlay-color":"","overlay-opacity":"","overlay-gradient":""}},"footnotes":""},"class_list":["post-15193","page","type-page","status-publish","hentry"],"_links":{"self":[{"href":"https:\/\/theroommarketing.com\/es\/wp-json\/wp\/v2\/pages\/15193","targetHints":{"allow":["GET"]}}],"collection":[{"href":"https:\/\/theroommarketing.com\/es\/wp-json\/wp\/v2\/pages"}],"about":[{"href":"https:\/\/theroommarketing.com\/es\/wp-json\/wp\/v2\/types\/page"}],"author":[{"embeddable":true,"href":"https:\/\/theroommarketing.com\/es\/wp-json\/wp\/v2\/users\/1"}],"replies":[{"embeddable":true,"href":"https:\/\/theroommarketing.com\/es\/wp-json\/wp\/v2\/comments?post=15193"}],"version-history":[{"count":6,"href":"https:\/\/theroommarketing.com\/es\/wp-json\/wp\/v2\/pages\/15193\/revisions"}],"predecessor-version":[{"id":20984,"href":"https:\/\/theroommarketing.com\/es\/wp-json\/wp\/v2\/pages\/15193\/revisions\/20984"}],"up":[{"embeddable":true,"href":"https:\/\/theroommarketing.com\/es\/wp-json\/wp\/v2\/pages\/15174"}],"wp:attachment":[{"href":"https:\/\/theroommarketing.com\/es\/wp-json\/wp\/v2\/media?parent=15193"}],"curies":[{"name":"wp","href":"https:\/\/api.w.org\/{rel}","templated":true}]}}