{"id":17163,"date":"2024-04-08T17:41:38","date_gmt":"2024-04-08T17:41:38","guid":{"rendered":"https:\/\/theroommarketing.com\/maximiza-el-impacto-de-tu-marca-con-servicios-expertos-de-gestion-de-anuncios\/"},"modified":"2024-12-04T03:23:31","modified_gmt":"2024-12-04T03:23:31","slug":"maximiza-el-impacto-de-tu-marca-con-servicios-expertos-de-gestion-de-anuncios","status":"publish","type":"page","link":"https:\/\/theroommarketing.com\/es\/maximiza-el-impacto-de-tu-marca-con-servicios-expertos-de-gestion-de-anuncios\/","title":{"rendered":"Maximiza el impacto de tu marca con servicios expertos de gesti\u00f3n de anuncios"},"content":{"rendered":"\t\t<div data-elementor-type=\"wp-page\" data-elementor-id=\"17163\" class=\"elementor elementor-17163 elementor-15211\" data-elementor-post-type=\"page\">\n\t\t\t\t\t\t<section class=\"elementor-section elementor-top-section elementor-element elementor-element-54fcbe19 elementor-section-items-stretch elementor-section-full_width elementor-section-height-min-height elementor-section-height-default\" data-id=\"54fcbe19\" data-element_type=\"section\" data-e-type=\"section\" data-settings=\"{&quot;background_background&quot;:&quot;classic&quot;}\">\n\t\t\t\t\t\t\t<div class=\"elementor-background-overlay\"><\/div>\n\t\t\t\t\t\t\t<div class=\"elementor-container elementor-column-gap-default\">\n\t\t\t\t\t<div class=\"elementor-column elementor-col-100 elementor-top-column elementor-element elementor-element-18850b45\" data-id=\"18850b45\" data-element_type=\"column\" data-e-type=\"column\">\n\t\t\t<div class=\"elementor-widget-wrap elementor-element-populated\">\n\t\t\t\t\t\t<div class=\"elementor-element elementor-element-70740cca elementor-widget__width-initial elementor-absolute animated-slow elementor-hidden-phone elementor-invisible elementor-widget elementor-widget-spacer\" data-id=\"70740cca\" data-element_type=\"widget\" data-e-type=\"widget\" data-settings=\"{&quot;motion_fx_motion_fx_mouse&quot;:&quot;yes&quot;,&quot;motion_fx_mouseTrack_effect&quot;:&quot;yes&quot;,&quot;motion_fx_mouseTrack_direction&quot;:&quot;negative&quot;,&quot;motion_fx_mouseTrack_speed&quot;:{&quot;unit&quot;:&quot;px&quot;,&quot;size&quot;:0.2,&quot;sizes&quot;:[]},&quot;_position&quot;:&quot;absolute&quot;,&quot;_animation&quot;:&quot;fadeIn&quot;,&quot;_animation_delay&quot;:1000}\" data-widget_type=\"spacer.default\">\n\t\t\t\t<div class=\"elementor-widget-container\">\n\t\t\t\t\t\t\t<div class=\"elementor-spacer\">\n\t\t\t<div class=\"elementor-spacer-inner\"><\/div>\n\t\t<\/div>\n\t\t\t\t\t\t<\/div>\n\t\t\t\t<\/div>\n\t\t\t\t<div class=\"elementor-element elementor-element-74c1f755 elementor-widget__width-initial elementor-absolute animated-slow elementor-hidden-phone elementor-invisible elementor-widget elementor-widget-spacer\" data-id=\"74c1f755\" data-element_type=\"widget\" data-e-type=\"widget\" data-settings=\"{&quot;motion_fx_motion_fx_mouse&quot;:&quot;yes&quot;,&quot;motion_fx_mouseTrack_effect&quot;:&quot;yes&quot;,&quot;motion_fx_mouseTrack_speed&quot;:{&quot;unit&quot;:&quot;px&quot;,&quot;size&quot;:0.2,&quot;sizes&quot;:[]},&quot;_position&quot;:&quot;absolute&quot;,&quot;_animation&quot;:&quot;fadeIn&quot;,&quot;_animation_delay&quot;:1000}\" data-widget_type=\"spacer.default\">\n\t\t\t\t<div class=\"elementor-widget-container\">\n\t\t\t\t\t\t\t<div class=\"elementor-spacer\">\n\t\t\t<div class=\"elementor-spacer-inner\"><\/div>\n\t\t<\/div>\n\t\t\t\t\t\t<\/div>\n\t\t\t\t<\/div>\n\t\t\t\t<div class=\"elementor-element elementor-element-1e6bb076 elementor-widget__width-initial elementor-absolute animated-slow elementor-hidden-phone elementor-invisible elementor-widget elementor-widget-spacer\" data-id=\"1e6bb076\" data-element_type=\"widget\" data-e-type=\"widget\" data-settings=\"{&quot;motion_fx_motion_fx_mouse&quot;:&quot;yes&quot;,&quot;motion_fx_mouseTrack_effect&quot;:&quot;yes&quot;,&quot;motion_fx_mouseTrack_speed&quot;:{&quot;unit&quot;:&quot;px&quot;,&quot;size&quot;:0.4,&quot;sizes&quot;:[]},&quot;_position&quot;:&quot;absolute&quot;,&quot;_animation&quot;:&quot;fadeIn&quot;,&quot;_animation_delay&quot;:1000,&quot;motion_fx_mouseTrack_direction&quot;:&quot;negative&quot;}\" data-widget_type=\"spacer.default\">\n\t\t\t\t<div class=\"elementor-widget-container\">\n\t\t\t\t\t\t\t<div class=\"elementor-spacer\">\n\t\t\t<div class=\"elementor-spacer-inner\"><\/div>\n\t\t<\/div>\n\t\t\t\t\t\t<\/div>\n\t\t\t\t<\/div>\n\t\t\t\t<div class=\"elementor-element elementor-element-10d27ac elementor-align-center elementor-widget elementor-widget-breadcrumbs\" data-id=\"10d27ac\" data-element_type=\"widget\" data-e-type=\"widget\" data-widget_type=\"breadcrumbs.default\">\n\t\t\t\t<div class=\"elementor-widget-container\">\n\t\t\t\t\t<nav aria-label=\"breadcrumbs\" class=\"rank-math-breadcrumb\"><p><span class=\"last\">Home<\/span><\/p><\/nav>\t\t\t\t<\/div>\n\t\t\t\t<\/div>\n\t\t\t\t<div class=\"elementor-element elementor-element-57f6c385 elementor-invisible elementor-widget elementor-widget-heading\" data-id=\"57f6c385\" data-element_type=\"widget\" data-e-type=\"widget\" data-settings=\"{&quot;_animation&quot;:&quot;fadeInLeft&quot;}\" data-widget_type=\"heading.default\">\n\t\t\t\t<div class=\"elementor-widget-container\">\n\t\t\t\t\t<h1 class=\"elementor-heading-title elementor-size-default\">Servicios de gesti\u00f3n de anuncios<\/h1>\t\t\t\t<\/div>\n\t\t\t\t<\/div>\n\t\t\t\t<div class=\"elementor-element elementor-element-452a4341 elementor-invisible elementor-widget elementor-widget-text-editor\" data-id=\"452a4341\" data-element_type=\"widget\" data-e-type=\"widget\" data-settings=\"{&quot;_animation&quot;:&quot;fadeIn&quot;}\" data-widget_type=\"text-editor.default\">\n\t\t\t\t<div class=\"elementor-widget-container\">\n\t\t\t\t\t\t\t\t\t<p>Maximiza el impacto de tu marca con servicios expertos de gesti\u00f3n de anuncios | The Room Marketing<\/p>\n\t\t\t\t\t\t\t\t<\/div>\n\t\t\t\t<\/div>\n\t\t\t\t\t<\/div>\n\t\t<\/div>\n\t\t\t\t\t<\/div>\n\t\t<\/section>\n\t\t\t\t<section class=\"elementor-section elementor-top-section elementor-element elementor-element-f78fd85 elementor-section-boxed elementor-section-height-default elementor-section-height-default\" data-id=\"f78fd85\" data-element_type=\"section\" data-e-type=\"section\">\n\t\t\t\t\t\t<div class=\"elementor-container elementor-column-gap-default\">\n\t\t\t\t\t<div class=\"elementor-column elementor-col-100 elementor-top-column elementor-element elementor-element-706a485\" data-id=\"706a485\" data-element_type=\"column\" data-e-type=\"column\">\n\t\t\t<div class=\"elementor-widget-wrap elementor-element-populated\">\n\t\t\t\t\t\t<div class=\"elementor-element elementor-element-2824a84 elementor-widget elementor-widget-text-editor\" data-id=\"2824a84\" data-element_type=\"widget\" data-e-type=\"widget\" data-widget_type=\"text-editor.default\">\n\t\t\t\t<div class=\"elementor-widget-container\">\n\t\t\t\t\t\t\t\t\t<p>En un panorama digital en constante evoluci\u00f3n, donde la atenci\u00f3n del consumidor es ef\u00edmera y la competencia feroz, destacar es m\u00e1s que un objetivo: es una necesidad. The Room Marketing entiende este imperativo como nadie, ofreciendo Servicios de Gesti\u00f3n de Anuncios dise\u00f1ados no s\u00f3lo para navegar por las complejidades de la publicidad digital, sino para redefinirlas. Esta inmersi\u00f3n en profundidad de 1000 palabras pretende dilucidar el enfoque transformador que emplea The Room Marketing para elevar las marcas, garantizando que no s\u00f3lo capten sino que cautiven a su p\u00fablico objetivo.<\/p>\n\t\t\t\t\t\t\t\t<\/div>\n\t\t\t\t<\/div>\n\t\t\t\t<div class=\"elementor-element elementor-element-6363995 elementor-widget elementor-widget-heading\" data-id=\"6363995\" data-element_type=\"widget\" data-e-type=\"widget\" data-widget_type=\"heading.default\">\n\t\t\t\t<div class=\"elementor-widget-container\">\n\t\t\t\t\t<h2 class=\"elementor-heading-title elementor-size-default\">La g\u00e9nesis del compromiso: Comprender el enfoque de The Room Marketing<\/h2>\t\t\t\t<\/div>\n\t\t\t\t<\/div>\n\t\t\t\t<div class=\"elementor-element elementor-element-84b11aa elementor-widget elementor-widget-text-editor\" data-id=\"84b11aa\" data-element_type=\"widget\" data-e-type=\"widget\" data-widget_type=\"text-editor.default\">\n\t\t\t\t<div class=\"elementor-widget-container\">\n\t\t\t\t\t\t\t\t\t<p>En esencia, The Room Marketing opera con una filosof\u00eda que trasciende las t\u00e1cticas publicitarias tradicionales. No se trata s\u00f3lo de llegar a un p\u00fablico; se trata de atraerlo, de comprender sus necesidades y de ofrecer contenido que resuene a nivel personal. Aqu\u00ed es donde brillan los Servicios de Gesti\u00f3n de Anuncios de The Room Marketing, que integran el an\u00e1lisis de datos, la narraci\u00f3n creativa y la colocaci\u00f3n estrat\u00e9gica para crear campa\u00f1as memorables y eficaces.<\/p>\n\t\t\t\t\t\t\t\t<\/div>\n\t\t\t\t<\/div>\n\t\t\t\t\t<\/div>\n\t\t<\/div>\n\t\t\t\t\t<\/div>\n\t\t<\/section>\n\t\t\t\t<section class=\"elementor-section elementor-top-section elementor-element elementor-element-35f9d45 elementor-section-boxed elementor-section-height-default elementor-section-height-default\" data-id=\"35f9d45\" data-element_type=\"section\" data-e-type=\"section\" data-settings=\"{&quot;background_background&quot;:&quot;classic&quot;}\">\n\t\t\t\t\t\t<div class=\"elementor-container elementor-column-gap-default\">\n\t\t\t\t\t<div class=\"elementor-column elementor-col-50 elementor-top-column elementor-element elementor-element-1806f62\" data-id=\"1806f62\" data-element_type=\"column\" data-e-type=\"column\">\n\t\t\t<div class=\"elementor-widget-wrap elementor-element-populated\">\n\t\t\t\t\t\t<div class=\"elementor-element elementor-element-7e67a6f elementor-widget elementor-widget-text-editor\" data-id=\"7e67a6f\" data-element_type=\"widget\" data-e-type=\"widget\" data-widget_type=\"text-editor.default\">\n\t\t\t\t<div class=\"elementor-widget-container\">\n\t\t\t\t\t\t\t\t\t<h2><strong>Estrategias basadas en datos: La br\u00fajula de las campa\u00f1as<\/strong><\/h2>\n<p>El viaje comienza con los datos, la br\u00fajula que gu\u00eda todas las campa\u00f1as. The Room Marketing aprovecha los an\u00e1lisis avanzados para comprender los comportamientos, preferencias y tendencias de la audiencia. Este enfoque basado en los datos garantiza que cada anuncio sea espec\u00edfico, llegando a las personas con m\u00e1s probabilidades de comprometerse con la marca. Mediante el an\u00e1lisis de m\u00e9tricas como las tasas de clics, los niveles de compromiso y las tasas de conversi\u00f3n, The Room Marketing perfecciona continuamente sus estrategias, garantizando que las campa\u00f1as no s\u00f3lo lleguen al p\u00fablico objetivo, sino que resuenen con \u00e9l.<\/p>\n\t\t\t\t\t\t\t\t<\/div>\n\t\t\t\t<\/div>\n\t\t\t\t\t<\/div>\n\t\t<\/div>\n\t\t\t\t<div class=\"elementor-column elementor-col-50 elementor-top-column elementor-element elementor-element-159ab48\" data-id=\"159ab48\" data-element_type=\"column\" data-e-type=\"column\">\n\t\t\t<div class=\"elementor-widget-wrap elementor-element-populated\">\n\t\t\t\t\t\t<div class=\"elementor-element elementor-element-8a6b571 elementor-widget elementor-widget-text-editor\" data-id=\"8a6b571\" data-element_type=\"widget\" data-e-type=\"widget\" data-widget_type=\"text-editor.default\">\n\t\t\t\t<div class=\"elementor-widget-container\">\n\t\t\t\t\t\t\t\t\t<h2><strong>La creatividad se une a la tecnolog\u00eda: Crear narrativas convincentes<\/strong><\/h2>\n<p>Lo que distingue a The Room Marketing es su capacidad para combinar la creatividad con la tecnolog\u00eda. En un escenario digital bombardeado de contenidos, destacar requiere algo m\u00e1s que visibilidad: exige compromiso. El equipo de profesionales creativos de The Room Marketing destaca en la elaboraci\u00f3n de narrativas que conectan a nivel emocional, haciendo que cada campa\u00f1a no s\u00f3lo se vea, sino que se sienta. Ya sea a trav\u00e9s de im\u00e1genes cautivadoras, textos convincentes o elementos interactivos, cada anuncio se dise\u00f1a para contar una historia, una que se alinee con la \u00e9tica de la marca y hable directamente de los deseos y necesidades de la audiencia.<\/p>\n\t\t\t\t\t\t\t\t<\/div>\n\t\t\t\t<\/div>\n\t\t\t\t\t<\/div>\n\t\t<\/div>\n\t\t\t\t\t<\/div>\n\t\t<\/section>\n\t\t\t\t<section class=\"elementor-section elementor-top-section elementor-element elementor-element-fc0d8ff elementor-section-boxed elementor-section-height-default elementor-section-height-default\" data-id=\"fc0d8ff\" data-element_type=\"section\" data-e-type=\"section\">\n\t\t\t\t\t\t<div class=\"elementor-container elementor-column-gap-default\">\n\t\t\t\t\t<div class=\"elementor-column elementor-col-100 elementor-top-column elementor-element elementor-element-fcf01c1\" data-id=\"fcf01c1\" data-element_type=\"column\" data-e-type=\"column\">\n\t\t\t<div class=\"elementor-widget-wrap elementor-element-populated\">\n\t\t\t\t\t\t<div class=\"elementor-element elementor-element-5d31121 elementor-widget elementor-widget-text-editor\" data-id=\"5d31121\" data-element_type=\"widget\" data-e-type=\"widget\" data-widget_type=\"text-editor.default\">\n\t\t\t\t<div class=\"elementor-widget-container\">\n\t\t\t\t\t\t\t\t\t<p><strong>Colocaci\u00f3n estrat\u00e9gica: Maximizar la visibilidad y el compromiso<\/strong><\/p>\n<p>La visibilidad es primordial en la publicidad digital, pero es la visibilidad estrat\u00e9gica la que realmente marca la diferencia. The Room Marketing no se limita a colocar anuncios, sino que los sit\u00faa estrat\u00e9gicamente donde tendr\u00e1n m\u00e1s impacto. Utilizando una combinaci\u00f3n de canales, desde plataformas de redes sociales a motores de b\u00fasqueda y m\u00e1s all\u00e1, The Room Marketing se asegura de que los anuncios no s\u00f3lo se muestren, sino que se muestren en contextos que aumenten su relevancia y atractivo. Esta colocaci\u00f3n estrat\u00e9gica est\u00e1 respaldada por una optimizaci\u00f3n continua, que garantiza que las campa\u00f1as sean \u00e1giles y se adapten a los cambios del panorama digital para mantener la m\u00e1xima eficacia y ROI.<\/p>\n<p><strong>Un espectro de servicios: Soluciones a medida para cada necesidad<\/strong><\/p>\n<p>Los Servicios de Gesti\u00f3n de Anuncios de The Room Marketing abarcan un amplio espectro de soluciones, adaptadas para satisfacer las diversas necesidades de las marcas en la era digital. Entre ellas est\u00e1n:<\/p>\n<ul>\n<li><strong>Optimizaci\u00f3n para motores de b\u00fasqueda (SEO):<\/strong> Mejora de la visibilidad online para garantizar que las marcas aparezcan en los primeros puestos de los resultados de los motores de b\u00fasqueda.<\/li>\n<li><strong>Publicidad de pago por clic (PPC):<\/strong> Maximizar el retorno de la inversi\u00f3n mediante la colocaci\u00f3n de anuncios espec\u00edficos, garantizando que las marcas paguen s\u00f3lo por los anuncios que funcionan.<\/li>\n<li><strong>Campa\u00f1as en Redes Sociales:<\/strong> Aprovechar el poder de las plataformas sociales para fomentar la comunidad, el compromiso y la fidelidad a la marca.<\/li>\n<li><strong>Marketing de contenidos:<\/strong> Crear y distribuir contenido valioso y relevante para atraer y retener a una audiencia claramente definida.<\/li>\n<\/ul>\n<p><strong>La diferencia de Room Marketing: Un socio en el crecimiento<\/strong><\/p>\n<p>Elegir The Room Marketing para los Servicios de Gesti\u00f3n de Anuncios significa algo m\u00e1s que externalizar los esfuerzos publicitarios; significa asociarte con un equipo dedicado al crecimiento de tu marca. Con un enfoque implacable en los resultados y un compromiso con la transparencia, The Room Marketing trabaja estrechamente con los clientes en cada paso, garantizando que las campa\u00f1as no s\u00f3lo tengan \u00e9xito, sino que tambi\u00e9n est\u00e9n alineadas con los objetivos y valores generales de la marca.<\/p>\n<p><strong>Historias de \u00e9xito: Pruebas de excelencia<\/strong><\/p>\n<p>La prueba, como suele decirse, est\u00e1 en el pud\u00edn. La cartera de The Room Marketing es un testimonio de su eficacia, con casos de \u00e9xito en diversos sectores. Desde empresas emergentes hasta marcas consolidadas, los clientes han visto resultados tangibles, desde aumentos significativos del tr\u00e1fico y el compromiso online hasta un crecimiento sustancial de las ventas y las conversiones. Estos \u00e9xitos ponen de relieve la capacidad de The Room Marketing no s\u00f3lo para cumplir las expectativas de los clientes, sino para superarlas, elaborando campa\u00f1as que cumplen tanto los objetivos como el rendimiento de la inversi\u00f3n.<\/p>\n<p><strong>Abrazar el futuro: Mantenerse a la vanguardia en un mundo digital<\/strong><\/p>\n<p>En un \u00e1mbito tan din\u00e1mico como el de la publicidad digital, el estancamiento es enemigo del \u00e9xito. The Room Marketing adopta esta realidad, evolucionando continuamente sus estrategias, tecnolog\u00edas y enfoques para mantenerse a la vanguardia. Manteniendo el pulso de las tendencias e innovaciones digitales, The Room Marketing se asegura de que sus Servicios de Gesti\u00f3n de Anuncios no s\u00f3lo respondan al panorama actual, sino que tambi\u00e9n se anticipen a los desarrollos futuros.<\/p>\n<p><strong>Tu marca, amplificada<\/strong><\/p>\n<p>En conclusi\u00f3n, los Servicios de Gesti\u00f3n de Anuncios de The Room Marketing representan algo m\u00e1s que una soluci\u00f3n para la publicidad digital; ofrecen una asociaci\u00f3n para el crecimiento y el compromiso de la marca en la era digital. Con una base construida sobre estrategias basadas en datos, narraci\u00f3n creativa y colocaci\u00f3n estrat\u00e9gica, The Room Marketing se asegura de que tu marca no s\u00f3lo navegue por el panorama digital, sino que prospere en \u00e9l.<\/p>\n\t\t\t\t\t\t\t\t<\/div>\n\t\t\t\t<\/div>\n\t\t\t\t\t<\/div>\n\t\t<\/div>\n\t\t\t\t\t<\/div>\n\t\t<\/section>\n\t\t\t\t<\/div>\n\t\t","protected":false},"excerpt":{"rendered":"<p>Home Servicios de gesti\u00f3n de anuncios Maximiza el impacto de tu marca con servicios expertos de gesti\u00f3n de anuncios | The Room Marketing En un panorama digital en constante evoluci\u00f3n, donde la atenci\u00f3n del consumidor es ef\u00edmera y la competencia feroz, destacar es m\u00e1s que un objetivo: es una necesidad. The Room Marketing entiende este [&hellip;]<\/p>\n","protected":false},"author":1,"featured_media":0,"parent":0,"menu_order":0,"comment_status":"closed","ping_status":"closed","template":"","meta":{"site-sidebar-layout":"no-sidebar","site-content-layout":"page-builder","ast-site-content-layout":"full-width-container","site-content-style":"default","site-sidebar-style":"default","ast-global-header-display":"","ast-banner-title-visibility":"","ast-main-header-display":"","ast-hfb-above-header-display":"","ast-hfb-below-header-display":"","ast-hfb-mobile-header-display":"","site-post-title":"disabled","ast-breadcrumbs-content":"","ast-featured-img":"disabled","footer-sml-layout":"","ast-disable-related-posts":"","theme-transparent-header-meta":"","adv-header-id-meta":"","stick-header-meta":"","header-above-stick-meta":"","header-main-stick-meta":"","header-below-stick-meta":"","astra-migrate-meta-layouts":"set","ast-page-background-enabled":"default","ast-page-background-meta":{"desktop":{"background-color":"var(--ast-global-color-4)","background-image":"","background-repeat":"repeat","background-position":"center center","background-size":"auto","background-attachment":"scroll","background-type":"","background-media":"","overlay-type":"","overlay-color":"","overlay-opacity":"","overlay-gradient":""},"tablet":{"background-color":"","background-image":"","background-repeat":"repeat","background-position":"center center","background-size":"auto","background-attachment":"scroll","background-type":"","background-media":"","overlay-type":"","overlay-color":"","overlay-opacity":"","overlay-gradient":""},"mobile":{"background-color":"","background-image":"","background-repeat":"repeat","background-position":"center center","background-size":"auto","background-attachment":"scroll","background-type":"","background-media":"","overlay-type":"","overlay-color":"","overlay-opacity":"","overlay-gradient":""}},"ast-content-background-meta":{"desktop":{"background-color":"var(--ast-global-color-5)","background-image":"","background-repeat":"repeat","background-position":"center center","background-size":"auto","background-attachment":"scroll","background-type":"","background-media":"","overlay-type":"","overlay-color":"","overlay-opacity":"","overlay-gradient":""},"tablet":{"background-color":"var(--ast-global-color-5)","background-image":"","background-repeat":"repeat","background-position":"center center","background-size":"auto","background-attachment":"scroll","background-type":"","background-media":"","overlay-type":"","overlay-color":"","overlay-opacity":"","overlay-gradient":""},"mobile":{"background-color":"var(--ast-global-color-5)","background-image":"","background-repeat":"repeat","background-position":"center center","background-size":"auto","background-attachment":"scroll","background-type":"","background-media":"","overlay-type":"","overlay-color":"","overlay-opacity":"","overlay-gradient":""}},"footnotes":""},"class_list":["post-17163","page","type-page","status-publish","hentry"],"_links":{"self":[{"href":"https:\/\/theroommarketing.com\/es\/wp-json\/wp\/v2\/pages\/17163","targetHints":{"allow":["GET"]}}],"collection":[{"href":"https:\/\/theroommarketing.com\/es\/wp-json\/wp\/v2\/pages"}],"about":[{"href":"https:\/\/theroommarketing.com\/es\/wp-json\/wp\/v2\/types\/page"}],"author":[{"embeddable":true,"href":"https:\/\/theroommarketing.com\/es\/wp-json\/wp\/v2\/users\/1"}],"replies":[{"embeddable":true,"href":"https:\/\/theroommarketing.com\/es\/wp-json\/wp\/v2\/comments?post=17163"}],"version-history":[{"count":6,"href":"https:\/\/theroommarketing.com\/es\/wp-json\/wp\/v2\/pages\/17163\/revisions"}],"predecessor-version":[{"id":21918,"href":"https:\/\/theroommarketing.com\/es\/wp-json\/wp\/v2\/pages\/17163\/revisions\/21918"}],"wp:attachment":[{"href":"https:\/\/theroommarketing.com\/es\/wp-json\/wp\/v2\/media?parent=17163"}],"curies":[{"name":"wp","href":"https:\/\/api.w.org\/{rel}","templated":true}]}}