{"id":17168,"date":"2022-07-25T12:49:31","date_gmt":"2022-07-25T12:49:31","guid":{"rendered":"https:\/\/theroommarketing.com\/recursos\/"},"modified":"2024-06-21T12:58:47","modified_gmt":"2024-06-21T12:58:47","slug":"recursos","status":"publish","type":"page","link":"https:\/\/theroommarketing.com\/es\/recursos\/","title":{"rendered":"Recursos"},"content":{"rendered":"\t\t<div data-elementor-type=\"wp-page\" data-elementor-id=\"17168\" class=\"elementor elementor-17168 elementor-8946\" data-elementor-post-type=\"page\">\n\t\t\t\t\t\t<section class=\"elementor-section elementor-top-section elementor-element elementor-element-78960695 elementor-section-content-middle elementor-section-boxed elementor-section-height-default elementor-section-height-default\" data-id=\"78960695\" data-element_type=\"section\" data-e-type=\"section\" data-settings=\"{&quot;background_background&quot;:&quot;classic&quot;}\">\n\t\t\t\t\t\t<div class=\"elementor-container elementor-column-gap-no\">\n\t\t\t\t\t<div class=\"elementor-column elementor-col-100 elementor-top-column elementor-element elementor-element-19073fb5\" data-id=\"19073fb5\" data-element_type=\"column\" data-e-type=\"column\">\n\t\t\t<div class=\"elementor-widget-wrap elementor-element-populated\">\n\t\t\t\t\t\t<div class=\"elementor-element elementor-element-5983d674 elementor-widget elementor-widget-heading\" data-id=\"5983d674\" data-element_type=\"widget\" data-e-type=\"widget\" data-widget_type=\"heading.default\">\n\t\t\t\t<div class=\"elementor-widget-container\">\n\t\t\t\t\t<h1 class=\"elementor-heading-title elementor-size-default\">Recursos<\/h1>\t\t\t\t<\/div>\n\t\t\t\t<\/div>\n\t\t\t\t<div class=\"elementor-element elementor-element-082ba15 elementor-widget elementor-widget-heading\" data-id=\"082ba15\" data-element_type=\"widget\" data-e-type=\"widget\" data-widget_type=\"heading.default\">\n\t\t\t\t<div class=\"elementor-widget-container\">\n\t\t\t\t\t<h2 class=\"elementor-heading-title elementor-size-default\">Libros<\/h2>\t\t\t\t<\/div>\n\t\t\t\t<\/div>\n\t\t\t\t<section class=\"elementor-section elementor-inner-section elementor-element elementor-element-1db54620 elementor-section-boxed elementor-section-height-default elementor-section-height-default\" data-id=\"1db54620\" data-element_type=\"section\" data-e-type=\"section\">\n\t\t\t\t\t\t<div class=\"elementor-container elementor-column-gap-default\">\n\t\t\t\t\t<div class=\"elementor-column elementor-col-50 elementor-inner-column elementor-element elementor-element-69e59db6\" data-id=\"69e59db6\" data-element_type=\"column\" data-e-type=\"column\">\n\t\t\t<div class=\"elementor-widget-wrap elementor-element-populated\">\n\t\t\t\t\t\t<div class=\"elementor-element elementor-element-8d6d740 elementor-widget elementor-widget-html\" data-id=\"8d6d740\" data-element_type=\"widget\" data-e-type=\"widget\" data-widget_type=\"html.default\">\n\t\t\t\t<div class=\"elementor-widget-container\">\n\t\t\t\t\t<iframe sandbox=\"allow-popups allow-scripts allow-modals allow-forms allow-same-origin\" style=\"width:120px;height:240px;\" marginwidth=\"0\" marginheight=\"0\" scrolling=\"no\" frameborder=\"0\" src=\"\/\/ws-na.amazon-adsystem.com\/widgets\/q?ServiceVersion=20070822&amp;OneJS=1&amp;Operation=GetAdHtml&amp;MarketPlace=US&amp;source=ss&amp;ref=as_ss_li_til&amp;ad_type=product_link&amp;tracking_id=theroom00-20&amp;language=en_US&amp;marketplace=amazon&amp;region=US&amp;placement=B08QSCCD59&amp;asins=B08QSCCD59&amp;linkId=d4bfb552d01059b9f6d165d8775b78c5&amp;show_border=true&amp;link_opens_in_new_window=true\"><\/iframe>\t\t\t\t<\/div>\n\t\t\t\t<\/div>\n\t\t\t\t\t<\/div>\n\t\t<\/div>\n\t\t\t\t<div class=\"elementor-column elementor-col-50 elementor-inner-column elementor-element elementor-element-12de3362\" data-id=\"12de3362\" data-element_type=\"column\" data-e-type=\"column\">\n\t\t\t<div class=\"elementor-widget-wrap elementor-element-populated\">\n\t\t\t\t\t\t<div class=\"elementor-element elementor-element-df4e951 elementor-widget elementor-widget-text-editor\" data-id=\"df4e951\" data-element_type=\"widget\" data-e-type=\"widget\" data-widget_type=\"text-editor.default\">\n\t\t\t\t<div class=\"elementor-widget-container\">\n\t\t\t\t\t\t\t\t\t<h3 id=\"title\" class=\"a-spacing-none a-text-normal\"><span id=\"productTitle\" class=\"a-size-extra-large\">L\u00e1nzate!: Lib\u00e9rate de los miedos que te mantienen estancado (Spanish Edition)<\/span><\/h3>\n<p>\u00bfSientes que el miedo te tiene secuestrado? \u00bfBuscas excusas para justificar tu estancamiento?<\/p>\n<p>Ya sea en tu trabajo, tu negocio, tu salud o tus relaciones, este libro transformar\u00e1 tus miedos en confianza, motivaci\u00f3n y resultados concretos y reales.<\/p>\n<p>Consid\u00e9ralo tu gu\u00eda hacia el \u00e9xito (algo as\u00ed como el Maestro Yoda, pero sin la palabrer\u00eda rara). As\u00ed que prep\u00e1rate porque \u00a1L\u00e1nzate! te llevar\u00e1 a descubrir que eres m\u00e1s capaz de lo que te han hecho creer. Este libro te ayudar\u00e1 a: -Superar los miedos que te mantienen estancado. -Pasar de v\u00edctima a vencedor. -Callar tus pensamientos negativos (tu gilipollas interior). &#8211;<\/p>\n<p>Despierta tu creatividad para resolver tus propios problemas. -Toma decisiones que vayan con TUS objetivos. -Desprogramarte de las creencias que te limitan. -Libera tu valor, tus habilidades y tu potencial.<\/p>\n\t\t\t\t\t\t\t\t<\/div>\n\t\t\t\t<\/div>\n\t\t\t\t\t<\/div>\n\t\t<\/div>\n\t\t\t\t\t<\/div>\n\t\t<\/section>\n\t\t\t\t<section class=\"elementor-section elementor-inner-section elementor-element elementor-element-18c3d6eb elementor-section-boxed elementor-section-height-default elementor-section-height-default\" data-id=\"18c3d6eb\" data-element_type=\"section\" data-e-type=\"section\">\n\t\t\t\t\t\t<div class=\"elementor-container elementor-column-gap-default\">\n\t\t\t\t\t<div class=\"elementor-column elementor-col-50 elementor-inner-column elementor-element elementor-element-52dc7e79\" data-id=\"52dc7e79\" data-element_type=\"column\" data-e-type=\"column\">\n\t\t\t<div class=\"elementor-widget-wrap\">\n\t\t\t\t\t\t\t<\/div>\n\t\t<\/div>\n\t\t\t\t<div class=\"elementor-column elementor-col-50 elementor-inner-column elementor-element elementor-element-6888fbcc\" data-id=\"6888fbcc\" data-element_type=\"column\" data-e-type=\"column\">\n\t\t\t<div class=\"elementor-widget-wrap\">\n\t\t\t\t\t\t\t<\/div>\n\t\t<\/div>\n\t\t\t\t\t<\/div>\n\t\t<\/section>\n\t\t\t\t\t<\/div>\n\t\t<\/div>\n\t\t\t\t\t<\/div>\n\t\t<\/section>\n\t\t\t\t<section class=\"elementor-section elementor-top-section elementor-element elementor-element-d31ab3e elementor-section-content-middle elementor-section-boxed elementor-section-height-default elementor-section-height-default\" data-id=\"d31ab3e\" data-element_type=\"section\" data-e-type=\"section\" data-settings=\"{&quot;background_background&quot;:&quot;classic&quot;}\">\n\t\t\t\t\t\t<div class=\"elementor-container elementor-column-gap-no\">\n\t\t\t\t\t<div class=\"elementor-column elementor-col-100 elementor-top-column elementor-element elementor-element-cf9c6e6\" data-id=\"cf9c6e6\" data-element_type=\"column\" data-e-type=\"column\">\n\t\t\t<div class=\"elementor-widget-wrap elementor-element-populated\">\n\t\t\t\t\t\t<div class=\"elementor-element elementor-element-56a1a52 elementor-widget elementor-widget-heading\" data-id=\"56a1a52\" data-element_type=\"widget\" data-e-type=\"widget\" data-widget_type=\"heading.default\">\n\t\t\t\t<div class=\"elementor-widget-container\">\n\t\t\t\t\t<h2 class=\"elementor-heading-title elementor-size-default\">Audio y v\u00eddeo<\/h2>\t\t\t\t<\/div>\n\t\t\t\t<\/div>\n\t\t\t\t<section class=\"elementor-section elementor-inner-section elementor-element elementor-element-86e5fdb elementor-section-boxed elementor-section-height-default elementor-section-height-default\" data-id=\"86e5fdb\" data-element_type=\"section\" data-e-type=\"section\">\n\t\t\t\t\t\t<div class=\"elementor-container elementor-column-gap-default\">\n\t\t\t\t\t<div class=\"elementor-column elementor-col-50 elementor-inner-column elementor-element elementor-element-c30cb42\" data-id=\"c30cb42\" data-element_type=\"column\" data-e-type=\"column\">\n\t\t\t<div class=\"elementor-widget-wrap elementor-element-populated\">\n\t\t\t\t\t\t<div class=\"elementor-element elementor-element-47f3740 elementor-widget elementor-widget-html\" data-id=\"47f3740\" data-element_type=\"widget\" data-e-type=\"widget\" data-widget_type=\"html.default\">\n\t\t\t\t<div class=\"elementor-widget-container\">\n\t\t\t\t\t<iframe sandbox=\"allow-popups allow-scripts allow-modals allow-forms allow-same-origin\" style=\"width:120px;height:240px;\" marginwidth=\"0\" marginheight=\"0\" scrolling=\"no\" frameborder=\"0\" src=\"\/\/ws-na.amazon-adsystem.com\/widgets\/q?ServiceVersion=20070822&amp;OneJS=1&amp;Operation=GetAdHtml&amp;MarketPlace=US&amp;source=ss&amp;ref=as_ss_li_til&amp;ad_type=product_link&amp;tracking_id=theroom00-20&amp;language=en_US&amp;marketplace=amazon&amp;region=US&amp;placement=B08XFQ6KP9&amp;asins=B08XFQ6KP9&amp;linkId=bdc7d67f159bdc79aa56e81ac2f768ad&amp;show_border=true&amp;link_opens_in_new_window=true\"><\/iframe>\t\t\t\t<\/div>\n\t\t\t\t<\/div>\n\t\t\t\t\t<\/div>\n\t\t<\/div>\n\t\t\t\t<div class=\"elementor-column elementor-col-50 elementor-inner-column elementor-element elementor-element-8508640\" data-id=\"8508640\" data-element_type=\"column\" data-e-type=\"column\">\n\t\t\t<div class=\"elementor-widget-wrap elementor-element-populated\">\n\t\t\t\t\t\t<div class=\"elementor-element elementor-element-c3c6d20 elementor-widget elementor-widget-text-editor\" data-id=\"c3c6d20\" data-element_type=\"widget\" data-e-type=\"widget\" data-widget_type=\"text-editor.default\">\n\t\t\t\t<div class=\"elementor-widget-container\">\n\t\t\t\t\t\t\t\t\t<h3 id=\"title\" class=\"a-size-large a-spacing-none\"><span id=\"productTitle\" class=\"a-size-large product-title-word-break\">Sistema de micr\u00f3fono inal\u00e1mbrico de doble canal Rode Wireless GO II<\/span><\/h3>\n<ul class=\"a-unordered-list a-vertical a-spacing-mini\">\n<li><span class=\"a-list-item\">Sistema de micr\u00f3fono inal\u00e1mbrico de dos canales con micr\u00f3fono incorporado<\/span><\/li>\n<li><span class=\"a-list-item\">Serie IV Transmisi\u00f3n digital de 2,4 GHz<\/span><\/li>\n<li><span class=\"a-list-item\">Cifrado de 128 bits &#8211; Negro<\/span><\/li>\n<li><span class=\"a-list-item\">Pilas recargables<\/span><\/li>\n<li><span class=\"a-list-item\">Entradas de micr\u00f3fono de 1\/8<\/span><\/li>\n<\/ul>\n\t\t\t\t\t\t\t\t<\/div>\n\t\t\t\t<\/div>\n\t\t\t\t\t<\/div>\n\t\t<\/div>\n\t\t\t\t\t<\/div>\n\t\t<\/section>\n\t\t\t\t<section class=\"elementor-section elementor-inner-section elementor-element elementor-element-831adf8 elementor-section-boxed elementor-section-height-default elementor-section-height-default\" data-id=\"831adf8\" data-element_type=\"section\" data-e-type=\"section\">\n\t\t\t\t\t\t<div class=\"elementor-container elementor-column-gap-default\">\n\t\t\t\t\t<div class=\"elementor-column elementor-col-50 elementor-inner-column elementor-element elementor-element-79f92e7\" data-id=\"79f92e7\" data-element_type=\"column\" data-e-type=\"column\">\n\t\t\t<div class=\"elementor-widget-wrap\">\n\t\t\t\t\t\t\t<\/div>\n\t\t<\/div>\n\t\t\t\t<div class=\"elementor-column elementor-col-50 elementor-inner-column elementor-element elementor-element-29df45a\" data-id=\"29df45a\" data-element_type=\"column\" data-e-type=\"column\">\n\t\t\t<div class=\"elementor-widget-wrap\">\n\t\t\t\t\t\t\t<\/div>\n\t\t<\/div>\n\t\t\t\t\t<\/div>\n\t\t<\/section>\n\t\t\t\t\t<\/div>\n\t\t<\/div>\n\t\t\t\t\t<\/div>\n\t\t<\/section>\n\t\t\t\t<\/div>\n\t\t","protected":false},"excerpt":{"rendered":"<p>Recursos Libros L\u00e1nzate!: Lib\u00e9rate de los miedos que te mantienen estancado (Spanish Edition) \u00bfSientes que el miedo te tiene secuestrado? \u00bfBuscas excusas para justificar tu estancamiento? Ya sea en tu trabajo, tu negocio, tu salud o tus relaciones, este libro transformar\u00e1 tus miedos en confianza, motivaci\u00f3n y resultados concretos y reales. Consid\u00e9ralo tu gu\u00eda hacia [&hellip;]<\/p>\n","protected":false},"author":1,"featured_media":0,"parent":0,"menu_order":0,"comment_status":"closed","ping_status":"closed","template":"","meta":{"site-sidebar-layout":"default","site-content-layout":"","ast-site-content-layout":"default","site-content-style":"default","site-sidebar-style":"default","ast-global-header-display":"","ast-banner-title-visibility":"","ast-main-header-display":"","ast-hfb-above-header-display":"","ast-hfb-below-header-display":"","ast-hfb-mobile-header-display":"","site-post-title":"","ast-breadcrumbs-content":"","ast-featured-img":"","footer-sml-layout":"","ast-disable-related-posts":"","theme-transparent-header-meta":"","adv-header-id-meta":"","stick-header-meta":"","header-above-stick-meta":"","header-main-stick-meta":"","header-below-stick-meta":"","astra-migrate-meta-layouts":"default","ast-page-background-enabled":"default","ast-page-background-meta":{"desktop":{"background-color":"var(--ast-global-color-4)","background-image":"","background-repeat":"repeat","background-position":"center center","background-size":"auto","background-attachment":"scroll","background-type":"","background-media":"","overlay-type":"","overlay-color":"","overlay-opacity":"","overlay-gradient":""},"tablet":{"background-color":"","background-image":"","background-repeat":"repeat","background-position":"center center","background-size":"auto","background-attachment":"scroll","background-type":"","background-media":"","overlay-type":"","overlay-color":"","overlay-opacity":"","overlay-gradient":""},"mobile":{"background-color":"","background-image":"","background-repeat":"repeat","background-position":"center center","background-size":"auto","background-attachment":"scroll","background-type":"","background-media":"","overlay-type":"","overlay-color":"","overlay-opacity":"","overlay-gradient":""}},"ast-content-background-meta":{"desktop":{"background-color":"var(--ast-global-color-5)","background-image":"","background-repeat":"repeat","background-position":"center center","background-size":"auto","background-attachment":"scroll","background-type":"","background-media":"","overlay-type":"","overlay-color":"","overlay-opacity":"","overlay-gradient":""},"tablet":{"background-color":"var(--ast-global-color-5)","background-image":"","background-repeat":"repeat","background-position":"center center","background-size":"auto","background-attachment":"scroll","background-type":"","background-media":"","overlay-type":"","overlay-color":"","overlay-opacity":"","overlay-gradient":""},"mobile":{"background-color":"var(--ast-global-color-5)","background-image":"","background-repeat":"repeat","background-position":"center center","background-size":"auto","background-attachment":"scroll","background-type":"","background-media":"","overlay-type":"","overlay-color":"","overlay-opacity":"","overlay-gradient":""}},"footnotes":""},"class_list":["post-17168","page","type-page","status-publish","hentry"],"_links":{"self":[{"href":"https:\/\/theroommarketing.com\/es\/wp-json\/wp\/v2\/pages\/17168","targetHints":{"allow":["GET"]}}],"collection":[{"href":"https:\/\/theroommarketing.com\/es\/wp-json\/wp\/v2\/pages"}],"about":[{"href":"https:\/\/theroommarketing.com\/es\/wp-json\/wp\/v2\/types\/page"}],"author":[{"embeddable":true,"href":"https:\/\/theroommarketing.com\/es\/wp-json\/wp\/v2\/users\/1"}],"replies":[{"embeddable":true,"href":"https:\/\/theroommarketing.com\/es\/wp-json\/wp\/v2\/comments?post=17168"}],"version-history":[{"count":1,"href":"https:\/\/theroommarketing.com\/es\/wp-json\/wp\/v2\/pages\/17168\/revisions"}],"predecessor-version":[{"id":17169,"href":"https:\/\/theroommarketing.com\/es\/wp-json\/wp\/v2\/pages\/17168\/revisions\/17169"}],"wp:attachment":[{"href":"https:\/\/theroommarketing.com\/es\/wp-json\/wp\/v2\/media?parent=17168"}],"curies":[{"name":"wp","href":"https:\/\/api.w.org\/{rel}","templated":true}]}}