{"id":18932,"date":"2022-11-22T02:41:38","date_gmt":"2022-11-22T02:41:38","guid":{"rendered":"https:\/\/theroommarketing.com\/certificaciones\/"},"modified":"2024-11-05T16:58:56","modified_gmt":"2024-11-05T16:58:56","slug":"certificaciones","status":"publish","type":"page","link":"https:\/\/theroommarketing.com\/es\/quienes-somos\/certificaciones\/","title":{"rendered":"Certificaciones"},"content":{"rendered":"\t\t<div data-elementor-type=\"wp-page\" data-elementor-id=\"18932\" class=\"elementor elementor-18932 elementor-10186\" data-elementor-post-type=\"page\">\n\t\t\t\t\t\t<section class=\"elementor-section elementor-top-section elementor-element elementor-element-39f6c19 elementor-section-height-min-height elementor-section-boxed elementor-section-height-default elementor-section-items-middle\" data-id=\"39f6c19\" data-element_type=\"section\" data-e-type=\"section\" data-settings=\"{&quot;background_background&quot;:&quot;classic&quot;}\">\n\t\t\t\t\t\t<div class=\"elementor-container elementor-column-gap-default\">\n\t\t\t\t\t<div class=\"elementor-column elementor-col-100 elementor-top-column elementor-element elementor-element-5830022\" data-id=\"5830022\" data-element_type=\"column\" data-e-type=\"column\">\n\t\t\t<div class=\"elementor-widget-wrap elementor-element-populated\">\n\t\t\t\t\t\t<div class=\"elementor-element elementor-element-3f5c98f elementor-widget elementor-widget-heading\" data-id=\"3f5c98f\" data-element_type=\"widget\" data-e-type=\"widget\" data-widget_type=\"heading.default\">\n\t\t\t\t<div class=\"elementor-widget-container\">\n\t\t\t\t\t<h1 class=\"elementor-heading-title elementor-size-default\">Certificaciones empresariales<\/h1>\t\t\t\t<\/div>\n\t\t\t\t<\/div>\n\t\t\t\t<div class=\"elementor-element elementor-element-62628ef elementor-icon-list--layout-traditional elementor-list-item-link-full_width elementor-widget elementor-widget-icon-list\" data-id=\"62628ef\" data-element_type=\"widget\" data-e-type=\"widget\" data-widget_type=\"icon-list.default\">\n\t\t\t\t<div class=\"elementor-widget-container\">\n\t\t\t\t\t\t\t<ul class=\"elementor-icon-list-items\">\n\t\t\t\t\t\t\t<li class=\"elementor-icon-list-item\">\n\t\t\t\t\t\t\t\t\t\t\t<a href=\"https:\/\/theroommarketing.com\/wp-content\/uploads\/2022\/11\/MinorityWoman-Business-Certification.pdf\">\n\n\t\t\t\t\t\t\t\t\t\t\t\t<span class=\"elementor-icon-list-icon\">\n\t\t\t\t\t\t\t<svg aria-hidden=\"true\" class=\"e-font-icon-svg e-fas-check\" viewBox=\"0 0 512 512\" xmlns=\"http:\/\/www.w3.org\/2000\/svg\"><path d=\"M173.898 439.404l-166.4-166.4c-9.997-9.997-9.997-26.206 0-36.204l36.203-36.204c9.997-9.998 26.207-9.998 36.204 0L192 312.69 432.095 72.596c9.997-9.997 26.207-9.997 36.204 0l36.203 36.204c9.997 9.997 9.997 26.206 0 36.204l-294.4 294.401c-9.998 9.997-26.207 9.997-36.204-.001z\"><\/path><\/svg>\t\t\t\t\t\t<\/span>\n\t\t\t\t\t\t\t\t\t\t<span class=\"elementor-icon-list-text\">Certificaci\u00f3n de empresa minoritaria<\/span>\n\t\t\t\t\t\t\t\t\t\t\t<\/a>\n\t\t\t\t\t\t\t\t\t<\/li>\n\t\t\t\t\t\t\t\t<li class=\"elementor-icon-list-item\">\n\t\t\t\t\t\t\t\t\t\t\t<a href=\"https:\/\/theroommarketing.com\/wp-content\/uploads\/2022\/11\/Small-Business-Registration.pdf\">\n\n\t\t\t\t\t\t\t\t\t\t\t\t<span class=\"elementor-icon-list-icon\">\n\t\t\t\t\t\t\t<svg aria-hidden=\"true\" class=\"e-font-icon-svg e-fas-check\" viewBox=\"0 0 512 512\" xmlns=\"http:\/\/www.w3.org\/2000\/svg\"><path d=\"M173.898 439.404l-166.4-166.4c-9.997-9.997-9.997-26.206 0-36.204l36.203-36.204c9.997-9.998 26.207-9.998 36.204 0L192 312.69 432.095 72.596c9.997-9.997 26.207-9.997 36.204 0l36.203 36.204c9.997 9.997 9.997 26.206 0 36.204l-294.4 294.401c-9.998 9.997-26.207 9.997-36.204-.001z\"><\/path><\/svg>\t\t\t\t\t\t<\/span>\n\t\t\t\t\t\t\t\t\t\t<span class=\"elementor-icon-list-text\">Registro de Peque\u00f1as Empresas<\/span>\n\t\t\t\t\t\t\t\t\t\t\t<\/a>\n\t\t\t\t\t\t\t\t\t<\/li>\n\t\t\t\t\t\t<\/ul>\n\t\t\t\t\t\t<\/div>\n\t\t\t\t<\/div>\n\t\t\t\t\t<\/div>\n\t\t<\/div>\n\t\t\t\t\t<\/div>\n\t\t<\/section>\n\t\t<div class=\"elementor-element elementor-element-1ad07d8 e-flex e-con-boxed e-con e-parent\" data-id=\"1ad07d8\" data-element_type=\"container\" data-e-type=\"container\">\n\t\t\t\t\t<div class=\"e-con-inner\">\n\t\t\t\t<div class=\"elementor-element elementor-element-5f137d1 elementor-widget elementor-widget-text-editor\" data-id=\"5f137d1\" data-element_type=\"widget\" data-e-type=\"widget\" data-widget_type=\"text-editor.default\">\n\t\t\t\t<div class=\"elementor-widget-container\">\n\t\t\t\t\t\t\t\t\t<p>Las certificaciones empresariales son cruciales para las peque\u00f1as empresas que buscan obtener una ventaja competitiva, acceder a oportunidades exclusivas y demostrar credibilidad. En The Room Marketing, ayudamos a las empresas a navegar por el proceso de certificaci\u00f3n, a menudo complejo, para garantizar que cumplen los requisitos necesarios para prosperar en su sector. Tanto si eres una empresa propiedad de minor\u00edas como una peque\u00f1a empresa que busca registrarse, estamos aqu\u00ed para agilizar tu camino hacia el \u00e9xito.  <\/p>\n<h3><strong>Certificaci\u00f3n de empresa minoritaria<\/strong><\/h3>\n<p>Conseguir <strong>la Certificaci\u00f3n de Empresa Minoritaria (MBC)<\/strong> abre las puertas a oportunidades \u00fanicas que permiten a las empresas propiedad de minor\u00edas competir en un mercado m\u00e1s amplio. Al obtener la certificaci\u00f3n, obtienes acceso a contratos p\u00fablicos, programas de diversidad empresarial y diversas opciones de financiaci\u00f3n. La MBC ofrece a las empresas propiedad de afroamericanos, hispanos, nativos americanos, asi\u00e1ticos y otros grupos minoritarios la oportunidad de mostrar su diversidad y ganar mayor visibilidad.  <\/p>\n\t\t\t\t\t\t\t\t<\/div>\n\t\t\t\t<\/div>\n\t\t\t\t\t<\/div>\n\t\t\t\t<\/div>\n\t\t\t\t<section class=\"elementor-section elementor-top-section elementor-element elementor-element-fd62f64 elementor-section-boxed elementor-section-height-default elementor-section-height-default\" data-id=\"fd62f64\" data-element_type=\"section\" data-e-type=\"section\">\n\t\t\t\t\t\t<div class=\"elementor-container elementor-column-gap-default\">\n\t\t\t\t\t<div class=\"elementor-column elementor-col-100 elementor-top-column elementor-element elementor-element-43e2e1a\" data-id=\"43e2e1a\" data-element_type=\"column\" data-e-type=\"column\">\n\t\t\t<div class=\"elementor-widget-wrap elementor-element-populated\">\n\t\t\t\t\t\t\t<\/div>\n\t\t<\/div>\n\t\t\t\t\t<\/div>\n\t\t<\/section>\n\t\t\t\t<\/div>\n\t\t","protected":false},"excerpt":{"rendered":"<p>Certificaciones empresariales Certificaci\u00f3n de empresa minoritaria Registro de Peque\u00f1as Empresas Las certificaciones empresariales son cruciales para las peque\u00f1as empresas que buscan obtener una ventaja competitiva, acceder a oportunidades exclusivas y demostrar credibilidad. En The Room Marketing, ayudamos a las empresas a navegar por el proceso de certificaci\u00f3n, a menudo complejo, para garantizar que cumplen los [&hellip;]<\/p>\n","protected":false},"author":1,"featured_media":0,"parent":15174,"menu_order":0,"comment_status":"closed","ping_status":"closed","template":"elementor_header_footer","meta":{"site-sidebar-layout":"default","site-content-layout":"","ast-site-content-layout":"default","site-content-style":"default","site-sidebar-style":"default","ast-global-header-display":"","ast-banner-title-visibility":"","ast-main-header-display":"","ast-hfb-above-header-display":"","ast-hfb-below-header-display":"","ast-hfb-mobile-header-display":"","site-post-title":"","ast-breadcrumbs-content":"","ast-featured-img":"","footer-sml-layout":"","ast-disable-related-posts":"","theme-transparent-header-meta":"","adv-header-id-meta":"","stick-header-meta":"","header-above-stick-meta":"","header-main-stick-meta":"","header-below-stick-meta":"","astra-migrate-meta-layouts":"default","ast-page-background-enabled":"default","ast-page-background-meta":{"desktop":{"background-color":"var(--ast-global-color-4)","background-image":"","background-repeat":"repeat","background-position":"center center","background-size":"auto","background-attachment":"scroll","background-type":"","background-media":"","overlay-type":"","overlay-color":"","overlay-opacity":"","overlay-gradient":""},"tablet":{"background-color":"","background-image":"","background-repeat":"repeat","background-position":"center center","background-size":"auto","background-attachment":"scroll","background-type":"","background-media":"","overlay-type":"","overlay-color":"","overlay-opacity":"","overlay-gradient":""},"mobile":{"background-color":"","background-image":"","background-repeat":"repeat","background-position":"center center","background-size":"auto","background-attachment":"scroll","background-type":"","background-media":"","overlay-type":"","overlay-color":"","overlay-opacity":"","overlay-gradient":""}},"ast-content-background-meta":{"desktop":{"background-color":"var(--ast-global-color-5)","background-image":"","background-repeat":"repeat","background-position":"center center","background-size":"auto","background-attachment":"scroll","background-type":"","background-media":"","overlay-type":"","overlay-color":"","overlay-opacity":"","overlay-gradient":""},"tablet":{"background-color":"var(--ast-global-color-5)","background-image":"","background-repeat":"repeat","background-position":"center center","background-size":"auto","background-attachment":"scroll","background-type":"","background-media":"","overlay-type":"","overlay-color":"","overlay-opacity":"","overlay-gradient":""},"mobile":{"background-color":"var(--ast-global-color-5)","background-image":"","background-repeat":"repeat","background-position":"center center","background-size":"auto","background-attachment":"scroll","background-type":"","background-media":"","overlay-type":"","overlay-color":"","overlay-opacity":"","overlay-gradient":""}},"footnotes":""},"class_list":["post-18932","page","type-page","status-publish","hentry"],"_links":{"self":[{"href":"https:\/\/theroommarketing.com\/es\/wp-json\/wp\/v2\/pages\/18932","targetHints":{"allow":["GET"]}}],"collection":[{"href":"https:\/\/theroommarketing.com\/es\/wp-json\/wp\/v2\/pages"}],"about":[{"href":"https:\/\/theroommarketing.com\/es\/wp-json\/wp\/v2\/types\/page"}],"author":[{"embeddable":true,"href":"https:\/\/theroommarketing.com\/es\/wp-json\/wp\/v2\/users\/1"}],"replies":[{"embeddable":true,"href":"https:\/\/theroommarketing.com\/es\/wp-json\/wp\/v2\/comments?post=18932"}],"version-history":[{"count":1,"href":"https:\/\/theroommarketing.com\/es\/wp-json\/wp\/v2\/pages\/18932\/revisions"}],"predecessor-version":[{"id":18933,"href":"https:\/\/theroommarketing.com\/es\/wp-json\/wp\/v2\/pages\/18932\/revisions\/18933"}],"up":[{"embeddable":true,"href":"https:\/\/theroommarketing.com\/es\/wp-json\/wp\/v2\/pages\/15174"}],"wp:attachment":[{"href":"https:\/\/theroommarketing.com\/es\/wp-json\/wp\/v2\/media?parent=18932"}],"curies":[{"name":"wp","href":"https:\/\/api.w.org\/{rel}","templated":true}]}}