{"id":20960,"date":"2024-10-17T01:10:59","date_gmt":"2024-10-17T01:10:59","guid":{"rendered":"https:\/\/theroommarketing.com\/terminos-y-condiciones\/"},"modified":"2024-11-04T13:12:06","modified_gmt":"2024-11-04T13:12:06","slug":"terminos-y-condiciones","status":"publish","type":"page","link":"https:\/\/theroommarketing.com\/es\/terminos-y-condiciones\/","title":{"rendered":"t\u00e9rminos y condiciones"},"content":{"rendered":"\t\t<div data-elementor-type=\"wp-page\" data-elementor-id=\"20960\" class=\"elementor elementor-20960 elementor-20143\" data-elementor-post-type=\"page\">\n\t\t\t\t<div class=\"elementor-element elementor-element-3464c10f e-flex e-con-boxed e-con e-parent\" data-id=\"3464c10f\" data-element_type=\"container\" data-e-type=\"container\" data-settings=\"{&quot;background_background&quot;:&quot;classic&quot;}\">\n\t\t\t\t\t<div class=\"e-con-inner\">\n\t\t<div class=\"elementor-element elementor-element-13ab1e37 e-con-full e-flex e-con e-child\" data-id=\"13ab1e37\" data-element_type=\"container\" data-e-type=\"container\" data-settings=\"{&quot;background_background&quot;:&quot;classic&quot;}\">\n\t\t\t\t<div class=\"elementor-element elementor-element-308f6b3e elementor-widget elementor-widget-heading\" data-id=\"308f6b3e\" data-element_type=\"widget\" data-e-type=\"widget\" data-widget_type=\"heading.default\">\n\t\t\t\t<div class=\"elementor-widget-container\">\n\t\t\t\t\t<h1 class=\"elementor-heading-title elementor-size-default\">CONDICIONES GENERALES<\/h1>\t\t\t\t<\/div>\n\t\t\t\t<\/div>\n\t\t\t\t<\/div>\n\t\t\t\t\t<\/div>\n\t\t\t\t<\/div>\n\t\t<div class=\"elementor-element elementor-element-4fa33ab8 e-flex e-con-boxed e-con e-parent\" data-id=\"4fa33ab8\" data-element_type=\"container\" data-e-type=\"container\">\n\t\t\t\t\t<div class=\"e-con-inner\">\n\t\t\t\t<div class=\"elementor-element elementor-element-52e8f2d0 elementor-widget elementor-widget-text-editor\" data-id=\"52e8f2d0\" data-element_type=\"widget\" data-e-type=\"widget\" data-widget_type=\"text-editor.default\">\n\t\t\t\t<div class=\"elementor-widget-container\">\n\t\t\t\t\t\t\t\t\t<p class=\"p1\"><strong>1. ACEPTACI\u00d3N DEL USO DE LOS T\u00c9RMINOS Y CONDICIONES<\/strong><\/p>\n<p class=\"p2\">Tu acceso y uso de The Room Marketing est\u00e1n sujetos exclusivamente a estos T\u00e9rminos y Condiciones. No utilizar\u00e1 el Sitio Web para fines ilegales o prohibidos.<\/p>\n<p class=\"p2\">Al utilizar el Sitio Web, usted se compromete a aceptar plenamente todas las cl\u00e1usulas presentes en este documento. Si no acepta alguna de estas cl\u00e1usulas, deber\u00e1 dejar de utilizar el Sitio Web inmediatamente.<\/p>\n<p class=\"p1\"><strong>2. TARJETA DE CR\u00c9DITO\/DATOS DE PAGO<\/strong><\/p>\n<p class=\"p2\">No almacenamos los datos de su tarjeta de cr\u00e9dito\/PayPal\/pago. Todos los pagos son procesados por pasarelas de pago de terceros en servidores seguros y encriptados.<\/p>\n<p class=\"p1\"><strong>3. CONSEJO<\/strong><\/p>\n<p class=\"p2\">El contenido de este sitio web no pretende constituir ning\u00fan tipo de asesoramiento personal o profesional. Deber\u00edas tomar tu propia decisi\u00f3n. The Room Marketing no se hace responsable de sus decisiones.<\/p>\n<p class=\"p1\"><strong>4. RESTRICCIONES<\/strong><\/p>\n<p class=\"p2\">Usted est\u00e1 expresa y enf\u00e1ticamente restringido de todo lo siguiente:<\/p>\n<p class=\"p2\">-Descargar, copiar, reproducir, transmitir, almacenar, vender o distribuir cualquiera de los contenidos sin nuestro consentimiento previo por escrito.<\/p>\n<p class=\"p2\">-Usar este Sitio Web de una forma que sea perjudicial o que pueda ser perjudicial para este Sitio Web<\/p>\n<p class=\"p2\">-Utilizar este Sitio Web de forma contraria a las leyes y reglamentos aplicables<\/p>\n<p class=\"p2\">-Incurrir en cualquier actividad de miner\u00eda de datos, recolecci\u00f3n de datos, extracci\u00f3n de datos o cualquier otra actividad de tipo similar relacionada con este Sitio Web.<\/p>\n<p class=\"p2\">No podr\u00e1 acceder a determinadas \u00e1reas de este sitio web y nos reservamos todos los derechos para restringir a\u00fan m\u00e1s el acceso a otras \u00e1reas de este sitio web por su parte, en cualquier momento, a nuestra entera discreci\u00f3n.<\/p>\n<p class=\"p1\"><strong>5. SERVICIOS Y REEMBOLSOS<\/strong><\/p>\n<p class=\"p2\">Proporcionamos servicios de dise\u00f1o web y marketing digital de alta calidad a empresas. Adem\u00e1s, los precios est\u00e1n sujetos al GST y a otros impuestos federales aplicables.<\/p>\n<p class=\"p2\">-Ofrecemos devoluciones completas en caso de que la cancelaci\u00f3n se realice en las 48 horas siguientes a la realizaci\u00f3n del pedido.<\/p>\n<p class=\"p2\">-Si decides cancelar nuestros servicios despu\u00e9s de las 48 horas iniciales, se te podr\u00e1 cobrar una cantidad correspondiente a las horas de trabajo invertidas en tu proyecto.  <\/p>\n<p class=\"p2\">-La cancelaci\u00f3n de cualquier servicio\/s de renovaci\u00f3n mensual debe hacerse 30 d\u00edas antes del inicio del siguiente ciclo de facturaci\u00f3n.<\/p>\n<p class=\"p2\">-Si las cancelaciones se realizan despu\u00e9s del inicio del nuevo ciclo de facturaci\u00f3n, se te facturar\u00e1 a prorrata el siguiente ciclo de facturaci\u00f3n.<\/p>\n<p class=\"p2\">-Todo importe reembolsado se abonar\u00e1 en tu cuenta del modo de pago inicial en un plazo de 45 d\u00edas desde la cancelaci\u00f3n del servicio.<\/p>\n<p class=\"p1\"><strong>6. CAMBIO DE USO<\/strong><\/p>\n<p class=\"p2\">Nos reservamos todos los derechos:<\/p>\n<p class=\"p2\">6.1 cambiar o eliminar (temporal o permanentemente) el Sitio Web o cualquier parte del mismo sin previo aviso.<\/p>\n<p class=\"p2\">6.2 cambiar estos T\u00e9rminos y Condiciones o partes de los mismos en cualquier momento, y tu uso continuado del Sitio Web tras dichos cambios se considerar\u00e1 legalmente como tu aceptaci\u00f3n de dichos cambios.<\/p>\n<p class=\"p2\"><strong>7. ENLACES A SITIOS WEB DE TERCEROS<\/strong><\/p>\n<p class=\"p2\">The Room Marketing puede incluir enlaces a sitios web de terceros que son controlados y mantenidos por otros. Cualquier enlace a otros sitios web no supone la aprobaci\u00f3n de los mismos y usted reconoce y acepta que no somos responsables de su contenido o disponibilidad.<\/p>\n<p class=\"p2\"><strong>8. COPYRIGHT<\/strong><\/p>\n<p class=\"p2\">8.1 The Room Marketing y\/o sus licenciantes poseen todos los derechos sobre la propiedad intelectual y el material contenido en este Sitio Web. En cualquier caso, si encuentra alguna violaci\u00f3n de la ley de derechos de autor o si el contenido es suyo y no ha dado permiso para utilizarlo. Consulte nuestra Pol\u00edtica DMCA.<\/p>\n<p class=\"p2\">8.2 Al acceder al Sitio Web, aceptas que acceder\u00e1s al contenido \u00fanicamente para tu uso personal y no comercial. Queda prohibido descargar, copiar, reproducir, transmitir, almacenar, vender o distribuir cualquier parte del contenido sin nuestro consentimiento previo por escrito. Esto excluye la descarga, copia y\/o impresi\u00f3n de p\u00e1ginas del Sitio Web para uso dom\u00e9stico personal y no comercial.<\/p>\n<p class=\"p2\"><strong>9. RENUNCIAS Y LIMITACI\u00d3N DE RESPONSABILIDAD<\/strong><\/p>\n<p class=\"p2\">9.1 El Sitio Web se proporciona TAL CUAL y SEG\u00daN DISPONIBILIDAD, sin garant\u00edas de ning\u00fan tipo, ya sean expresas o indirectas, incluidas, entre otras, las garant\u00edas oblicuas de calidad satisfactoria, idoneidad para un fin determinado, derechos de autor, compatibilidad, seguridad y exactitud.<\/p>\n<p class=\"p2\">9.2 The Room Marketing o sus empleados no podr\u00e1n ser considerados responsables de ninguna p\u00e9rdida o da\u00f1o indirecto o sustancial (incluyendo, sin limitaci\u00f3n, la p\u00e9rdida de negocios, oportunidades, datos, beneficios, lesiones personales, muerte) que surja de o est\u00e9 relacionado con el uso del Sitio Web.<\/p>\n<p class=\"p2\">9.3 Seguimos las \u00faltimas tecnolog\u00edas, pero no garantizamos que la funcionalidad del Sitio Web sea ininterrumpida o est\u00e9 libre de errores.<\/p>\n<p class=\"p2\"><strong>10. INDEMNIDAD<\/strong><\/p>\n<p class=\"p2\">Por la presente, usted acepta eximir a The Room Marketing y a sus empleados y agentes de toda responsabilidad, honorarios legales, da\u00f1os, p\u00e9rdidas, costes y otros gastos en relaci\u00f3n con cualquier reclamaci\u00f3n o acci\u00f3n interpuesta contra The Room Marketing derivada de cualquier infracci\u00f3n por su parte de estos T\u00e9rminos y condiciones u otras responsabilidades derivadas de su uso de este Sitio web.<\/p>\n<p class=\"p2\"><strong>11. SEVERANCE<\/strong><\/p>\n<p class=\"p2\">En caso de que alguna o algunas de las cl\u00e1usulas mencionadas en este documento de T\u00e9rminos y Condiciones se consideren inv\u00e1lidas o incompatibles o ejecutables, dichas cl\u00e1usulas quedar\u00e1n excluidas y los t\u00e9rminos y cl\u00e1usulas restantes se aplicar\u00e1n en la medida en que lo permita la ley.<\/p>\n<p class=\"p2\"><strong>12. VARIACI\u00d3N DE LOS T\u00c9RMINOS<\/strong><\/p>\n<p class=\"p2\">The Room Marketing se reserva el derecho de cambiar\/modificar estos t\u00e9rminos en cualquier momento sin previo aviso. La fecha que figura al pie se actualizar\u00e1 y tambi\u00e9n se le podr\u00e1 informar por correo electr\u00f3nico. Sin embargo, es su responsabilidad estar al tanto de las actualizaciones, por lo que debe consultar peri\u00f3dicamente esta p\u00e1gina para comprobar si hay alguna.<\/p>\n<p class=\"p2\"><strong>13. LEY APLICABLE<\/strong><\/p>\n<p class=\"p2\">Estos T\u00e9rminos y Condiciones se regir\u00e1n y anotar\u00e1n de acuerdo con la ley de Florida, EE.UU. y por la presente se someten a la jurisdicci\u00f3n exclusiva de los tribunales de EE.UU.. Para m\u00e1s informaci\u00f3n, env\u00ede un correo electr\u00f3nico a info@theroommarketing.com<\/p>\n<p class=\"p2\">Este documento se actualiz\u00f3 por \u00faltima vez el 1 de octubre de 2021.<\/p>\n\t\t\t\t\t\t\t\t<\/div>\n\t\t\t\t<\/div>\n\t\t\t\t\t<\/div>\n\t\t\t\t<\/div>\n\t\t\t\t<\/div>\n\t\t","protected":false},"excerpt":{"rendered":"<p>CONDICIONES GENERALES 1. ACEPTACI\u00d3N DEL USO DE LOS T\u00c9RMINOS Y CONDICIONES Tu acceso y uso de The Room Marketing est\u00e1n sujetos exclusivamente a estos T\u00e9rminos y Condiciones. No utilizar\u00e1 el Sitio Web para fines ilegales o prohibidos. Al utilizar el Sitio Web, usted se compromete a aceptar plenamente todas las cl\u00e1usulas presentes en este documento. [&hellip;]<\/p>\n","protected":false},"author":1,"featured_media":0,"parent":0,"menu_order":0,"comment_status":"closed","ping_status":"closed","template":"","meta":{"site-sidebar-layout":"no-sidebar","site-content-layout":"page-builder","ast-site-content-layout":"full-width-container","site-content-style":"default","site-sidebar-style":"default","ast-global-header-display":"","ast-banner-title-visibility":"","ast-main-header-display":"","ast-hfb-above-header-display":"","ast-hfb-below-header-display":"","ast-hfb-mobile-header-display":"","site-post-title":"disabled","ast-breadcrumbs-content":"","ast-featured-img":"disabled","footer-sml-layout":"","ast-disable-related-posts":"","theme-transparent-header-meta":"","adv-header-id-meta":"","stick-header-meta":"","header-above-stick-meta":"","header-main-stick-meta":"","header-below-stick-meta":"","astra-migrate-meta-layouts":"default","ast-page-background-enabled":"default","ast-page-background-meta":{"desktop":{"background-color":"var(--ast-global-color-4)","background-image":"","background-repeat":"repeat","background-position":"center center","background-size":"auto","background-attachment":"scroll","background-type":"","background-media":"","overlay-type":"","overlay-color":"","overlay-opacity":"","overlay-gradient":""},"tablet":{"background-color":"","background-image":"","background-repeat":"repeat","background-position":"center center","background-size":"auto","background-attachment":"scroll","background-type":"","background-media":"","overlay-type":"","overlay-color":"","overlay-opacity":"","overlay-gradient":""},"mobile":{"background-color":"","background-image":"","background-repeat":"repeat","background-position":"center center","background-size":"auto","background-attachment":"scroll","background-type":"","background-media":"","overlay-type":"","overlay-color":"","overlay-opacity":"","overlay-gradient":""}},"ast-content-background-meta":{"desktop":{"background-color":"var(--ast-global-color-5)","background-image":"","background-repeat":"repeat","background-position":"center center","background-size":"auto","background-attachment":"scroll","background-type":"","background-media":"","overlay-type":"","overlay-color":"","overlay-opacity":"","overlay-gradient":""},"tablet":{"background-color":"var(--ast-global-color-5)","background-image":"","background-repeat":"repeat","background-position":"center center","background-size":"auto","background-attachment":"scroll","background-type":"","background-media":"","overlay-type":"","overlay-color":"","overlay-opacity":"","overlay-gradient":""},"mobile":{"background-color":"var(--ast-global-color-5)","background-image":"","background-repeat":"repeat","background-position":"center center","background-size":"auto","background-attachment":"scroll","background-type":"","background-media":"","overlay-type":"","overlay-color":"","overlay-opacity":"","overlay-gradient":""}},"footnotes":""},"class_list":["post-20960","page","type-page","status-publish","hentry"],"_links":{"self":[{"href":"https:\/\/theroommarketing.com\/es\/wp-json\/wp\/v2\/pages\/20960","targetHints":{"allow":["GET"]}}],"collection":[{"href":"https:\/\/theroommarketing.com\/es\/wp-json\/wp\/v2\/pages"}],"about":[{"href":"https:\/\/theroommarketing.com\/es\/wp-json\/wp\/v2\/types\/page"}],"author":[{"embeddable":true,"href":"https:\/\/theroommarketing.com\/es\/wp-json\/wp\/v2\/users\/1"}],"replies":[{"embeddable":true,"href":"https:\/\/theroommarketing.com\/es\/wp-json\/wp\/v2\/comments?post=20960"}],"version-history":[{"count":1,"href":"https:\/\/theroommarketing.com\/es\/wp-json\/wp\/v2\/pages\/20960\/revisions"}],"predecessor-version":[{"id":20961,"href":"https:\/\/theroommarketing.com\/es\/wp-json\/wp\/v2\/pages\/20960\/revisions\/20961"}],"wp:attachment":[{"href":"https:\/\/theroommarketing.com\/es\/wp-json\/wp\/v2\/media?parent=20960"}],"curies":[{"name":"wp","href":"https:\/\/api.w.org\/{rel}","templated":true}]}}