{"id":20964,"date":"2024-10-19T09:16:12","date_gmt":"2024-10-19T09:16:12","guid":{"rendered":"https:\/\/theroommarketing.com\/1-mejor-tampa-seo\/investigacion-y-optimizacion-de-palabras-clave-en-tampa\/"},"modified":"2024-12-03T22:29:05","modified_gmt":"2024-12-03T22:29:05","slug":"investigacion-y-optimizacion-de-palabras-clave-en-tampa","status":"publish","type":"page","link":"https:\/\/theroommarketing.com\/es\/1-mejor-tampa-seo\/investigacion-y-optimizacion-de-palabras-clave-en-tampa\/","title":{"rendered":"Investigaci\u00f3n y optimizaci\u00f3n de palabras clave en Tampa"},"content":{"rendered":"\t\t<div data-elementor-type=\"wp-page\" data-elementor-id=\"20964\" class=\"elementor elementor-20964 elementor-20408\" data-elementor-post-type=\"page\">\n\t\t\t\t<div class=\"elementor-element elementor-element-4a01e43f e-flex e-con-boxed e-con e-parent\" data-id=\"4a01e43f\" data-element_type=\"container\" data-e-type=\"container\" data-settings=\"{&quot;background_background&quot;:&quot;classic&quot;}\">\n\t\t\t\t\t<div class=\"e-con-inner\">\n\t\t<div class=\"elementor-element elementor-element-7a37b2cf e-con-full e-flex e-con e-child\" data-id=\"7a37b2cf\" data-element_type=\"container\" data-e-type=\"container\" data-settings=\"{&quot;background_background&quot;:&quot;classic&quot;}\">\n\t\t\t\t<div class=\"elementor-element elementor-element-e07953d elementor-align-center elementor-widget elementor-widget-breadcrumbs\" data-id=\"e07953d\" data-element_type=\"widget\" data-e-type=\"widget\" data-widget_type=\"breadcrumbs.default\">\n\t\t\t\t<div class=\"elementor-widget-container\">\n\t\t\t\t\t<nav aria-label=\"breadcrumbs\" class=\"rank-math-breadcrumb\"><p><span class=\"last\">Home<\/span><\/p><\/nav>\t\t\t\t<\/div>\n\t\t\t\t<\/div>\n\t\t\t\t<div class=\"elementor-element elementor-element-7b8e43bf elementor-widget elementor-widget-heading\" data-id=\"7b8e43bf\" data-element_type=\"widget\" data-e-type=\"widget\" data-widget_type=\"heading.default\">\n\t\t\t\t<div class=\"elementor-widget-container\">\n\t\t\t\t\t<h1 class=\"elementor-heading-title elementor-size-default\">Investigaci\u00f3n y optimizaci\u00f3n de palabras clave<\/h1>\t\t\t\t<\/div>\n\t\t\t\t<\/div>\n\t\t\t\t<div class=\"elementor-element elementor-element-48aeb763 elementor-widget elementor-widget-heading\" data-id=\"48aeb763\" data-element_type=\"widget\" data-e-type=\"widget\" data-widget_type=\"heading.default\">\n\t\t\t\t<div class=\"elementor-widget-container\">\n\t\t\t\t\t<h2 class=\"elementor-heading-title elementor-size-default\">Obt\u00e9n resultados con nuestras estrategias SEO probadas en Tampa\n<\/h2>\t\t\t\t<\/div>\n\t\t\t\t<\/div>\n\t\t<div class=\"elementor-element elementor-element-36d3d7ff e-con-full e-flex e-con e-child\" data-id=\"36d3d7ff\" data-element_type=\"container\" data-e-type=\"container\">\n\t\t\t\t<div class=\"elementor-element elementor-element-72b989d0 elementor-align-center elementor-widget elementor-widget-button\" data-id=\"72b989d0\" data-element_type=\"widget\" data-e-type=\"widget\" data-widget_type=\"button.default\">\n\t\t\t\t<div class=\"elementor-widget-container\">\n\t\t\t\t\t\t\t\t\t<div class=\"elementor-button-wrapper\">\n\t\t\t\t\t<a class=\"elementor-button elementor-button-link elementor-size-sm\" href=\"tel:+18134382222\">\n\t\t\t\t\t\t<span class=\"elementor-button-content-wrapper\">\n\t\t\t\t\t\t\t\t\t<span class=\"elementor-button-text\">Llama ahora 813-438-2222<\/span>\n\t\t\t\t\t<\/span>\n\t\t\t\t\t<\/a>\n\t\t\t\t<\/div>\n\t\t\t\t\t\t\t\t<\/div>\n\t\t\t\t<\/div>\n\t\t\t\t<\/div>\n\t\t<div class=\"elementor-element elementor-element-6a747a39 e-con-full e-flex e-con e-child\" data-id=\"6a747a39\" data-element_type=\"container\" data-e-type=\"container\">\n\t\t\t\t<div class=\"elementor-element elementor-element-6c88bfd9 elementor-widget elementor-widget-image\" data-id=\"6c88bfd9\" data-element_type=\"widget\" data-e-type=\"widget\" data-widget_type=\"image.default\">\n\t\t\t\t<div class=\"elementor-widget-container\">\n\t\t\t\t\t\t\t\t\t\t\t\t\t\t\t\t<a href=\"https:\/\/www.google.com\/localservices\/prolist?g2lbs=AOHF13kCV4HpJA0c_jFhVXx57lNbq2jt5l2Ue-VUuAFxUR07xW4Bu0H7GVxe0WdrtMQ1KR5PWFw0ArtkX5O6U7QQlZwJZmv0pQ%3D%3D&#038;hl=es-419&#038;gl=pr&#038;ssta=1&#038;q=tampa%20seo&#038;oq=tampa%20seo&#038;slp=MgBSAggCYACSAakCCgsvZy8xdGQ0OHJ6NQoNL2cvMTFjbXQ5MnF4cwoML2cvMWhoanJjdnA5Cg0vZy8xMXZtMGdjc2NkCg0vZy8xMWpfMXg2bjFsCg0vZy8xMWNuNXJfcTd6Cg0vZy8xMWMxcDdxeDJfCg0vZy8xMWI3aGp4NWtwCg0vZy8xMXZybHZ3OGhkCg0vZy8xMWo2NWJyMl9kCg0vZy8xMWo0d3o1ZGt5Cg0vZy8xMWtxbXJ3ZnprCg0vZy8xMWI2X24zZDBqCg0vZy8xMWcxZ240OHYwCg0vZy8xMWdmajZsY2wwCg0vZy8xMWZ4djRocDFwCg0vZy8xMWJ3bDNteXk5Cg0vZy8xMWdfeWMxYjhmCg0vZy8xMWY4OWdnZDF0Cg0vZy8xMWI2aHQzZjB5mgEGCgIXGRAA&#038;src=2&#038;serdesk=1&#038;sa=X&#038;ved=2ahUKEwiI1sLlyoCJAxXbTDABHTo7LmkQjGp6BAgnEAE&#038;scp=Ch9nY2lkOmludGVybmV0X21hcmtldGluZ19zZXJ2aWNlElkSEgnh0bmzgrfCiBFjtJaviRNfpxoSCZWOClcSNd2IEQzzGt8qITrbIhdUYW1wYSwgRmxvcmlkYSwgRUUuIFVVLioUDZaclBAVeMq8zh1doMoQJd8o-M4wABoDc2VvIgl0YW1wYSBzZW8qIlNlcnZpY2lvIGRlIG1hcmtldGluZyBwb3IgSW50ZXJuZXQ%3D&#038;spp=Cg0vZy8xMWo0d3o1ZGt5OoQBV2cwUUFTSUpkR0Z0Y0dFZ2MyVnZxZ0ZQQ2drdmJTOHdNVGx4WWw4S0NDOXRMekJ1TVhKcUVBRXFCeUlEYzJWdktBNHlIaEFCSWhwYVZucEoxbjYta3U2TmJpNWxqSFJPSGowWEJYeXc1VVNHaWpJTkVBSWlDWFJoYlhCaElITmxidz09#ts=3\" target=\"_blank\" rel=\"noopener\">\n\t\t\t\t\t\t\t<img decoding=\"async\" width=\"280\" height=\"60\" src=\"https:\/\/theroommarketing.com\/wp-content\/uploads\/2024\/10\/Customer-Review-Highlights.webp\" class=\"attachment-large size-large wp-image-19108\" alt=\"Customer Review Highlights\" title=\"Digital Marketing\">\t\t\t\t\t\t\t\t<\/a>\n\t\t\t\t\t\t\t\t\t\t\t\t\t\t\t<\/div>\n\t\t\t\t<\/div>\n\t\t\t\t<div class=\"elementor-element elementor-element-689af0ad elementor-widget elementor-widget-rating\" data-id=\"689af0ad\" data-element_type=\"widget\" data-e-type=\"widget\" data-widget_type=\"rating.default\">\n\t\t\t\t<div class=\"elementor-widget-container\">\n\t\t\t\t\t\t\t<div class=\"e-rating\" itemtype=\"https:\/\/schema.org\/Rating\" itemscope=\"\" itemprop=\"reviewRating\">\n\t\t\t<meta itemprop=\"worstRating\" content=\"0\">\n\t\t\t<meta itemprop=\"bestRating\" content=\"5\">\n\t\t\t<div class=\"e-rating-wrapper\" itemprop=\"ratingValue\" content=\"5\" role=\"img\" aria-label=\"Valorado con 5 de 5\">\n\t\t\t\t\t\t\t<div class=\"e-icon\">\n\t\t\t\t<div class=\"e-icon-wrapper e-icon-marked\">\n\t\t\t\t\t<svg aria-hidden=\"true\" class=\"e-font-icon-svg e-eicon-star\" viewBox=\"0 0 1000 1000\" xmlns=\"http:\/\/www.w3.org\/2000\/svg\"><path d=\"M450 75L338 312 88 350C46 354 25 417 58 450L238 633 196 896C188 942 238 975 275 954L500 837 725 954C767 975 813 942 804 896L763 633 942 450C975 417 954 358 913 350L663 312 550 75C529 33 471 33 450 75Z\"><\/path><\/svg>\t\t\t\t<\/div>\n\t\t\t\t<div class=\"e-icon-wrapper e-icon-unmarked\">\n\t\t\t\t\t<svg aria-hidden=\"true\" class=\"e-font-icon-svg e-eicon-star\" viewBox=\"0 0 1000 1000\" xmlns=\"http:\/\/www.w3.org\/2000\/svg\"><path d=\"M450 75L338 312 88 350C46 354 25 417 58 450L238 633 196 896C188 942 238 975 275 954L500 837 725 954C767 975 813 942 804 896L763 633 942 450C975 417 954 358 913 350L663 312 550 75C529 33 471 33 450 75Z\"><\/path><\/svg>\t\t\t\t<\/div>\n\t\t\t<\/div>\n\t\t\t\t\t\t<div class=\"e-icon\">\n\t\t\t\t<div class=\"e-icon-wrapper e-icon-marked\">\n\t\t\t\t\t<svg aria-hidden=\"true\" class=\"e-font-icon-svg e-eicon-star\" viewBox=\"0 0 1000 1000\" xmlns=\"http:\/\/www.w3.org\/2000\/svg\"><path d=\"M450 75L338 312 88 350C46 354 25 417 58 450L238 633 196 896C188 942 238 975 275 954L500 837 725 954C767 975 813 942 804 896L763 633 942 450C975 417 954 358 913 350L663 312 550 75C529 33 471 33 450 75Z\"><\/path><\/svg>\t\t\t\t<\/div>\n\t\t\t\t<div class=\"e-icon-wrapper e-icon-unmarked\">\n\t\t\t\t\t<svg aria-hidden=\"true\" class=\"e-font-icon-svg e-eicon-star\" viewBox=\"0 0 1000 1000\" xmlns=\"http:\/\/www.w3.org\/2000\/svg\"><path d=\"M450 75L338 312 88 350C46 354 25 417 58 450L238 633 196 896C188 942 238 975 275 954L500 837 725 954C767 975 813 942 804 896L763 633 942 450C975 417 954 358 913 350L663 312 550 75C529 33 471 33 450 75Z\"><\/path><\/svg>\t\t\t\t<\/div>\n\t\t\t<\/div>\n\t\t\t\t\t\t<div class=\"e-icon\">\n\t\t\t\t<div class=\"e-icon-wrapper e-icon-marked\">\n\t\t\t\t\t<svg aria-hidden=\"true\" class=\"e-font-icon-svg e-eicon-star\" viewBox=\"0 0 1000 1000\" xmlns=\"http:\/\/www.w3.org\/2000\/svg\"><path d=\"M450 75L338 312 88 350C46 354 25 417 58 450L238 633 196 896C188 942 238 975 275 954L500 837 725 954C767 975 813 942 804 896L763 633 942 450C975 417 954 358 913 350L663 312 550 75C529 33 471 33 450 75Z\"><\/path><\/svg>\t\t\t\t<\/div>\n\t\t\t\t<div class=\"e-icon-wrapper e-icon-unmarked\">\n\t\t\t\t\t<svg aria-hidden=\"true\" class=\"e-font-icon-svg e-eicon-star\" viewBox=\"0 0 1000 1000\" xmlns=\"http:\/\/www.w3.org\/2000\/svg\"><path d=\"M450 75L338 312 88 350C46 354 25 417 58 450L238 633 196 896C188 942 238 975 275 954L500 837 725 954C767 975 813 942 804 896L763 633 942 450C975 417 954 358 913 350L663 312 550 75C529 33 471 33 450 75Z\"><\/path><\/svg>\t\t\t\t<\/div>\n\t\t\t<\/div>\n\t\t\t\t\t\t<div class=\"e-icon\">\n\t\t\t\t<div class=\"e-icon-wrapper e-icon-marked\">\n\t\t\t\t\t<svg aria-hidden=\"true\" class=\"e-font-icon-svg e-eicon-star\" viewBox=\"0 0 1000 1000\" xmlns=\"http:\/\/www.w3.org\/2000\/svg\"><path d=\"M450 75L338 312 88 350C46 354 25 417 58 450L238 633 196 896C188 942 238 975 275 954L500 837 725 954C767 975 813 942 804 896L763 633 942 450C975 417 954 358 913 350L663 312 550 75C529 33 471 33 450 75Z\"><\/path><\/svg>\t\t\t\t<\/div>\n\t\t\t\t<div class=\"e-icon-wrapper e-icon-unmarked\">\n\t\t\t\t\t<svg aria-hidden=\"true\" class=\"e-font-icon-svg e-eicon-star\" viewBox=\"0 0 1000 1000\" xmlns=\"http:\/\/www.w3.org\/2000\/svg\"><path d=\"M450 75L338 312 88 350C46 354 25 417 58 450L238 633 196 896C188 942 238 975 275 954L500 837 725 954C767 975 813 942 804 896L763 633 942 450C975 417 954 358 913 350L663 312 550 75C529 33 471 33 450 75Z\"><\/path><\/svg>\t\t\t\t<\/div>\n\t\t\t<\/div>\n\t\t\t\t\t\t<div class=\"e-icon\">\n\t\t\t\t<div class=\"e-icon-wrapper e-icon-marked\">\n\t\t\t\t\t<svg aria-hidden=\"true\" class=\"e-font-icon-svg e-eicon-star\" viewBox=\"0 0 1000 1000\" xmlns=\"http:\/\/www.w3.org\/2000\/svg\"><path d=\"M450 75L338 312 88 350C46 354 25 417 58 450L238 633 196 896C188 942 238 975 275 954L500 837 725 954C767 975 813 942 804 896L763 633 942 450C975 417 954 358 913 350L663 312 550 75C529 33 471 33 450 75Z\"><\/path><\/svg>\t\t\t\t<\/div>\n\t\t\t\t<div class=\"e-icon-wrapper e-icon-unmarked\">\n\t\t\t\t\t<svg aria-hidden=\"true\" class=\"e-font-icon-svg e-eicon-star\" viewBox=\"0 0 1000 1000\" xmlns=\"http:\/\/www.w3.org\/2000\/svg\"><path d=\"M450 75L338 312 88 350C46 354 25 417 58 450L238 633 196 896C188 942 238 975 275 954L500 837 725 954C767 975 813 942 804 896L763 633 942 450C975 417 954 358 913 350L663 312 550 75C529 33 471 33 450 75Z\"><\/path><\/svg>\t\t\t\t<\/div>\n\t\t\t<\/div>\n\t\t\t\t\t\t<\/div>\n\t\t<\/div>\n\t\t\t\t\t\t<\/div>\n\t\t\t\t<\/div>\n\t\t\t\t<div class=\"elementor-element elementor-element-4c20d9a6 elementor-widget elementor-widget-heading\" data-id=\"4c20d9a6\" data-element_type=\"widget\" data-e-type=\"widget\" data-widget_type=\"heading.default\">\n\t\t\t\t<div class=\"elementor-widget-container\">\n\t\t\t\t\t<h2 class=\"elementor-heading-title elementor-size-default\"><a href=\"https:\/\/www.google.com\/localservices\/prolist?g2lbs=AOHF13kCV4HpJA0c_jFhVXx57lNbq2jt5l2Ue-VUuAFxUR07xW4Bu0H7GVxe0WdrtMQ1KR5PWFw0ArtkX5O6U7QQlZwJZmv0pQ%3D%3D&#038;hl=es-419&#038;gl=pr&#038;ssta=1&#038;q=tampa%20seo&#038;oq=tampa%20seo&#038;slp=MgBSAggCYACSAakCCgsvZy8xdGQ0OHJ6NQoNL2cvMTFjbXQ5MnF4cwoML2cvMWhoanJjdnA5Cg0vZy8xMXZtMGdjc2NkCg0vZy8xMWpfMXg2bjFsCg0vZy8xMWNuNXJfcTd6Cg0vZy8xMWMxcDdxeDJfCg0vZy8xMWI3aGp4NWtwCg0vZy8xMXZybHZ3OGhkCg0vZy8xMWo2NWJyMl9kCg0vZy8xMWo0d3o1ZGt5Cg0vZy8xMWtxbXJ3ZnprCg0vZy8xMWI2X24zZDBqCg0vZy8xMWcxZ240OHYwCg0vZy8xMWdmajZsY2wwCg0vZy8xMWZ4djRocDFwCg0vZy8xMWJ3bDNteXk5Cg0vZy8xMWdfeWMxYjhmCg0vZy8xMWY4OWdnZDF0Cg0vZy8xMWI2aHQzZjB5mgEGCgIXGRAA&#038;src=2&#038;serdesk=1&#038;sa=X&#038;ved=2ahUKEwiI1sLlyoCJAxXbTDABHTo7LmkQjGp6BAgnEAE&#038;scp=Ch9nY2lkOmludGVybmV0X21hcmtldGluZ19zZXJ2aWNlElkSEgnh0bmzgrfCiBFjtJaviRNfpxoSCZWOClcSNd2IEQzzGt8qITrbIhdUYW1wYSwgRmxvcmlkYSwgRUUuIFVVLioUDZaclBAVeMq8zh1doMoQJd8o-M4wABoDc2VvIgl0YW1wYSBzZW8qIlNlcnZpY2lvIGRlIG1hcmtldGluZyBwb3IgSW50ZXJuZXQ%3D&#038;spp=Cg0vZy8xMWo0d3o1ZGt5OoQBV2cwUUFTSUpkR0Z0Y0dFZ2MyVnZxZ0ZQQ2drdmJTOHdNVGx4WWw4S0NDOXRMekJ1TVhKcUVBRXFCeUlEYzJWdktBNHlIaEFCSWhwYVZucEoxbjYta3U2TmJpNWxqSFJPSGowWEJYeXc1VVNHaWpJTkVBSWlDWFJoYlhCaElITmxidz09#ts=3\" target=\"_blank\" rel=\"noopener\">5.0 De 52 Comentarios<\/a><\/h2>\t\t\t\t<\/div>\n\t\t\t\t<\/div>\n\t\t\t\t<\/div>\n\t\t\t\t<\/div>\n\t\t\t\t\t<\/div>\n\t\t\t\t<\/div>\n\t\t<div class=\"elementor-element elementor-element-4a1c4fd5 e-flex e-con-boxed e-con e-parent\" data-id=\"4a1c4fd5\" data-element_type=\"container\" data-e-type=\"container\">\n\t\t\t\t\t<div class=\"e-con-inner\">\n\t\t\t\t<div class=\"elementor-element elementor-element-34462193 elementor-widget elementor-widget-heading\" data-id=\"34462193\" data-element_type=\"widget\" data-e-type=\"widget\" data-widget_type=\"heading.default\">\n\t\t\t\t<div class=\"elementor-widget-container\">\n\t\t\t\t\t<h2 class=\"elementor-heading-title elementor-size-default\">La clave para liberar el potencial de tu sitio web<\/h2>\t\t\t\t<\/div>\n\t\t\t\t<\/div>\n\t\t\t\t<div class=\"elementor-element elementor-element-751abda3 elementor-widget elementor-widget-text-editor\" data-id=\"751abda3\" data-element_type=\"widget\" data-e-type=\"widget\" data-widget_type=\"text-editor.default\">\n\t\t\t\t<div class=\"elementor-widget-container\">\n\t\t\t\t\t\t\t\t\t<p>\u00bfTe sientes abrumado por la complejidad del <a href=\"https:\/\/theroommarketing.com\/es\/1-mejor-tampa-seo\/\">SEO<\/a>? \u00bfNo est\u00e1s seguro de si te est\u00e1s centrando en las palabras clave adecuadas para atraer a tus clientes ideales? Entendemos lo crucial que es acertar con tu estrategia, y estamos aqu\u00ed para ayudarte a superar estos retos con precisi\u00f3n y experiencia.  <\/p>\n\t\t\t\t\t\t\t\t<\/div>\n\t\t\t\t<\/div>\n\t\t\t\t<div class=\"elementor-element elementor-element-82f0093 elementor-widget elementor-widget-text-editor\" data-id=\"82f0093\" data-element_type=\"widget\" data-e-type=\"widget\" data-widget_type=\"text-editor.default\">\n\t\t\t\t<div class=\"elementor-widget-container\">\n\t\t\t\t\t\t\t\t\t<h2><strong>Por qu\u00e9 necesitas la investigaci\u00f3n y optimizaci\u00f3n de palabras clave<\/strong><\/h2>\n<p><strong>1. Confusi\u00f3n sobre las palabras clave adecuadas<\/strong> Muchos empresarios se sienten inseguros sobre las palabras clave a las que deben dirigirse. \u00bfTe preocupa que los t\u00e9rminos que utilizas sean demasiado competitivos o irrelevantes para tu p\u00fablico? Nuestro servicio de <strong>Investigaci\u00f3n y Optimizaci\u00f3n de Palabras Clave<\/strong> identificar\u00e1 las palabras clave exactas que buscan tus clientes potenciales, ayud\u00e1ndote a atraer a los visitantes adecuados que est\u00e1n listos para comprometerse.  <\/p>\n<p><strong>2. Ansiedad por el escaso tr\u00e1fico<\/strong> \u00bfTu sitio web no atrae el tr\u00e1fico que esperabas? Esto puede ser frustrante, sobre todo cuando los visitantes que recibes no convierten. Nuestro enfoque garantiza que tu contenido est\u00e9 alineado con la intenci\u00f3n que subyace a las consultas de b\u00fasqueda, aumentando las posibilidades de convertir esos clics en ventas o clientes potenciales.  <\/p>\n<p><strong>3. Frustraci\u00f3n por los pobres resultados del SEO<\/strong> Si has intentado optimizar el SEO de tu sitio web por tu cuenta, pero no est\u00e1s viendo resultados tangibles, es natural que te sientas frustrado. En lugar de perder m\u00e1s tiempo y recursos en estrategias ineficaces, deja que nuestro equipo realice un an\u00e1lisis exhaustivo. Te proporcionaremos un plan espec\u00edfico para conseguir mejores posiciones y mejoras cuantificables.  <\/p>\n<p><strong>4. Inseguridad respecto a tus competidores<\/strong> Es duro ver c\u00f3mo los competidores se posicionan mejor mientras tu sitio lucha por hacerse notar. Puede que sientas que no puedes competir, especialmente con un presupuesto de marketing limitado. Con nuestra experta investigaci\u00f3n de palabras clave, descubriremos oportunidades para que superes a tu competencia, incluso en un sector saturado.  <\/p>\n<p><strong>5. Falta de claridad en tu estrategia<\/strong> SEO El SEO puede parecer un juego de adivinanzas si no tienes una hoja de ruta clara. \u00bfNo est\u00e1s seguro de c\u00f3mo encajan las palabras clave en el panorama general? Nuestro equipo elaborar\u00e1 una estrategia a medida que muestre claramente c\u00f3mo integrar las palabras clave m\u00e1s eficaces en tu contenido, para que cada esfuerzo contribuya a tus objetivos de SEO.  <\/p>\n<p><strong>6. Miedo a perder oportunidades de<\/strong> negocio \u00bfTu sitio web no aparece en los resultados de b\u00fasqueda de tus productos o servicios m\u00e1s importantes? Esto puede hacer que pierdas oportunidades y ventas. Con nuestro proceso de optimizaci\u00f3n de palabras clave, nos aseguraremos de que tu sitio sea visible cuando m\u00e1s importa: captando clientes potenciales y convirti\u00e9ndolos en clientes fieles.  <\/p>\n<p><strong>7. Esperanza de aumentar las conversiones<\/strong> Encontrar las palabras clave adecuadas no es s\u00f3lo cuesti\u00f3n de tr\u00e1fico, sino de convertir ese tr\u00e1fico en acci\u00f3n. Ya sea rellenar un formulario, realizar una compra o reservar un servicio, nuestra investigaci\u00f3n de palabras clave se centrar\u00e1 en t\u00e9rminos que gu\u00eden a los visitantes a dar el siguiente paso contigo. <\/p>\n<p><strong>8. Buscar orientaci\u00f3n profesional<\/strong> Muchos empresarios se sienten inseguros a la hora de abordar la investigaci\u00f3n de palabras clave por su cuenta. Es f\u00e1cil cometer errores que podr\u00edan costarte tiempo y dinero valiosos. Nuestro equipo tiene la experiencia y las herramientas necesarias para identificar las palabras clave m\u00e1s rentables para tu negocio, para que puedas optimizar con confianza.  <\/p>\n<p><strong>9.<\/strong> El mundo del SEO se mueve deprisa, y es posible que sientas la urgencia de mejorar tus <strong>posiciones<\/strong> en las b\u00fasquedas antes de que tus competidores te adelanten demasiado. Nuestra exhaustiva investigaci\u00f3n de palabras clave identificar\u00e1 oportunidades de ganancia r\u00e1pida para mejorar el retorno de la inversi\u00f3n, al tiempo que se centra en el \u00e9xito a largo plazo. <\/p>\n\t\t\t\t\t\t\t\t<\/div>\n\t\t\t\t<\/div>\n\t\t\t\t\t<\/div>\n\t\t\t\t<\/div>\n\t\t<div class=\"elementor-element elementor-element-474c681 e-flex e-con-boxed e-con e-parent\" data-id=\"474c681\" data-element_type=\"container\" data-e-type=\"container\" data-settings=\"{&quot;background_background&quot;:&quot;classic&quot;}\">\n\t\t\t\t\t<div class=\"e-con-inner\">\n\t\t\t\t<div class=\"elementor-element elementor-element-6250d166 elementor-widget elementor-widget-heading\" data-id=\"6250d166\" data-element_type=\"widget\" data-e-type=\"widget\" data-widget_type=\"heading.default\">\n\t\t\t\t<div class=\"elementor-widget-container\">\n\t\t\t\t\t<h2 class=\"elementor-heading-title elementor-size-default\">Consigue ayuda experta para tu estrategia de palabras clave<\/h2>\t\t\t\t<\/div>\n\t\t\t\t<\/div>\n\t\t\t\t<div class=\"elementor-element elementor-element-465c8352 elementor-widget elementor-widget-heading\" data-id=\"465c8352\" data-element_type=\"widget\" data-e-type=\"widget\" data-widget_type=\"heading.default\">\n\t\t\t\t<div class=\"elementor-widget-container\">\n\t\t\t\t\t<h2 class=\"elementor-heading-title elementor-size-default\">Arreglemos tus problemas de SEO y hagamos que tu sitio web funcione como debe.<\/h2>\t\t\t\t<\/div>\n\t\t\t\t<\/div>\n\t\t\t\t<div class=\"elementor-element elementor-element-2ecc7b04 elementor-widget elementor-widget-heading\" data-id=\"2ecc7b04\" data-element_type=\"widget\" data-e-type=\"widget\" data-widget_type=\"heading.default\">\n\t\t\t\t<div class=\"elementor-widget-container\">\n\t\t\t\t\t<h2 class=\"elementor-heading-title elementor-size-default\">No dejes el \u00e9xito de tu sitio web al azar. Tanto si est\u00e1s empezando como si necesitas mejorar una estrategia ya existente, nuestro servicio de Investigaci\u00f3n y Optimizaci\u00f3n de Palabras Clave est\u00e1 dise\u00f1ado para obtener resultados. Deja que te ayudemos a dirigir tr\u00e1fico cualificado y a convertir visitantes en clientes.  <\/h2>\t\t\t\t<\/div>\n\t\t\t\t<\/div>\n\t\t\t\t<div class=\"elementor-element elementor-element-45c7c98c elementor-align-center elementor-widget elementor-widget-button\" data-id=\"45c7c98c\" data-element_type=\"widget\" data-e-type=\"widget\" data-widget_type=\"button.default\">\n\t\t\t\t<div class=\"elementor-widget-container\">\n\t\t\t\t\t\t\t\t\t<div class=\"elementor-button-wrapper\">\n\t\t\t\t\t<a class=\"elementor-button elementor-button-link elementor-size-sm\" href=\"https:\/\/theroommarketing.com\/es\/pongase-en-contacto-con-nosotros\/\">\n\t\t\t\t\t\t<span class=\"elementor-button-content-wrapper\">\n\t\t\t\t\t\t\t\t\t<span class=\"elementor-button-text\">Haz clic aqu\u00ed para una consulta gratuita<\/span>\n\t\t\t\t\t<\/span>\n\t\t\t\t\t<\/a>\n\t\t\t\t<\/div>\n\t\t\t\t\t\t\t\t<\/div>\n\t\t\t\t<\/div>\n\t\t\t\t\t<\/div>\n\t\t\t\t<\/div>\n\t\t\t\t<\/div>\n\t\t","protected":false},"excerpt":{"rendered":"<p>Home Investigaci\u00f3n y optimizaci\u00f3n de palabras clave Obt\u00e9n resultados con nuestras estrategias SEO probadas en Tampa Llama ahora 813-438-2222 5.0 De 52 Comentarios La clave para liberar el potencial de tu sitio web \u00bfTe sientes abrumado por la complejidad del SEO? \u00bfNo est\u00e1s seguro de si te est\u00e1s centrando en las palabras clave adecuadas para [&hellip;]<\/p>\n","protected":false},"author":4,"featured_media":0,"parent":15154,"menu_order":0,"comment_status":"closed","ping_status":"closed","template":"","meta":{"site-sidebar-layout":"no-sidebar","site-content-layout":"page-builder","ast-site-content-layout":"full-width-container","site-content-style":"default","site-sidebar-style":"default","ast-global-header-display":"","ast-banner-title-visibility":"","ast-main-header-display":"","ast-hfb-above-header-display":"","ast-hfb-below-header-display":"","ast-hfb-mobile-header-display":"","site-post-title":"disabled","ast-breadcrumbs-content":"","ast-featured-img":"disabled","footer-sml-layout":"","ast-disable-related-posts":"","theme-transparent-header-meta":"","adv-header-id-meta":"","stick-header-meta":"","header-above-stick-meta":"","header-main-stick-meta":"","header-below-stick-meta":"","astra-migrate-meta-layouts":"set","ast-page-background-enabled":"default","ast-page-background-meta":{"desktop":{"background-color":"var(--ast-global-color-4)","background-image":"","background-repeat":"repeat","background-position":"center center","background-size":"auto","background-attachment":"scroll","background-type":"","background-media":"","overlay-type":"","overlay-color":"","overlay-opacity":"","overlay-gradient":""},"tablet":{"background-color":"","background-image":"","background-repeat":"repeat","background-position":"center center","background-size":"auto","background-attachment":"scroll","background-type":"","background-media":"","overlay-type":"","overlay-color":"","overlay-opacity":"","overlay-gradient":""},"mobile":{"background-color":"","background-image":"","background-repeat":"repeat","background-position":"center center","background-size":"auto","background-attachment":"scroll","background-type":"","background-media":"","overlay-type":"","overlay-color":"","overlay-opacity":"","overlay-gradient":""}},"ast-content-background-meta":{"desktop":{"background-color":"var(--ast-global-color-5)","background-image":"","background-repeat":"repeat","background-position":"center center","background-size":"auto","background-attachment":"scroll","background-type":"","background-media":"","overlay-type":"","overlay-color":"","overlay-opacity":"","overlay-gradient":""},"tablet":{"background-color":"var(--ast-global-color-5)","background-image":"","background-repeat":"repeat","background-position":"center center","background-size":"auto","background-attachment":"scroll","background-type":"","background-media":"","overlay-type":"","overlay-color":"","overlay-opacity":"","overlay-gradient":""},"mobile":{"background-color":"var(--ast-global-color-5)","background-image":"","background-repeat":"repeat","background-position":"center center","background-size":"auto","background-attachment":"scroll","background-type":"","background-media":"","overlay-type":"","overlay-color":"","overlay-opacity":"","overlay-gradient":""}},"footnotes":""},"class_list":["post-20964","page","type-page","status-publish","hentry"],"_links":{"self":[{"href":"https:\/\/theroommarketing.com\/es\/wp-json\/wp\/v2\/pages\/20964","targetHints":{"allow":["GET"]}}],"collection":[{"href":"https:\/\/theroommarketing.com\/es\/wp-json\/wp\/v2\/pages"}],"about":[{"href":"https:\/\/theroommarketing.com\/es\/wp-json\/wp\/v2\/types\/page"}],"author":[{"embeddable":true,"href":"https:\/\/theroommarketing.com\/es\/wp-json\/wp\/v2\/users\/4"}],"replies":[{"embeddable":true,"href":"https:\/\/theroommarketing.com\/es\/wp-json\/wp\/v2\/comments?post=20964"}],"version-history":[{"count":3,"href":"https:\/\/theroommarketing.com\/es\/wp-json\/wp\/v2\/pages\/20964\/revisions"}],"predecessor-version":[{"id":21912,"href":"https:\/\/theroommarketing.com\/es\/wp-json\/wp\/v2\/pages\/20964\/revisions\/21912"}],"up":[{"embeddable":true,"href":"https:\/\/theroommarketing.com\/es\/wp-json\/wp\/v2\/pages\/15154"}],"wp:attachment":[{"href":"https:\/\/theroommarketing.com\/es\/wp-json\/wp\/v2\/media?parent=20964"}],"curies":[{"name":"wp","href":"https:\/\/api.w.org\/{rel}","templated":true}]}}